{"id":46458,"date":"2025-04-07T08:58:36","date_gmt":"2025-04-07T06:58:36","guid":{"rendered":"https:\/\/confiserie-adam.fr\/boutique\/produit\/fritures-praline-chocolat-au-lait-2\/"},"modified":"2026-04-13T10:06:11","modified_gmt":"2026-04-13T08:06:11","slug":"fritures-praline-chocolat-au-lait","status":"publish","type":"product","link":"https:\/\/confiserie-adam.fr\/boutique\/produit\/fritures-praline-chocolat-au-lait\/","title":{"rendered":"Fritures pralin\u00e9 &#8211; chocolat au lait"},"content":{"rendered":"<p>Friture chocolat au lait fourr\u00e9 pralin\u00e9 noisette<\/p>\n<p>&nbsp;<\/p>\n<p><strong>Confiserie Adam<\/strong><\/p>\n<p>Entreprise familiale qui a \u00e0 c\u0153ur ses clients. Vous offrir \u00e0 la fois le go\u00fbt, le plaisir gustatif et la qualit\u00e9.<\/p>\n<ul>\n<li>Fabrication fran\u00e7aise depuis 1912<\/li>\n<li>Entreprise du Patrimoine Vivant<\/li>\n<li>Ingr\u00e9dients de qualit\u00e9<\/li>\n<\/ul>\n<p>&nbsp;<\/p>\n<p><strong>Conseils de conservation<\/strong><\/p>\n<p>\u00c0 conserver \u00e0 l\u2019abri de la lumi\u00e8re et de l\u2019humidit\u00e9, dans un endroit frais et sec.<\/p>\n<p>&nbsp;<\/p>\n<p><strong><u>Ce produit contient<\/u><\/strong><\/p>\n<p>Pralin\u00e9 aux noisettes &#8211; Ingr\u00e9dients : sucre, NOISETTES 12.41%,\u00a0 graisses v\u00e9g\u00e9tales (noix de coco, palme), p\u00e2te de cacao,LAIT entier en poudre, beurre de cacao, dextrose, LAIT maigre en poudre, ar\u00f4me naturel de vanille, \u00e9mulsifiant : l\u00e9cithine de SOJA<\/p>\n<p>Peut contenir : \u0153uf, gluten<\/p>\n<p>&nbsp;<\/p>\n","protected":false},"excerpt":{"rendered":"<p>Chocolat au lait fourr\u00e9 pralin\u00e9 noisette<\/p>\n","protected":false},"featured_media":54978,"comment_status":"open","ping_status":"closed","template":"","meta":[],"product_cat":[48,657,659],"product_tag":[],"_links":{"self":[{"href":"https:\/\/confiserie-adam.fr\/boutique\/wp-json\/wp\/v2\/product\/46458"}],"collection":[{"href":"https:\/\/confiserie-adam.fr\/boutique\/wp-json\/wp\/v2\/product"}],"about":[{"href":"https:\/\/confiserie-adam.fr\/boutique\/wp-json\/wp\/v2\/types\/product"}],"replies":[{"embeddable":true,"href":"https:\/\/confiserie-adam.fr\/boutique\/wp-json\/wp\/v2\/comments?post=46458"}],"wp:featuredmedia":[{"embeddable":true,"href":"https:\/\/confiserie-adam.fr\/boutique\/wp-json\/wp\/v2\/media\/54978"}],"wp:attachment":[{"href":"https:\/\/confiserie-adam.fr\/boutique\/wp-json\/wp\/v2\/media?parent=46458"}],"wp:term":[{"taxonomy":"product_cat","embeddable":true,"href":"https:\/\/confiserie-adam.fr\/boutique\/wp-json\/wp\/v2\/product_cat?post=46458"},{"taxonomy":"product_tag","embeddable":true,"href":"https:\/\/confiserie-adam.fr\/boutique\/wp-json\/wp\/v2\/product_tag?post=46458"}],"curies":[{"name":"wp","href":"https:\/\/api.w.org\/{rel}","templated":true}]}}