{"id":46456,"date":"2025-04-07T08:56:30","date_gmt":"2025-04-07T06:56:30","guid":{"rendered":"https:\/\/confiserie-adam.fr\/boutique\/produit\/lievre-et-brebis-chocolat-au-lait\/"},"modified":"2026-04-23T18:50:05","modified_gmt":"2026-04-23T16:50:05","slug":"lievre-et-brebis-chocolat-au-lait","status":"publish","type":"product","link":"https:\/\/confiserie-adam.fr\/boutique\/produit\/lievre-et-brebis-chocolat-au-lait\/","title":{"rendered":"Li\u00e8vre et brebis &#8211; chocolat au lait"},"content":{"rendered":"<p>Moulage lapin et brebis chocolat au lait &#8211; H 16 cm<\/p>\n<p>&nbsp;<\/p>\n<p><strong>Confiserie Adam<\/strong><\/p>\n<p>Entreprise familiale qui a \u00e0 c\u0153ur ses clients. Vous offrir \u00e0 la fois le go\u00fbt, le plaisir gustatif et la qualit\u00e9.<\/p>\n<ul>\n<li>Fabrication fran\u00e7aise depuis 1912<\/li>\n<li>Entreprise du Patrimoine Vivant<\/li>\n<li>Ingr\u00e9dients de qualit\u00e9<\/li>\n<\/ul>\n<p>&nbsp;<\/p>\n<p><strong>Conseils de conservation<\/strong><\/p>\n<p>\u00c0 conserver \u00e0 l\u2019abri de la lumi\u00e8re et de l\u2019humidit\u00e9, dans un endroit frais et sec.<\/p>\n<p>&nbsp;<\/p>\n<p><strong><u>Ce produit contient<\/u><\/strong><\/p>\n<p>Moulage au chocolat au lait d\u00e9cor chocolat blanc avec des \u0153ufs en coque de sucre avec un int\u00e9rieur liquide<\/p>\n<p>Moulage &#8211; Ingr\u00e9dients : sucre, LAIT entier en poudre, beurre de cacao, masse de cacao, lactos\u00e9rum en poudre (LAIT), \u00e9mulsifiants (l\u00e9cithine de SOJA, E476), ar\u00f4me naturel de vanille.<\/p>\n<p>\u0152ufs en sucre &#8211; Ingr\u00e9dients : sucre, eau, sirop de glucose, maltodextrine, ar\u00f4mes, colorants (E100, E120, E141, E160a), agent d&#8217;enrobage (cire d&#8217;abeille blanche et jaune, graisse v\u00e9g\u00e9tale de palme), \u00e9paississant : agar-agar.<\/p>\n<p>Chocolat au lait : cacao 30% minimum<\/p>\n<p>Chocolat blanc : cacao 29% minimum<\/p>\n<p>Peut contenir : fruits \u00e0 coque, arachides, \u0153uf, gluten<\/p>\n<p>Chocolat fabriqu\u00e9 en UE &#8211; F\u00e8ves de cacao origine non-UE &#8211; Sucre fabriqu\u00e9 en UE &#8211; Betterave origine UE<\/p>\n<p>&nbsp;<\/p>\n","protected":false},"excerpt":{"rendered":"<p>Chocolat au lait<\/p>\n","protected":false},"featured_media":46475,"comment_status":"open","ping_status":"closed","template":"","meta":[],"product_cat":[48,654],"product_tag":[],"_links":{"self":[{"href":"https:\/\/confiserie-adam.fr\/boutique\/wp-json\/wp\/v2\/product\/46456"}],"collection":[{"href":"https:\/\/confiserie-adam.fr\/boutique\/wp-json\/wp\/v2\/product"}],"about":[{"href":"https:\/\/confiserie-adam.fr\/boutique\/wp-json\/wp\/v2\/types\/product"}],"replies":[{"embeddable":true,"href":"https:\/\/confiserie-adam.fr\/boutique\/wp-json\/wp\/v2\/comments?post=46456"}],"wp:featuredmedia":[{"embeddable":true,"href":"https:\/\/confiserie-adam.fr\/boutique\/wp-json\/wp\/v2\/media\/46475"}],"wp:attachment":[{"href":"https:\/\/confiserie-adam.fr\/boutique\/wp-json\/wp\/v2\/media?parent=46456"}],"wp:term":[{"taxonomy":"product_cat","embeddable":true,"href":"https:\/\/confiserie-adam.fr\/boutique\/wp-json\/wp\/v2\/product_cat?post=46456"},{"taxonomy":"product_tag","embeddable":true,"href":"https:\/\/confiserie-adam.fr\/boutique\/wp-json\/wp\/v2\/product_tag?post=46456"}],"curies":[{"name":"wp","href":"https:\/\/api.w.org\/{rel}","templated":true}]}}