{"id":46455,"date":"2025-04-07T08:56:06","date_gmt":"2025-04-07T06:56:06","guid":{"rendered":"https:\/\/confiserie-adam.fr\/boutique\/produit\/oeufs-fourres-praline\/"},"modified":"2026-04-13T09:53:39","modified_gmt":"2026-04-13T07:53:39","slug":"mini-oeufs-fourres-praline","status":"publish","type":"product","link":"https:\/\/confiserie-adam.fr\/boutique\/produit\/mini-oeufs-fourres-praline\/","title":{"rendered":"Mini oeufs fourr\u00e9s pralin\u00e9"},"content":{"rendered":"<p>Mini \u0153ufs pralin\u00e9 assortiment : chocolat blanc pralin\u00e9, chocolat noir pralin\u00e9, chocolat au lait pralin\u00e9 aux \u00e9clats de noisettes ou chocolat blanc pralin\u00e9 au riz souffl\u00e9.<\/p>\n<p>&nbsp;<\/p>\n<p><strong>Confiserie Adam<\/strong><\/p>\n<p>Entreprise familiale qui a \u00e0 c\u0153ur ses clients. Vous offrir \u00e0 la fois le go\u00fbt, le plaisir gustatif et la qualit\u00e9.<\/p>\n<ul>\n<li>Fabrication fran\u00e7aise depuis 1912<\/li>\n<li>Entreprise du Patrimoine Vivant<\/li>\n<li>Ingr\u00e9dients de qualit\u00e9<\/li>\n<\/ul>\n<p>&nbsp;<\/p>\n<p><strong>Conseils de conservation<\/strong><\/p>\n<p>\u00c0 conserver \u00e0 l\u2019abri de la lumi\u00e8re et de l\u2019humidit\u00e9, dans un endroit frais et sec.<\/p>\n<p>&nbsp;<\/p>\n<p><strong><u>Ce produit contient<\/u><\/strong><\/p>\n<p>Assortiment d&#8217;\u0153ufs, chocolat blanc pralin\u00e9, chocolat noir pralin\u00e9, chocolat au lait pralin\u00e9 aux \u00e9clats de noisettes ou chocolat blanc pralin\u00e9 au riz souffl\u00e9.<\/p>\n<p>Ingr\u00e9dients : sucre, NOISETTES 19%, beurre de cacao (origine non-UE), LAIT entier en poudre, masse de cacao, farine de riz, mati\u00e8res grasses laiti\u00e8res, \u00e9mulsifiant : l\u00e9cithine, sel, ar\u00f4me.<\/p>\n<p>Peut contenir : gluten, fruits \u00e0 coque, \u0153uf, soja<\/p>\n<p>Chocolat blanc : cacao 25.5% minimum<\/p>\n<p>Chocolat au lait : cacao 30.9% minimum<\/p>\n<p>Chocolat noir : cacao 51% minimum<\/p>\n","protected":false},"excerpt":{"rendered":"<p>Un assortiment de mini \u0153ufs au pralin\u00e9.<\/p>\n","protected":false},"featured_media":54185,"comment_status":"open","ping_status":"closed","template":"","meta":[],"product_cat":[48,657,659],"product_tag":[],"_links":{"self":[{"href":"https:\/\/confiserie-adam.fr\/boutique\/wp-json\/wp\/v2\/product\/46455"}],"collection":[{"href":"https:\/\/confiserie-adam.fr\/boutique\/wp-json\/wp\/v2\/product"}],"about":[{"href":"https:\/\/confiserie-adam.fr\/boutique\/wp-json\/wp\/v2\/types\/product"}],"replies":[{"embeddable":true,"href":"https:\/\/confiserie-adam.fr\/boutique\/wp-json\/wp\/v2\/comments?post=46455"}],"wp:featuredmedia":[{"embeddable":true,"href":"https:\/\/confiserie-adam.fr\/boutique\/wp-json\/wp\/v2\/media\/54185"}],"wp:attachment":[{"href":"https:\/\/confiserie-adam.fr\/boutique\/wp-json\/wp\/v2\/media?parent=46455"}],"wp:term":[{"taxonomy":"product_cat","embeddable":true,"href":"https:\/\/confiserie-adam.fr\/boutique\/wp-json\/wp\/v2\/product_cat?post=46455"},{"taxonomy":"product_tag","embeddable":true,"href":"https:\/\/confiserie-adam.fr\/boutique\/wp-json\/wp\/v2\/product_tag?post=46455"}],"curies":[{"name":"wp","href":"https:\/\/api.w.org\/{rel}","templated":true}]}}