{"id":46454,"date":"2025-04-07T08:56:00","date_gmt":"2025-04-07T06:56:00","guid":{"rendered":"https:\/\/confiserie-adam.fr\/boutique\/produit\/oeufs-creme-damande\/"},"modified":"2026-04-04T11:03:16","modified_gmt":"2026-04-04T09:03:16","slug":"oeufs-creme-damande","status":"publish","type":"product","link":"https:\/\/confiserie-adam.fr\/boutique\/produit\/oeufs-creme-damande\/","title":{"rendered":"Oeufs cr\u00e8me d&#8217;Amande"},"content":{"rendered":"<p>\u0152ufs fourr\u00e9s cr\u00e8me d&#8217;amandes.<\/p>\n<p>&nbsp;<\/p>\n<p><strong>Confiserie Adam<\/strong><\/p>\n<p>Entreprise familiale qui a \u00e0 c\u0153ur ses clients. Vous offrir \u00e0 la fois le go\u00fbt, le plaisir gustatif et la qualit\u00e9.<\/p>\n<ul>\n<li>Fabrication fran\u00e7aise depuis 1912<\/li>\n<li>Entreprise du Patrimoine Vivant<\/li>\n<li>Ingr\u00e9dients de qualit\u00e9<\/li>\n<\/ul>\n<p>&nbsp;<\/p>\n<p><strong>Conseils de conservation<\/strong><\/p>\n<p>\u00c0 conserver \u00e0 l\u2019abri de la lumi\u00e8re et de l\u2019humidit\u00e9, dans un endroit frais et sec.<\/p>\n<p>&nbsp;<\/p>\n<p><strong><u>Ce produit contient<\/u><\/strong><\/p>\n<p>Bonbons de chocolat fourr\u00e9s \u00e0 la cr\u00e8me d&#8217;amandes, drag\u00e9ifi\u00e9s.<\/p>\n<p>Ingr\u00e9dients : sucre, masse de cacao, beurre de cacao, pure p\u00e2te d&#8217;AMANDES 5%, cr\u00e8me de nougat noir (AMANDES, sirop de glucose, sucre, miel, pain azyme (f\u00e9cule de pomme de terre, eau, huile v\u00e9g\u00e9tale : olive), ar\u00f4me naturel de vanille), poudre de LAIT entier, AMANDES, NOISETTES, agents d&#8217;enrobage (gomme arabique, shellac), amidons, beurre p\u00e2tissier (LAIT), \u00e9mulsifiant : l\u00e9cithines (SOJA), sirop de glucose, ar\u00f4mes, stabilisant : acide citrique, colorants : E100, E141, E163.<\/p>\n<p>Peut contenir des traces d&#8217;\u0153ufs, d&#8217;arachides, de gluten, de graines de s\u00e9same et d&#8217;autres fruits \u00e0 coque.<\/p>\n","protected":false},"excerpt":{"rendered":"<p>\u0152ufs chocolat fourr\u00e9s \u00e0 la cr\u00e8me d&#8217;amandes.<\/p>\n","protected":false},"featured_media":46473,"comment_status":"open","ping_status":"closed","template":"","meta":[],"product_cat":[48,657,659],"product_tag":[],"_links":{"self":[{"href":"https:\/\/confiserie-adam.fr\/boutique\/wp-json\/wp\/v2\/product\/46454"}],"collection":[{"href":"https:\/\/confiserie-adam.fr\/boutique\/wp-json\/wp\/v2\/product"}],"about":[{"href":"https:\/\/confiserie-adam.fr\/boutique\/wp-json\/wp\/v2\/types\/product"}],"replies":[{"embeddable":true,"href":"https:\/\/confiserie-adam.fr\/boutique\/wp-json\/wp\/v2\/comments?post=46454"}],"wp:featuredmedia":[{"embeddable":true,"href":"https:\/\/confiserie-adam.fr\/boutique\/wp-json\/wp\/v2\/media\/46473"}],"wp:attachment":[{"href":"https:\/\/confiserie-adam.fr\/boutique\/wp-json\/wp\/v2\/media?parent=46454"}],"wp:term":[{"taxonomy":"product_cat","embeddable":true,"href":"https:\/\/confiserie-adam.fr\/boutique\/wp-json\/wp\/v2\/product_cat?post=46454"},{"taxonomy":"product_tag","embeddable":true,"href":"https:\/\/confiserie-adam.fr\/boutique\/wp-json\/wp\/v2\/product_tag?post=46454"}],"curies":[{"name":"wp","href":"https:\/\/api.w.org\/{rel}","templated":true}]}}