{"id":464,"date":"2020-02-24T23:42:53","date_gmt":"2020-02-24T22:42:53","guid":{"rendered":"https:\/\/confiserie-adam.fr\/boutique\/produit\/tablette-chocolat-noir-eclats-damandes-bio\/"},"modified":"2026-04-04T11:03:42","modified_gmt":"2026-04-04T09:03:42","slug":"tablette-chocolat-noir-eclats-damandes-bio","status":"publish","type":"product","link":"https:\/\/confiserie-adam.fr\/boutique\/produit\/tablette-chocolat-noir-eclats-damandes-bio\/","title":{"rendered":"Tablette chocolat noir \u00e9clats d&#8217;amandes Bio"},"content":{"rendered":"<p>Tablette de chocolat noir aux \u00e9clats d&#8217;amandes Bio.<\/p>\n<p>&nbsp;<\/p>\n<p><strong>Ingr\u00e9dients principaux :<\/strong><\/p>\n<ul>\n<li>Chocolat noir 74% de qualit\u00e9 sup\u00e9rieure<\/li>\n<li>Amandes de Sicile<\/li>\n<\/ul>\n<p>&nbsp;<\/p>\n<p><strong>La certification Agriculture Biologique <\/strong><\/p>\n<p>Les gourmandises Confiserie Adam sont certifi\u00e9es agriculture biologique.<\/p>\n<p>Nous s\u00e9lectionnons avec soin nos mati\u00e8res premi\u00e8res pour vous offrir le meilleur<\/p>\n<p>&nbsp;<\/p>\n<p><strong>Confiserie Adam<\/strong><\/p>\n<p>Entreprise familiale qui a \u00e0 c\u0153ur ses clients. Vous offrir \u00e0 la fois le go\u00fbt, le plaisir gustatif et la qualit\u00e9.<\/p>\n<ul>\n<li>Fabrication fran\u00e7aise depuis 1912<\/li>\n<li>Entreprise du Patrimoine Vivant<\/li>\n<li>Ingr\u00e9dients de qualit\u00e9<\/li>\n<\/ul>\n<p>&nbsp;<\/p>\n<p><strong>Conseils de conservation<\/strong><\/p>\n<p>A conserver \u00e0 l\u2019abri de la lumi\u00e8re et de l\u2019humidit\u00e9, dans un endroit frais et sec.<\/p>\n<p>&nbsp;<\/p>\n<p><strong><u>Ce produit contient <\/u><\/strong><\/p>\n<p>Certifi\u00e9 par FR-BIO-01<\/p>\n<p>Ingr\u00e9dients : Chocolat noir* 90% (cacao 74% minimum) (Masse de cacao*, sucre*, beurre de cacao*, vanille en poudre*), AMANDES* grill\u00e9es 10%. Peut contenir d&#8217;autres fruits \u00e0 coque, gluten, oeuf, arachides, soja, lait. *Produit issu de l&#8217;agriculture biologique.<\/p>\n","protected":false},"excerpt":{"rendered":"<p>Un chocolat noir intense 74% de cacao origine R\u00e9publique Dominicaine et P\u00e9rou additionn\u00e9 \u00e0 de croquants \u00e9clats d&#8217;amandes.<\/p>\n","protected":false},"featured_media":46853,"comment_status":"open","ping_status":"closed","template":"","meta":[],"product_cat":[589,590,48,660,28,38],"product_tag":[],"_links":{"self":[{"href":"https:\/\/confiserie-adam.fr\/boutique\/wp-json\/wp\/v2\/product\/464"}],"collection":[{"href":"https:\/\/confiserie-adam.fr\/boutique\/wp-json\/wp\/v2\/product"}],"about":[{"href":"https:\/\/confiserie-adam.fr\/boutique\/wp-json\/wp\/v2\/types\/product"}],"replies":[{"embeddable":true,"href":"https:\/\/confiserie-adam.fr\/boutique\/wp-json\/wp\/v2\/comments?post=464"}],"wp:featuredmedia":[{"embeddable":true,"href":"https:\/\/confiserie-adam.fr\/boutique\/wp-json\/wp\/v2\/media\/46853"}],"wp:attachment":[{"href":"https:\/\/confiserie-adam.fr\/boutique\/wp-json\/wp\/v2\/media?parent=464"}],"wp:term":[{"taxonomy":"product_cat","embeddable":true,"href":"https:\/\/confiserie-adam.fr\/boutique\/wp-json\/wp\/v2\/product_cat?post=464"},{"taxonomy":"product_tag","embeddable":true,"href":"https:\/\/confiserie-adam.fr\/boutique\/wp-json\/wp\/v2\/product_tag?post=464"}],"curies":[{"name":"wp","href":"https:\/\/api.w.org\/{rel}","templated":true}]}}