{"id":462,"date":"2020-02-24T23:42:49","date_gmt":"2020-02-24T22:42:49","guid":{"rendered":"https:\/\/confiserie-adam.fr\/boutique\/produit\/tablette-chocolat-noir-bio\/"},"modified":"2026-04-04T16:25:05","modified_gmt":"2026-04-04T14:25:05","slug":"tablette-chocolat-noir-bio","status":"publish","type":"product","link":"https:\/\/confiserie-adam.fr\/boutique\/produit\/tablette-chocolat-noir-bio\/","title":{"rendered":"Tablette chocolat noir Bio"},"content":{"rendered":"<p>Tablette de chocolat noir Bio.<\/p>\n<p>&nbsp;<\/p>\n<p><strong>Ingr\u00e9dient principal :<\/strong><\/p>\n<ul>\n<li>Chocolat noir 74% de qualit\u00e9 sup\u00e9rieure<\/li>\n<\/ul>\n<p>&nbsp;<\/p>\n<p><strong>La certification Agriculture Biologique <\/strong><\/p>\n<p>Les gourmandises Confiserie Adam sont certifi\u00e9es agriculture biologique.<\/p>\n<p>Nous s\u00e9lectionnons avec soin nos mati\u00e8res premi\u00e8res pour vous offrir le meilleur<\/p>\n<p>&nbsp;<\/p>\n<p><strong>Confiserie Adam<\/strong><\/p>\n<p>Entreprise familiale qui a \u00e0 c\u0153ur ses clients. Vous offrir \u00e0 la fois le go\u00fbt, le plaisir gustatif et la qualit\u00e9.<\/p>\n<ul>\n<li>Fabrication fran\u00e7aise depuis 1912<\/li>\n<li>Entreprise du Patrimoine Vivant<\/li>\n<li>Ingr\u00e9dients de qualit\u00e9<\/li>\n<\/ul>\n<p>&nbsp;<\/p>\n<p><strong>Conseils de conservation<\/strong><\/p>\n<p>A conserver \u00e0 l\u2019abri de la lumi\u00e8re et de l\u2019humidit\u00e9, dans un endroit frais et sec.<\/p>\n<p>&nbsp;<\/p>\n<p><strong><u>Ce produit contient <\/u><\/strong><\/p>\n<p>Certifi\u00e9 par FR-BIO-01<\/p>\n<p>Ingr\u00e9dients : Masse de cacao*, sucre*, beurre de cacao*, vanille en poudre*. Peut contenir : fruits \u00e0 coque, gluten, oeuf, arachides, soja, lait. *Produit issu de l&#8217;agriculture biologique. &#8211; Chocolat noir : cacao 74% minimum<\/p>\n","protected":false},"excerpt":{"rendered":"<p>Un chocolat au noir intense 74% de cacao origine R\u00e9publique Dominicaine et P\u00e9rou. D\u00e9licieux !<\/p>\n","protected":false},"featured_media":634,"comment_status":"open","ping_status":"closed","template":"","meta":[],"product_cat":[589,590,48,660,28,38],"product_tag":[],"_links":{"self":[{"href":"https:\/\/confiserie-adam.fr\/boutique\/wp-json\/wp\/v2\/product\/462"}],"collection":[{"href":"https:\/\/confiserie-adam.fr\/boutique\/wp-json\/wp\/v2\/product"}],"about":[{"href":"https:\/\/confiserie-adam.fr\/boutique\/wp-json\/wp\/v2\/types\/product"}],"replies":[{"embeddable":true,"href":"https:\/\/confiserie-adam.fr\/boutique\/wp-json\/wp\/v2\/comments?post=462"}],"wp:featuredmedia":[{"embeddable":true,"href":"https:\/\/confiserie-adam.fr\/boutique\/wp-json\/wp\/v2\/media\/634"}],"wp:attachment":[{"href":"https:\/\/confiserie-adam.fr\/boutique\/wp-json\/wp\/v2\/media?parent=462"}],"wp:term":[{"taxonomy":"product_cat","embeddable":true,"href":"https:\/\/confiserie-adam.fr\/boutique\/wp-json\/wp\/v2\/product_cat?post=462"},{"taxonomy":"product_tag","embeddable":true,"href":"https:\/\/confiserie-adam.fr\/boutique\/wp-json\/wp\/v2\/product_tag?post=462"}],"curies":[{"name":"wp","href":"https:\/\/api.w.org\/{rel}","templated":true}]}}