{"id":46185,"date":"2025-04-03T09:26:22","date_gmt":"2025-04-03T07:26:22","guid":{"rendered":"https:\/\/confiserie-adam.fr\/boutique\/produit\/perles-fondantes-pistache-chocolat-blanc\/"},"modified":"2026-04-23T18:44:15","modified_gmt":"2026-04-23T16:44:15","slug":"perles-fondantes-pistache-chocolat-blanc","status":"publish","type":"product","link":"https:\/\/confiserie-adam.fr\/boutique\/produit\/perles-fondantes-pistache-chocolat-blanc\/","title":{"rendered":"Perles fondantes Pistache &#8211; chocolat blanc"},"content":{"rendered":"<p>Perles fondantes \u00e0 base de cr\u00e8me de pistache enrob\u00e9es de chocolat blanc.<\/p>\n<p>&nbsp;<\/p>\n<p><strong>Confiserie Adam<\/strong><\/p>\n<p>Entreprise familiale qui a \u00e0 c\u0153ur ses clients. Vous offrir \u00e0 la fois le go\u00fbt, le plaisir gustatif et la qualit\u00e9.<\/p>\n<ul>\n<li>Fabrication fran\u00e7aise depuis 1912<\/li>\n<li>Entreprise du Patrimoine Vivant<\/li>\n<li>Ingr\u00e9dients de qualit\u00e9<\/li>\n<\/ul>\n<p>&nbsp;<\/p>\n<p><strong>Conseils de conservation<\/strong><\/p>\n<p>\u00c0 conserver \u00e0 l\u2019abri de la lumi\u00e8re et de l\u2019humidit\u00e9, dans un endroit frais et sec.<\/p>\n<p>&nbsp;<\/p>\n<p><strong><u>Ce produit contient<\/u><\/strong><\/p>\n<p>Billes fondantes \u00e0 la cr\u00e8me de pistache (3.4%) enrob\u00e9es de chocolat blanc et d&#8217;un gla\u00e7age color\u00e9.<\/p>\n<p>Ingr\u00e9dients : sucre, beurre de cacao (origine non-UE), LAIT entier en poudre, NOISETTE, beurre de karit\u00e9, sirop de glucose, PISTACHE 3,4%, AMANDE, sirop de sucre inverti, ar\u00f4me naturel de vanille, ar\u00f4me pistache, vanilline, huile d&#8217;ARACHIDE, agents d&#8217;enrobage (shellac, gomme d&#8217;acacia), \u00e9mulsifiants (l\u00e9cithine de SOJA et tournesol), sel de Gu\u00e9rande IGP, \u00e9paississant : carragh\u00e9nane, stabilisant : sorbitol, conservateur : acide sorbique, amidon de ma\u00efs, sucre inverti, colorant : complexes cuivriques de chlorophylles<\/p>\n<p>Chocolat blanc : cacao 29% minimum<\/p>\n<p>Peut contenir : autres fruits \u00e0 coque, oeuf, gluten, s\u00e9same<\/p>\n","protected":false},"excerpt":{"rendered":"<p>Billes fondantes \u00e0 base de cr\u00e8me de pistache.<\/p>\n","protected":false},"featured_media":46198,"comment_status":"open","ping_status":"closed","template":"","meta":[],"product_cat":[29,44],"product_tag":[],"_links":{"self":[{"href":"https:\/\/confiserie-adam.fr\/boutique\/wp-json\/wp\/v2\/product\/46185"}],"collection":[{"href":"https:\/\/confiserie-adam.fr\/boutique\/wp-json\/wp\/v2\/product"}],"about":[{"href":"https:\/\/confiserie-adam.fr\/boutique\/wp-json\/wp\/v2\/types\/product"}],"replies":[{"embeddable":true,"href":"https:\/\/confiserie-adam.fr\/boutique\/wp-json\/wp\/v2\/comments?post=46185"}],"wp:featuredmedia":[{"embeddable":true,"href":"https:\/\/confiserie-adam.fr\/boutique\/wp-json\/wp\/v2\/media\/46198"}],"wp:attachment":[{"href":"https:\/\/confiserie-adam.fr\/boutique\/wp-json\/wp\/v2\/media?parent=46185"}],"wp:term":[{"taxonomy":"product_cat","embeddable":true,"href":"https:\/\/confiserie-adam.fr\/boutique\/wp-json\/wp\/v2\/product_cat?post=46185"},{"taxonomy":"product_tag","embeddable":true,"href":"https:\/\/confiserie-adam.fr\/boutique\/wp-json\/wp\/v2\/product_tag?post=46185"}],"curies":[{"name":"wp","href":"https:\/\/api.w.org\/{rel}","templated":true}]}}