{"id":45931,"date":"2025-03-31T08:31:16","date_gmt":"2025-03-31T06:31:16","guid":{"rendered":"https:\/\/confiserie-adam.fr\/boutique\/produit\/pot-lapin-bonbon-moelleux\/"},"modified":"2026-04-23T18:51:02","modified_gmt":"2026-04-23T16:51:02","slug":"pot-lapin-bonbon-moelleux","status":"publish","type":"product","link":"https:\/\/confiserie-adam.fr\/boutique\/produit\/pot-lapin-bonbon-moelleux\/","title":{"rendered":"Pot lapin &#8211; bonbon moelleux"},"content":{"rendered":"<p>Pot en verre avec un couvercle d\u00e9cor\u00e9 d&#8217;un lapin (figure au-dessus du pot al\u00e9atoire)<\/p>\n<p>Contient des \u0153ufs moelleux g\u00e9lifi\u00e9s aromatis\u00e9s fruits.<\/p>\n<p>&nbsp;<\/p>\n<p><strong>Confiserie Adam<\/strong><\/p>\n<p>Entreprise familiale qui a \u00e0 c\u0153ur ses clients. Vous offrir \u00e0 la fois le go\u00fbt, le plaisir gustatif et la qualit\u00e9.<\/p>\n<ul>\n<li>Fabrication fran\u00e7aise depuis 1912<\/li>\n<li>Entreprise du Patrimoine Vivant<\/li>\n<li>Ingr\u00e9dients de qualit\u00e9<\/li>\n<\/ul>\n<p>&nbsp;<\/p>\n<p><strong>Conseils de conservation<\/strong><\/p>\n<p>\u00c0 conserver \u00e0 l\u2019abri de la lumi\u00e8re et de l\u2019humidit\u00e9, dans un endroit frais et sec.<\/p>\n<p>&nbsp;<\/p>\n<p><strong><u>Ce produit contient<\/u><\/strong><\/p>\n<p><strong>G\u00e9lifi\u00e9s drag\u00e9ifi\u00e9s de forme ovale ; de couleurs et saveurs assorties<\/strong>.<\/p>\n<p>Ingr\u00e9dients\u00a0: Sucre (betterave origine UE), sirop de glucose, amidon modifi\u00e9 de pomme de terre, acidifiant : acide citrique, correcteur d\u2019acidit\u00e9 : citrates de sodium, ar\u00f4mes, agents d\u2019enrobage (shellac, cire d\u2019abeille blanche et jaune, cire de carnauba, huile d\u2019olive), colorants (E100, E120, E133, E160a, E160c, E162). Peut contenir : fruits \u00e0 coque, gluten, arachides, \u0153uf, lait, soja.<\/p>\n","protected":false},"excerpt":{"rendered":"<p>Petits \u0153ufs moelleux aromatis\u00e9s fruits.<\/p>\n","protected":false},"featured_media":45944,"comment_status":"open","ping_status":"closed","template":"","meta":[],"product_cat":[48,658,659],"product_tag":[],"_links":{"self":[{"href":"https:\/\/confiserie-adam.fr\/boutique\/wp-json\/wp\/v2\/product\/45931"}],"collection":[{"href":"https:\/\/confiserie-adam.fr\/boutique\/wp-json\/wp\/v2\/product"}],"about":[{"href":"https:\/\/confiserie-adam.fr\/boutique\/wp-json\/wp\/v2\/types\/product"}],"replies":[{"embeddable":true,"href":"https:\/\/confiserie-adam.fr\/boutique\/wp-json\/wp\/v2\/comments?post=45931"}],"wp:featuredmedia":[{"embeddable":true,"href":"https:\/\/confiserie-adam.fr\/boutique\/wp-json\/wp\/v2\/media\/45944"}],"wp:attachment":[{"href":"https:\/\/confiserie-adam.fr\/boutique\/wp-json\/wp\/v2\/media?parent=45931"}],"wp:term":[{"taxonomy":"product_cat","embeddable":true,"href":"https:\/\/confiserie-adam.fr\/boutique\/wp-json\/wp\/v2\/product_cat?post=45931"},{"taxonomy":"product_tag","embeddable":true,"href":"https:\/\/confiserie-adam.fr\/boutique\/wp-json\/wp\/v2\/product_tag?post=45931"}],"curies":[{"name":"wp","href":"https:\/\/api.w.org\/{rel}","templated":true}]}}