{"id":452,"date":"2020-02-24T23:42:25","date_gmt":"2020-02-24T22:42:25","guid":{"rendered":"https:\/\/confiserie-adam.fr\/boutique\/produit\/poulette-chocolat-au-lait-bio\/"},"modified":"2026-04-04T16:25:03","modified_gmt":"2026-04-04T14:25:03","slug":"poulette-chocolat-au-lait-bio","status":"publish","type":"product","link":"https:\/\/confiserie-adam.fr\/boutique\/produit\/poulette-chocolat-au-lait-bio\/","title":{"rendered":"Poulette &#8211; Chocolat au lait Bio"},"content":{"rendered":"<p>Moulage chocolat au lait 39% Bio \u2013 Poulette \u2013 Hauteur 11cm.<\/p>\n<p>Sans colorants &amp; 100% pur beurre de cacao.<\/p>\n<p>&nbsp;<\/p>\n<p><strong>Ingr\u00e9dient principal :<\/strong><\/p>\n<ul>\n<li>Chocolat au lait 39%<\/li>\n<\/ul>\n<p>&nbsp;<\/p>\n<p><strong>La certification Agriculture Biologique<\/strong><\/p>\n<p>Les gourmandises Confiserie Adam sont certifi\u00e9es agriculture biologique.<\/p>\n<p>Nous s\u00e9lectionnons avec soin nos mati\u00e8res premi\u00e8res pour vous offrir le meilleur<\/p>\n<p>&nbsp;<\/p>\n<p><strong>Confiserie Adam<\/strong><\/p>\n<p>Entreprise familiale qui a \u00e0 c\u0153ur ses clients. Vous offrir \u00e0 la fois le go\u00fbt, le plaisir gustatif et la qualit\u00e9.<\/p>\n<ul>\n<li>Fabrication fran\u00e7aise depuis 1912<\/li>\n<li>Entreprise du Patrimoine Vivant<\/li>\n<li>Ingr\u00e9dients de qualit\u00e9<\/li>\n<\/ul>\n<p>&nbsp;<\/p>\n<p><strong>Conseils de conservation<\/strong><\/p>\n<p>A conserver \u00e0 l\u2019abri de la lumi\u00e8re et de l\u2019humidit\u00e9, dans un endroit frais et sec.<\/p>\n<p>&nbsp;<\/p>\n<p><strong><u>Ce produit contient<\/u><\/strong><\/p>\n<p><strong>Certifi\u00e9 par FR-BIO-01<\/strong>&#8211; <strong>Chocolat au LAIT(cacao 39% min) <\/strong>&#8211; Ingr\u00e9dients: Sucre*, beurre de cacao*, LAIT entier en poudre*, masse de cacao*, poudre de vanille*. Peut contenir: fruits \u00e0 coque, gluten, \u0153uf, arachides, soja. *Produit issu de l&#8217;agriculture biologique.<\/p>\n","protected":false},"excerpt":{"rendered":"<p>Un chocolat noir d\u00e9licieux et intense.<\/p>\n","protected":false},"featured_media":9884,"comment_status":"open","ping_status":"closed","template":"","meta":[],"product_cat":[48,655],"product_tag":[],"_links":{"self":[{"href":"https:\/\/confiserie-adam.fr\/boutique\/wp-json\/wp\/v2\/product\/452"}],"collection":[{"href":"https:\/\/confiserie-adam.fr\/boutique\/wp-json\/wp\/v2\/product"}],"about":[{"href":"https:\/\/confiserie-adam.fr\/boutique\/wp-json\/wp\/v2\/types\/product"}],"replies":[{"embeddable":true,"href":"https:\/\/confiserie-adam.fr\/boutique\/wp-json\/wp\/v2\/comments?post=452"}],"wp:featuredmedia":[{"embeddable":true,"href":"https:\/\/confiserie-adam.fr\/boutique\/wp-json\/wp\/v2\/media\/9884"}],"wp:attachment":[{"href":"https:\/\/confiserie-adam.fr\/boutique\/wp-json\/wp\/v2\/media?parent=452"}],"wp:term":[{"taxonomy":"product_cat","embeddable":true,"href":"https:\/\/confiserie-adam.fr\/boutique\/wp-json\/wp\/v2\/product_cat?post=452"},{"taxonomy":"product_tag","embeddable":true,"href":"https:\/\/confiserie-adam.fr\/boutique\/wp-json\/wp\/v2\/product_tag?post=452"}],"curies":[{"name":"wp","href":"https:\/\/api.w.org\/{rel}","templated":true}]}}