{"id":44801,"date":"2025-03-04T11:31:30","date_gmt":"2025-03-04T10:31:30","guid":{"rendered":"https:\/\/confiserie-adam.fr\/boutique\/produit\/mini-confetti-de-paques\/"},"modified":"2026-04-23T08:58:26","modified_gmt":"2026-04-23T06:58:26","slug":"mini-confetti-de-paques","status":"publish","type":"product","link":"https:\/\/confiserie-adam.fr\/boutique\/produit\/mini-confetti-de-paques\/","title":{"rendered":"Mini confetti de P\u00e2ques"},"content":{"rendered":"<p>Chocolat au lait sous une fine couche de sucre &#8211; forme mini confetti<\/p>\n<p>&nbsp;<\/p>\n<p><strong>Confiserie Adam<\/strong><\/p>\n<p>Entreprise familiale qui a \u00e0 c\u0153ur ses clients. Vous offrir \u00e0 la fois le go\u00fbt, le plaisir gustatif et la qualit\u00e9.<\/p>\n<ul>\n<li>Fabrication fran\u00e7aise depuis 1912<\/li>\n<li>Entreprise du Patrimoine Vivant<\/li>\n<li>Ingr\u00e9dients de qualit\u00e9<\/li>\n<\/ul>\n<p>&nbsp;<\/p>\n<p><strong>Conseils de conservation<\/strong><\/p>\n<p>\u00c0 conserver \u00e0 l\u2019abri de la lumi\u00e8re et de l\u2019humidit\u00e9, dans un endroit frais et sec.<\/p>\n<p>&nbsp;<\/p>\n<p><strong><u>Ce produit contient<\/u><\/strong><\/p>\n<p><strong>Drag\u00e9es au chocolat au lait\u00a0:<\/strong> Ingr\u00e9dients\u00a0: Sucre, chocolat au lait 44% (cacao 30% minimum) (sucre, beurre de cacao, poudre de LAIT entier, masse de cacao, \u00e9mulsifiant : l\u00e9cithine de SOJA, ar\u00f4me naturel de vanille), sucre, amidon de riz, stabilisant : gomme d\u2019acacia, sucre glace (sucre, f\u00e9cule de pomme de terre), ar\u00f4me naturel de vanille, agents d\u2019enrobage (cire d\u2019abeille blanche et jaune, cire de carnauba, shellac), colorants (E100, E133, E160a(iii)).<\/p>\n","protected":false},"excerpt":{"rendered":"<p>Chocolat au lait<\/p>\n","protected":false},"featured_media":44769,"comment_status":"open","ping_status":"closed","template":"","meta":[],"product_cat":[48,659],"product_tag":[],"_links":{"self":[{"href":"https:\/\/confiserie-adam.fr\/boutique\/wp-json\/wp\/v2\/product\/44801"}],"collection":[{"href":"https:\/\/confiserie-adam.fr\/boutique\/wp-json\/wp\/v2\/product"}],"about":[{"href":"https:\/\/confiserie-adam.fr\/boutique\/wp-json\/wp\/v2\/types\/product"}],"replies":[{"embeddable":true,"href":"https:\/\/confiserie-adam.fr\/boutique\/wp-json\/wp\/v2\/comments?post=44801"}],"wp:featuredmedia":[{"embeddable":true,"href":"https:\/\/confiserie-adam.fr\/boutique\/wp-json\/wp\/v2\/media\/44769"}],"wp:attachment":[{"href":"https:\/\/confiserie-adam.fr\/boutique\/wp-json\/wp\/v2\/media?parent=44801"}],"wp:term":[{"taxonomy":"product_cat","embeddable":true,"href":"https:\/\/confiserie-adam.fr\/boutique\/wp-json\/wp\/v2\/product_cat?post=44801"},{"taxonomy":"product_tag","embeddable":true,"href":"https:\/\/confiserie-adam.fr\/boutique\/wp-json\/wp\/v2\/product_tag?post=44801"}],"curies":[{"name":"wp","href":"https:\/\/api.w.org\/{rel}","templated":true}]}}