{"id":448,"date":"2020-02-24T23:42:15","date_gmt":"2020-02-24T22:42:15","guid":{"rendered":"https:\/\/confiserie-adam.fr\/boutique\/produit\/poissons-chocolat\/"},"modified":"2026-04-14T18:04:22","modified_gmt":"2026-04-14T16:04:22","slug":"poissons-chocolat-au-lait","status":"publish","type":"product","link":"https:\/\/confiserie-adam.fr\/boutique\/produit\/poissons-chocolat-au-lait\/","title":{"rendered":"Poissons chocolat au lait"},"content":{"rendered":"<p>Comme un poisson dans l&#8217;eau &#8211; Poissons au chocolat au lait.<\/p>\n<p>&nbsp;<\/p>\n<p><strong>Confiserie Adam<\/strong><\/p>\n<p>Entreprise familiale qui a \u00e0 c\u0153ur ses clients. Vous offrir \u00e0 la fois le go\u00fbt, le plaisir gustatif et la qualit\u00e9.<\/p>\n<ul>\n<li>Fabrication fran\u00e7aise depuis 1912<\/li>\n<li>Entreprise du Patrimoine Vivant<\/li>\n<li>Ingr\u00e9dients de qualit\u00e9<\/li>\n<\/ul>\n<p>&nbsp;<\/p>\n<p><strong>Conseils de conservation<\/strong><\/p>\n<p>A conserver \u00e0 l\u2019abri de la lumi\u00e8re et de l\u2019humidit\u00e9, dans un endroit frais et sec.<\/p>\n<p>&nbsp;<\/p>\n<p><strong><u>Ce produit contient <\/u><\/strong><\/p>\n<p>Drag\u00e9es au chocolat au lait<\/p>\n<p>Ingr\u00e9dients : Chocolat au LAIT 70% (cacao 27% minimum) (sucre, LAIT entier en poudre, beurre de cacao, masse de cacao, \u00e9mulsifiant : l\u00e9cithine de SOJA, ar\u00f4me naturel de vanille), sucre, amidon, maltodextrine, colorants :E120, E133, E153, E160a, agents d&#8217;enrobage : cire de carnauba, cire d&#8217;abeille blanche et jaune.<\/p>\n<p>Chocolat fabriqu\u00e9 en UE. F\u00e8ves de cacao origine non-UE<\/p>\n<p>Peut contenir : fruits \u00e0 coque, gluten, oeuf, arachides.<\/p>\n","protected":false},"excerpt":{"rendered":"<p>D&#8217;adorables petits poissons multicolores au chocolat au lait.<\/p>\n<p>&nbsp;<\/p>\n","protected":false},"featured_media":38471,"comment_status":"open","ping_status":"closed","template":"","meta":[],"product_cat":[48,659,30,46],"product_tag":[],"_links":{"self":[{"href":"https:\/\/confiserie-adam.fr\/boutique\/wp-json\/wp\/v2\/product\/448"}],"collection":[{"href":"https:\/\/confiserie-adam.fr\/boutique\/wp-json\/wp\/v2\/product"}],"about":[{"href":"https:\/\/confiserie-adam.fr\/boutique\/wp-json\/wp\/v2\/types\/product"}],"replies":[{"embeddable":true,"href":"https:\/\/confiserie-adam.fr\/boutique\/wp-json\/wp\/v2\/comments?post=448"}],"wp:featuredmedia":[{"embeddable":true,"href":"https:\/\/confiserie-adam.fr\/boutique\/wp-json\/wp\/v2\/media\/38471"}],"wp:attachment":[{"href":"https:\/\/confiserie-adam.fr\/boutique\/wp-json\/wp\/v2\/media?parent=448"}],"wp:term":[{"taxonomy":"product_cat","embeddable":true,"href":"https:\/\/confiserie-adam.fr\/boutique\/wp-json\/wp\/v2\/product_cat?post=448"},{"taxonomy":"product_tag","embeddable":true,"href":"https:\/\/confiserie-adam.fr\/boutique\/wp-json\/wp\/v2\/product_tag?post=448"}],"curies":[{"name":"wp","href":"https:\/\/api.w.org\/{rel}","templated":true}]}}