{"id":44746,"date":"2025-03-03T09:57:45","date_gmt":"2025-03-03T08:57:45","guid":{"rendered":"https:\/\/confiserie-adam.fr\/boutique\/produit\/pot-alsace-bonbons-mirabelle-quetsche\/"},"modified":"2026-03-29T09:14:32","modified_gmt":"2026-03-29T07:14:32","slug":"pot-alsace-bonbons-mirabelle-quetsche","status":"publish","type":"product","link":"https:\/\/confiserie-adam.fr\/boutique\/produit\/pot-alsace-bonbons-mirabelle-quetsche\/","title":{"rendered":"Pot Alsace &#8211; Bonbons mirabelle &amp; Quetsche"},"content":{"rendered":"<p>Pot en verre H 9,5 cm avec un couvercle d\u00e9cor\u00e9 Alsace.<\/p>\n<p>Contient des bonbons de pur\u00e9e de fruits saveurs mirabelle &amp; quetsche.<\/p>\n<p>&nbsp;<\/p>\n<p><strong>Confiserie Adam<\/strong><\/p>\n<p>Entreprise familiale qui a \u00e0 c\u0153ur ses clients. Vous offrir \u00e0 la fois le go\u00fbt, le plaisir gustatif et la qualit\u00e9.<\/p>\n<ul>\n<li>Fabrication fran\u00e7aise depuis 1912<\/li>\n<li>Entreprise du Patrimoine Vivant<\/li>\n<li>Ingr\u00e9dients de qualit\u00e9<\/li>\n<\/ul>\n<p>&nbsp;<\/p>\n<p><strong>Conseils de conservation<\/strong><\/p>\n<p>\u00c0 conserver \u00e0 l\u2019abri de la lumi\u00e8re et de l\u2019humidit\u00e9, dans un endroit frais et sec.<\/p>\n<p>&nbsp;<\/p>\n<p><strong><u>Ce produit contient<\/u><\/strong><\/p>\n<p>Sucre, c\u0153ur g\u00e9lifi\u00e9 39% (sucre, pulpe de pomme, sirop de glucose, pulpe d&#8217;abricot, g\u00e9lifiant : pectine, ar\u00f4me, acidifiant : E330, E334), sirop de glucose stabilisant : gomme d&#8217;acacia, amidon de riz, agents d&#8217;enrobage : E901, E903, E904, ar\u00f4mes, colorants : E100, E151. Peut contenir : gluten, \u0153uf, arachides, soja, lait, fruits \u00e0 coque.<\/p>\n","protected":false},"excerpt":{"rendered":"<p>De d\u00e9licieux petits bonbons au bon go\u00fbt de fruits.<\/p>\n","protected":false},"featured_media":44764,"comment_status":"open","ping_status":"closed","template":"","meta":[],"product_cat":[48,656,27,34],"product_tag":[],"_links":{"self":[{"href":"https:\/\/confiserie-adam.fr\/boutique\/wp-json\/wp\/v2\/product\/44746"}],"collection":[{"href":"https:\/\/confiserie-adam.fr\/boutique\/wp-json\/wp\/v2\/product"}],"about":[{"href":"https:\/\/confiserie-adam.fr\/boutique\/wp-json\/wp\/v2\/types\/product"}],"replies":[{"embeddable":true,"href":"https:\/\/confiserie-adam.fr\/boutique\/wp-json\/wp\/v2\/comments?post=44746"}],"wp:featuredmedia":[{"embeddable":true,"href":"https:\/\/confiserie-adam.fr\/boutique\/wp-json\/wp\/v2\/media\/44764"}],"wp:attachment":[{"href":"https:\/\/confiserie-adam.fr\/boutique\/wp-json\/wp\/v2\/media?parent=44746"}],"wp:term":[{"taxonomy":"product_cat","embeddable":true,"href":"https:\/\/confiserie-adam.fr\/boutique\/wp-json\/wp\/v2\/product_cat?post=44746"},{"taxonomy":"product_tag","embeddable":true,"href":"https:\/\/confiserie-adam.fr\/boutique\/wp-json\/wp\/v2\/product_tag?post=44746"}],"curies":[{"name":"wp","href":"https:\/\/api.w.org\/{rel}","templated":true}]}}