{"id":44744,"date":"2025-03-03T09:30:52","date_gmt":"2025-03-03T08:30:52","guid":{"rendered":"https:\/\/confiserie-adam.fr\/boutique\/produit\/batonnets-guimauve-chocolat-lait-eclats-noisette-caramel-2\/"},"modified":"2026-04-18T07:30:51","modified_gmt":"2026-04-18T05:30:51","slug":"batonnets-guimauve-chocolat-lait-eclats-noisette-caramel","status":"publish","type":"product","link":"https:\/\/confiserie-adam.fr\/boutique\/produit\/batonnets-guimauve-chocolat-lait-eclats-noisette-caramel\/","title":{"rendered":"B\u00e2tonnets guimauve &#8211; chocolat lait \u00e9clats noisette &amp; caramel"},"content":{"rendered":"<p>Guimauve enrob\u00e9e chocolat au lait \u00e9clats noisettes et caramel.<\/p>\n<p>&nbsp;<\/p>\n<p><strong>Confiserie Adam<\/strong><\/p>\n<p>Entreprise familiale qui a \u00e0 c\u0153ur ses clients. Vous offrir \u00e0 la fois le go\u00fbt, le plaisir gustatif et la qualit\u00e9.<\/p>\n<ul>\n<li>Fabrication fran\u00e7aise depuis 1912<\/li>\n<li>Entreprise du Patrimoine Vivant<\/li>\n<li>Ingr\u00e9dients de qualit\u00e9<\/li>\n<\/ul>\n<p>&nbsp;<\/p>\n<p><strong>Conseils de conservation<\/strong><\/p>\n<p>\u00c0 conserver \u00e0 l\u2019abri de la lumi\u00e8re et de l\u2019humidit\u00e9, dans un endroit frais et sec.<\/p>\n<p>&nbsp;<\/p>\n<p><strong><u>Ce produit contient<\/u><\/strong><\/p>\n<p><strong>Sticks de guimauve enrob\u00e9s de chocolat avec inclusions de noisettes grill\u00e9es ou d\u2019\u00e9clats de caramel. <\/strong><\/p>\n<p>Ingr\u00e9dients : chocolat 67% (sucre, graisses v\u00e9g\u00e9tales (graine de palmiste, palme), LAIT entier en poudre, beurre de cacao, masse de cacao, poudre de cacao maigre, lactos\u00e9rum en poudre (LAIT), \u00e9mulsifiants (l\u00e9cithine de SOJA et tournesol, E476, E492), ar\u00f4mes), guimauve 23% (sucre, sirop de glucose-fructose, g\u00e9latine, ar\u00f4mes), \u00e9clats de caramel aromatique au beurre sal\u00e9 et \u00e0 la cr\u00e8me 5% (sucre, sirop de glucose, beurre sal\u00e9, cr\u00e8me, eau), NOISETTE grill\u00e9e 5%.<\/p>\n","protected":false},"excerpt":{"rendered":"<p>Guimauve chocolat au lait avec inclusions (environ 14 pi\u00e8ces)<\/p>\n","protected":false},"featured_media":44770,"comment_status":"open","ping_status":"closed","template":"","meta":[],"product_cat":[637,640,589,592,48,657,29,42],"product_tag":[],"_links":{"self":[{"href":"https:\/\/confiserie-adam.fr\/boutique\/wp-json\/wp\/v2\/product\/44744"}],"collection":[{"href":"https:\/\/confiserie-adam.fr\/boutique\/wp-json\/wp\/v2\/product"}],"about":[{"href":"https:\/\/confiserie-adam.fr\/boutique\/wp-json\/wp\/v2\/types\/product"}],"replies":[{"embeddable":true,"href":"https:\/\/confiserie-adam.fr\/boutique\/wp-json\/wp\/v2\/comments?post=44744"}],"wp:featuredmedia":[{"embeddable":true,"href":"https:\/\/confiserie-adam.fr\/boutique\/wp-json\/wp\/v2\/media\/44770"}],"wp:attachment":[{"href":"https:\/\/confiserie-adam.fr\/boutique\/wp-json\/wp\/v2\/media?parent=44744"}],"wp:term":[{"taxonomy":"product_cat","embeddable":true,"href":"https:\/\/confiserie-adam.fr\/boutique\/wp-json\/wp\/v2\/product_cat?post=44744"},{"taxonomy":"product_tag","embeddable":true,"href":"https:\/\/confiserie-adam.fr\/boutique\/wp-json\/wp\/v2\/product_tag?post=44744"}],"curies":[{"name":"wp","href":"https:\/\/api.w.org\/{rel}","templated":true}]}}