{"id":44444,"date":"2025-02-19T10:02:17","date_gmt":"2025-02-19T09:02:17","guid":{"rendered":"https:\/\/confiserie-adam.fr\/boutique\/produit\/panier-surprise\/"},"modified":"2026-04-15T18:19:41","modified_gmt":"2026-04-15T16:19:41","slug":"panier-surprise-anti-gaspi","status":"publish","type":"product","link":"https:\/\/confiserie-adam.fr\/boutique\/produit\/panier-surprise-anti-gaspi\/","title":{"rendered":"Panier Surprise &#8211; Anti Gaspi"},"content":{"rendered":"<div data-olk-copy-source=\"MessageBody\">La Confiserie Adam s&#8217;engage contre le gaspillage alimentaire.<\/div>\n<div>Nos paniers surprise anti-gaspi sont constitu\u00e9s de produits invendus ou d&#8217;exc\u00e9dents de production. Le contenu est al\u00e9atoire, vous pouvez par exemple retrouver des sujets en chocolat, des bonbons, des drag\u00e9es, etc. Laissez-vous surprendre !<\/div>\n<div>Chaque panier est compos\u00e9 de produits d&#8217;une valeur minimum de 30\u20ac. Limite de 1 panier par commande.<\/div>\n<p>&nbsp;<\/p>\n<p><strong>Confiserie Adam<\/strong><\/p>\n<p>Entreprise familiale qui a \u00e0 c\u0153ur ses clients. Vous offrir \u00e0 la fois le go\u00fbt, le plaisir gustatif et la qualit\u00e9.<\/p>\n<ul>\n<li>Fabrication fran\u00e7aise depuis 1912<\/li>\n<li>Entreprise du Patrimoine Vivant<\/li>\n<li>Ingr\u00e9dients de qualit\u00e9<\/li>\n<\/ul>\n<p>&nbsp;<\/p>\n<p><strong>Conseils de conservation<\/strong><\/p>\n<p>\u00c0 conserver \u00e0 l\u2019abri de la lumi\u00e8re et de l\u2019humidit\u00e9, dans un endroit frais et sec.<\/p>\n<p>&nbsp;<\/p>\n<p><strong><u>Ce produit contient<\/u><\/strong><\/p>\n<p>Peut contenir : fruits \u00e0 coque, soja, lait, s\u00e9same, gluten, \u0153uf, arachides.<\/p>\n","protected":false},"excerpt":{"rendered":"<div>Nos paniers surprise anti-gaspi sont constitu\u00e9s de produits invendus ou d&#8217;exc\u00e9dents de production. Le contenu est al\u00e9atoire, vous pouvez par exemple retrouver des sujets en chocolat, des bonbons, des drag\u00e9es, etc. Laissez-vous surprendre !<\/div>\n<div>Chaque panier est compos\u00e9 de produits d&#8217;une valeur minimum de 30\u20ac.<\/div>\n<div>Limite de 1 panier par commande.<\/div>\n","protected":false},"featured_media":49105,"comment_status":"open","ping_status":"closed","template":"","meta":[],"product_cat":[772,773],"product_tag":[],"_links":{"self":[{"href":"https:\/\/confiserie-adam.fr\/boutique\/wp-json\/wp\/v2\/product\/44444"}],"collection":[{"href":"https:\/\/confiserie-adam.fr\/boutique\/wp-json\/wp\/v2\/product"}],"about":[{"href":"https:\/\/confiserie-adam.fr\/boutique\/wp-json\/wp\/v2\/types\/product"}],"replies":[{"embeddable":true,"href":"https:\/\/confiserie-adam.fr\/boutique\/wp-json\/wp\/v2\/comments?post=44444"}],"wp:featuredmedia":[{"embeddable":true,"href":"https:\/\/confiserie-adam.fr\/boutique\/wp-json\/wp\/v2\/media\/49105"}],"wp:attachment":[{"href":"https:\/\/confiserie-adam.fr\/boutique\/wp-json\/wp\/v2\/media?parent=44444"}],"wp:term":[{"taxonomy":"product_cat","embeddable":true,"href":"https:\/\/confiserie-adam.fr\/boutique\/wp-json\/wp\/v2\/product_cat?post=44444"},{"taxonomy":"product_tag","embeddable":true,"href":"https:\/\/confiserie-adam.fr\/boutique\/wp-json\/wp\/v2\/product_tag?post=44444"}],"curies":[{"name":"wp","href":"https:\/\/api.w.org\/{rel}","templated":true}]}}