{"id":443,"date":"2020-02-24T23:42:02","date_gmt":"2020-02-24T22:42:02","guid":{"rendered":"https:\/\/confiserie-adam.fr\/boutique\/produit\/pralissimo-coloris-turquoise\/"},"modified":"2026-04-15T18:20:26","modified_gmt":"2026-04-15T16:20:26","slug":"dragee-aux-amandes-grillees-et-praline-pralissimo-turquoise-date-courte","status":"publish","type":"product","link":"https:\/\/confiserie-adam.fr\/boutique\/produit\/dragee-aux-amandes-grillees-et-praline-pralissimo-turquoise-date-courte\/","title":{"rendered":"Drag\u00e9e aux amandes grill\u00e9es et pralin\u00e9 &#8211; Pralissimo Turquoise &#8211; Date courte"},"content":{"rendered":"<p>Amande enrob\u00e9e de chocolat noir et de pralin\u00e9 sous une fine couche de sucre &#8211; Coloris Turquoise.<\/p>\n<p>A consommer de pr\u00e9f\u00e9rence avant fin 04\/2026<\/p>\n<p><em>Environ 55 pi\u00e8ces par sachet (donn\u00e9es \u00e0 titre indicatif \u00e0 plus ou moins 15 pi\u00e8ces).<\/em><\/p>\n<p>&nbsp;<\/p>\n<p><strong>Ingr\u00e9dients principaux :<\/strong><\/p>\n<ul>\n<li>Amande de qualit\u00e9 sup\u00e9rieure<\/li>\n<li>Pralin\u00e9 et chocolat noir fondant<\/li>\n<\/ul>\n<p>&nbsp;<\/p>\n<p><strong>Confiserie Adam<\/strong><\/p>\n<p>Entreprise familiale qui a \u00e0 c\u0153ur ses clients. Vous offrir \u00e0 la fois le go\u00fbt, le plaisir gustatif et la qualit\u00e9.<\/p>\n<ul>\n<li>Fabrication fran\u00e7aise depuis 1912<\/li>\n<li>Entreprise du Patrimoine Vivant<\/li>\n<li>Ingr\u00e9dients de qualit\u00e9<\/li>\n<\/ul>\n<p>&nbsp;<\/p>\n<p><strong>Conseils de conservation<\/strong><\/p>\n<p>A conserver \u00e0 l\u2019abri de la lumi\u00e8re et de l\u2019humidit\u00e9, dans un endroit frais et sec.<\/p>\n<p>&nbsp;<\/p>\n<p><strong><u>Ce produit contient <\/u><\/strong><\/p>\n<p>Amande grill\u00e9e enrob\u00e9e de chocolat noir et de p\u00e2te de pralin\u00e9, et drag\u00e9ifi\u00e9e<\/p>\n<p>Ingr\u00e9dients : sucre, chocolat noir 21% (cacao 54% min.) (masse et beurre de cacao, sucre, \u00e9mulsifiant : l\u00e9cithine de SOJA), p\u00e2te de pralin\u00e9 21% (NOISETTE 10%, sucre, \u00e9mulsifiant : l\u00e9cithine de tournesol), AMANDE grill\u00e9e 15%, beurre de cacao, amidon de riz, stabilisant : gomme d&#8217;acacia, agents d&#8217;enrobage : E901, E903, E904, ar\u00f4me naturel de vanille, amidon de pomme de terre, colorants : E131, E153. Peut contenir d&#8217;autres fruits \u00e0 coque, gluten, oeuf, arachides, lait.<\/p>\n","protected":false},"excerpt":{"rendered":"<p>Une amande grill\u00e9e enrob\u00e9e de chocolat noir et pralin\u00e9. Une d\u00e9licieuse gourmandise croquante et fondante en coloris turquoise.<\/p>\n<p>A consommer de pr\u00e9f\u00e9rence avant fin 04\/2026<\/p>\n","protected":false},"featured_media":738,"comment_status":"open","ping_status":"closed","template":"","meta":[],"product_cat":[772,773,30,47],"product_tag":[],"_links":{"self":[{"href":"https:\/\/confiserie-adam.fr\/boutique\/wp-json\/wp\/v2\/product\/443"}],"collection":[{"href":"https:\/\/confiserie-adam.fr\/boutique\/wp-json\/wp\/v2\/product"}],"about":[{"href":"https:\/\/confiserie-adam.fr\/boutique\/wp-json\/wp\/v2\/types\/product"}],"replies":[{"embeddable":true,"href":"https:\/\/confiserie-adam.fr\/boutique\/wp-json\/wp\/v2\/comments?post=443"}],"wp:featuredmedia":[{"embeddable":true,"href":"https:\/\/confiserie-adam.fr\/boutique\/wp-json\/wp\/v2\/media\/738"}],"wp:attachment":[{"href":"https:\/\/confiserie-adam.fr\/boutique\/wp-json\/wp\/v2\/media?parent=443"}],"wp:term":[{"taxonomy":"product_cat","embeddable":true,"href":"https:\/\/confiserie-adam.fr\/boutique\/wp-json\/wp\/v2\/product_cat?post=443"},{"taxonomy":"product_tag","embeddable":true,"href":"https:\/\/confiserie-adam.fr\/boutique\/wp-json\/wp\/v2\/product_tag?post=443"}],"curies":[{"name":"wp","href":"https:\/\/api.w.org\/{rel}","templated":true}]}}