{"id":440,"date":"2020-02-24T23:41:54","date_gmt":"2020-02-24T22:41:54","guid":{"rendered":"https:\/\/confiserie-adam.fr\/boutique\/produit\/galets-caramel-disigny-coloris-turquoise\/"},"modified":"2026-04-10T18:30:47","modified_gmt":"2026-04-10T16:30:47","slug":"galets-caramel-disigny-coloris-turquoise","status":"publish","type":"product","link":"https:\/\/confiserie-adam.fr\/boutique\/produit\/galets-caramel-disigny-coloris-turquoise\/","title":{"rendered":"Galets caramel d&#8217;Isigny &#8211; Coloris Turquoise"},"content":{"rendered":"<p>Fondant caramel d&#8217;Isigny enrob\u00e9 de chocolat noir sous une fine couche de sucre &#8211; Coloris Turquoise.<\/p>\n<p>&nbsp;<\/p>\n<p><em>Environ 82 pi\u00e8ces par sachet (donn\u00e9es \u00e0 titre indicatif \u00e0 plus ou moins 15 pi\u00e8ces).<\/em><\/p>\n<p>&nbsp;<\/p>\n<p><strong>Ingr\u00e9dients principaux :<\/strong><\/p>\n<ul>\n<li>Caramel d&#8217;Isigny<\/li>\n<li>Chocolat noir<\/li>\n<\/ul>\n<p>&nbsp;<\/p>\n<p><strong>Confiserie Adam<\/strong><\/p>\n<p>Entreprise familiale qui a \u00e0 c\u0153ur ses clients. Vous offrir \u00e0 la fois le go\u00fbt, le plaisir gustatif et la qualit\u00e9.<\/p>\n<ul>\n<li>Fabrication fran\u00e7aise depuis 1912<\/li>\n<li>Entreprise du Patrimoine Vivant<\/li>\n<li>Ingr\u00e9dients de qualit\u00e9<\/li>\n<\/ul>\n<p>&nbsp;<\/p>\n<p><strong>Conseils de conservation<\/strong><\/p>\n<p>A conserver \u00e0 l\u2019abri de la lumi\u00e8re et de l\u2019humidit\u00e9, dans un endroit frais et sec.<\/p>\n<p>&nbsp;<\/p>\n<p><strong><u>Ce produit contient <\/u><\/strong><\/p>\n<p>Fondant de caramel enrob\u00e9 de chocolat noir et drag\u00e9ifi\u00e9<\/p>\n<p>Ingr\u00e9dients : Sucre, fondant de caramel 38% (sucre, cr\u00e8me de caramel au BEURRE sal\u00e9 (sucre, sirop de glucose, eau, CREME FRAICHE d&#8217;Isigny AOP, LAIT entier en poudre, BEURRE sal\u00e9 d&#8217;Isigny AOP, fibres alimentaires, sel de Gu\u00e9rande IGP, ar\u00f4me naturel de vanille (LAIT)), sirop de glucose, sel), chocolat noir 17% (cacao 54% minimum)(masse et beurre de cacao, sucre, \u00e9mulsifiant : l\u00e9cithine de SOJA), amidon de riz, stabilisant : gomme d&#8217;acacia, colorants : E131, E153, agents d&#8217;enrobage : E901, E903, E904, ar\u00f4me naturel de vanille. Peut contenir fruits \u00e0 coque, oeuf, arachides, gluten.<\/p>\n","protected":false},"excerpt":{"rendered":"<p>Un fondant caramel d&#8217;Isigny enrob\u00e9 de chocolat noir. Irr\u00e9sistiblement d\u00e9licieux.<\/p>\n","protected":false},"featured_media":29817,"comment_status":"open","ping_status":"closed","template":"","meta":[],"product_cat":[30,47],"product_tag":[],"_links":{"self":[{"href":"https:\/\/confiserie-adam.fr\/boutique\/wp-json\/wp\/v2\/product\/440"}],"collection":[{"href":"https:\/\/confiserie-adam.fr\/boutique\/wp-json\/wp\/v2\/product"}],"about":[{"href":"https:\/\/confiserie-adam.fr\/boutique\/wp-json\/wp\/v2\/types\/product"}],"replies":[{"embeddable":true,"href":"https:\/\/confiserie-adam.fr\/boutique\/wp-json\/wp\/v2\/comments?post=440"}],"wp:featuredmedia":[{"embeddable":true,"href":"https:\/\/confiserie-adam.fr\/boutique\/wp-json\/wp\/v2\/media\/29817"}],"wp:attachment":[{"href":"https:\/\/confiserie-adam.fr\/boutique\/wp-json\/wp\/v2\/media?parent=440"}],"wp:term":[{"taxonomy":"product_cat","embeddable":true,"href":"https:\/\/confiserie-adam.fr\/boutique\/wp-json\/wp\/v2\/product_cat?post=440"},{"taxonomy":"product_tag","embeddable":true,"href":"https:\/\/confiserie-adam.fr\/boutique\/wp-json\/wp\/v2\/product_tag?post=440"}],"curies":[{"name":"wp","href":"https:\/\/api.w.org\/{rel}","templated":true}]}}