{"id":437,"date":"2020-02-24T23:41:47","date_gmt":"2020-02-24T22:41:47","guid":{"rendered":"https:\/\/confiserie-adam.fr\/boutique\/produit\/mini-confetti-6-coloris\/"},"modified":"2026-04-14T18:03:31","modified_gmt":"2026-04-14T16:03:31","slug":"mini-confetti-6-coloris","status":"publish","type":"product","link":"https:\/\/confiserie-adam.fr\/boutique\/produit\/mini-confetti-6-coloris\/","title":{"rendered":"Mini confetti &#8211; 6 coloris"},"content":{"rendered":"<p>Chocolat au lait sous une fine couche de sucre &#8211; forme mini confetti, assortiment 6 coloris (bleu, blanc, rose, capucine, vert anis et bouton d&#8217;or).<\/p>\n<p>&nbsp;<\/p>\n<p><em>Environ 622 pi\u00e8ces par sachet (donn\u00e9es \u00e0 titre indicatif \u00e0 plus ou moins 15 pi\u00e8ces).<\/em><\/p>\n<p>&nbsp;<\/p>\n<p><strong>Ingr\u00e9dients principaux :<\/strong><\/p>\n<ul>\n<li>Chocolat au lait<\/li>\n<li>Sucre<\/li>\n<\/ul>\n<p>&nbsp;<\/p>\n<p><strong>Confiserie Adam<\/strong><\/p>\n<p>Entreprise familiale qui a \u00e0 c\u0153ur ses clients. Vous offrir \u00e0 la fois le go\u00fbt, le plaisir gustatif et la qualit\u00e9.<\/p>\n<ul>\n<li>Fabrication fran\u00e7aise depuis 1912<\/li>\n<li>Entreprise du Patrimoine Vivant<\/li>\n<li>Ingr\u00e9dients de qualit\u00e9<\/li>\n<\/ul>\n<p>&nbsp;<\/p>\n<p><strong>Conseils de conservation<\/strong><\/p>\n<p>A conserver \u00e0 l\u2019abri de la lumi\u00e8re et de l\u2019humidit\u00e9, dans un endroit frais et sec.<\/p>\n<p>&nbsp;<\/p>\n<p><strong><u>Ce produit contient <\/u><\/strong><\/p>\n<p>Drag\u00e9es au chocolat au lait<\/p>\n<p>Ingr\u00e9dients : sucre, chocolat au lait 44% (cacao 30% min.)(sucre, beurre de cacao, LAIT entier en poudre, p\u00e2te de cacao, \u00e9mulsifiant : l\u00e9cithine de SOJA, ar\u00f4me), amidon de riz, stabilisant : gomme d&#8217;acacia, colorants : E100, E120, E131, E133, E160a(iii), agents d&#8217;enrobage : E901, E903, E904, ar\u00f4me naturel de vanille. Peut contenir : fruits \u00e0 coque, gluten, arachides, \u0153uf<\/p>\n<p>*Produit issu de l&#8217;agriculture biologique<\/p>\n","protected":false},"excerpt":{"rendered":"<p>Un assortiment de 6 coloris de mini confetti au chocolat au lait : bleu, blanc, rose, capucine, vert anis et bouton d&#8217;or.<\/p>\n","protected":false},"featured_media":39778,"comment_status":"open","ping_status":"closed","template":"","meta":[],"product_cat":[584,48,659,30,46],"product_tag":[],"_links":{"self":[{"href":"https:\/\/confiserie-adam.fr\/boutique\/wp-json\/wp\/v2\/product\/437"}],"collection":[{"href":"https:\/\/confiserie-adam.fr\/boutique\/wp-json\/wp\/v2\/product"}],"about":[{"href":"https:\/\/confiserie-adam.fr\/boutique\/wp-json\/wp\/v2\/types\/product"}],"replies":[{"embeddable":true,"href":"https:\/\/confiserie-adam.fr\/boutique\/wp-json\/wp\/v2\/comments?post=437"}],"wp:featuredmedia":[{"embeddable":true,"href":"https:\/\/confiserie-adam.fr\/boutique\/wp-json\/wp\/v2\/media\/39778"}],"wp:attachment":[{"href":"https:\/\/confiserie-adam.fr\/boutique\/wp-json\/wp\/v2\/media?parent=437"}],"wp:term":[{"taxonomy":"product_cat","embeddable":true,"href":"https:\/\/confiserie-adam.fr\/boutique\/wp-json\/wp\/v2\/product_cat?post=437"},{"taxonomy":"product_tag","embeddable":true,"href":"https:\/\/confiserie-adam.fr\/boutique\/wp-json\/wp\/v2\/product_tag?post=437"}],"curies":[{"name":"wp","href":"https:\/\/api.w.org\/{rel}","templated":true}]}}