{"id":42763,"date":"2024-12-07T16:01:34","date_gmt":"2024-12-07T15:01:34","guid":{"rendered":"https:\/\/confiserie-adam.fr\/boutique\/produit\/chaussette-a-colorier-garnie\/"},"modified":"2026-03-28T08:26:35","modified_gmt":"2026-03-28T07:26:35","slug":"chaussette-a-colorier-garnie","status":"publish","type":"product","link":"https:\/\/confiserie-adam.fr\/boutique\/produit\/chaussette-a-colorier-garnie\/","title":{"rendered":"Chaussette \u00e0 colorier garnie"},"content":{"rendered":"<p>chaussette \u00e0 colorier : 1 moulage M.No\u00ebl 110g chocolat au lait &amp; 1 sachet 50g meringues de No\u00ebl<\/p>\n<p><strong>Confiserie Adam<\/strong><\/p>\n<p>Entreprise familiale qui a \u00e0 c\u0153ur ses clients. Vous offrir \u00e0 la fois le go\u00fbt, le plaisir gustatif et la qualit\u00e9.<\/p>\n<ul>\n<li>Fabrication fran\u00e7aise depuis 1912<\/li>\n<li>Entreprise du Patrimoine Vivant<\/li>\n<li>Ingr\u00e9dients de qualit\u00e9<\/li>\n<\/ul>\n<p><strong>Conseils de conservation<\/strong><\/p>\n<p>\u00c0 conserver \u00e0 l\u2019abri de la lumi\u00e8re et de l\u2019humidit\u00e9, dans un endroit frais et sec.<\/p>\n<p><strong><u>Ce produit contient<\/u><\/strong><\/p>\n<p>Moulage chocolat au lait d\u00e9cor\u00e9 (cacao 30% min.)<\/p>\n<p>Ingr\u00e9dients : sucre, LAIT entier en poudre, beurre de cacao, masse de cacao, lactos\u00e9rum en poudre (LAIT), \u00e9mulsifiants (l\u00e9cithine (SOJA), E476), ar\u00f4me.<\/p>\n<p>Confiserie meringu\u00e9e fantaisie aromatis\u00e9e saveurs vanille, citron, orange, banane ou pomme et fraise ou framboise<\/p>\n<p>Ingr\u00e9dients : sucre, sirop de glucose, g\u00e9lifiant : g\u00e9latine, acidifiant : acide citrique, ar\u00f4mes naturels, colorants : complexes cuivriques de chlorophyllines, rouge de betterave<\/p>\n","protected":false},"excerpt":{"rendered":"<p>chaussette \u00e0 colorier : 1 moulage M.No\u00ebl 110g chocolat au lait &amp; 1 sachet 50g meringues de No\u00ebl Confiserie Adam Entreprise familiale qui a \u00e0 c\u0153ur ses clients. Vous offrir \u00e0 la fois le go\u00fbt, le plaisir gustatif et la qualit\u00e9. Fabrication fran\u00e7aise depuis 1912 Entreprise du Patrimoine Vivant Ingr\u00e9dients de qualit\u00e9 Conseils de conservation [&hellip;]<\/p>\n","protected":false},"featured_media":42764,"comment_status":"open","ping_status":"closed","template":"","meta":[],"product_cat":[589,595,596],"product_tag":[],"_links":{"self":[{"href":"https:\/\/confiserie-adam.fr\/boutique\/wp-json\/wp\/v2\/product\/42763"}],"collection":[{"href":"https:\/\/confiserie-adam.fr\/boutique\/wp-json\/wp\/v2\/product"}],"about":[{"href":"https:\/\/confiserie-adam.fr\/boutique\/wp-json\/wp\/v2\/types\/product"}],"replies":[{"embeddable":true,"href":"https:\/\/confiserie-adam.fr\/boutique\/wp-json\/wp\/v2\/comments?post=42763"}],"wp:featuredmedia":[{"embeddable":true,"href":"https:\/\/confiserie-adam.fr\/boutique\/wp-json\/wp\/v2\/media\/42764"}],"wp:attachment":[{"href":"https:\/\/confiserie-adam.fr\/boutique\/wp-json\/wp\/v2\/media?parent=42763"}],"wp:term":[{"taxonomy":"product_cat","embeddable":true,"href":"https:\/\/confiserie-adam.fr\/boutique\/wp-json\/wp\/v2\/product_cat?post=42763"},{"taxonomy":"product_tag","embeddable":true,"href":"https:\/\/confiserie-adam.fr\/boutique\/wp-json\/wp\/v2\/product_tag?post=42763"}],"curies":[{"name":"wp","href":"https:\/\/api.w.org\/{rel}","templated":true}]}}