{"id":427,"date":"2020-02-24T23:41:20","date_gmt":"2020-02-24T22:41:20","guid":{"rendered":"https:\/\/confiserie-adam.fr\/boutique\/produit\/dragee-aux-amandes-avola-dauphine\/"},"modified":"2026-04-15T18:20:15","modified_gmt":"2026-04-15T16:20:15","slug":"dragee-amande-avola-dauphine-coloris-blanc-brillant","status":"publish","type":"product","link":"https:\/\/confiserie-adam.fr\/boutique\/produit\/dragee-amande-avola-dauphine-coloris-blanc-brillant\/","title":{"rendered":"Drag\u00e9e amande Avola Dauphine &#8211; Coloris Blanc Brillant"},"content":{"rendered":"<p>Amande sous une fine couche de sucre &#8211; Avola Dauphine &#8211; Blanc.<\/p>\n<p>&nbsp;<\/p>\n<p><em>Environ 90 pi\u00e8ces par sachet (donn\u00e9es \u00e0 titre indicatif \u00e0 plus ou moins 15 pi\u00e8ces).<\/em><\/p>\n<p>&nbsp;<\/p>\n<p><strong>Ingr\u00e9dients principaux :<\/strong><\/p>\n<ul>\n<li>Amande Avola<\/li>\n<li>Sucre<\/li>\n<\/ul>\n<p>&nbsp;<\/p>\n<p><strong>Confiserie Adam<\/strong><\/p>\n<p>Entreprise familiale qui a \u00e0 c\u0153ur ses clients. Vous offrir \u00e0 la fois le go\u00fbt, le plaisir gustatif et la qualit\u00e9.<\/p>\n<ul>\n<li>Fabrication fran\u00e7aise depuis 1912<\/li>\n<li>Entreprise du Patrimoine Vivant<\/li>\n<li>Ingr\u00e9dients de qualit\u00e9<\/li>\n<\/ul>\n<p>&nbsp;<\/p>\n<p><strong>Conseils de conservation<\/strong><\/p>\n<p>A conserver \u00e0 l\u2019abri de la lumi\u00e8re et de l\u2019humidit\u00e9, dans un endroit frais et sec.<\/p>\n<p>&nbsp;<\/p>\n<p><strong><u>Ce produit contient <\/u><\/strong><\/p>\n<p>Ingr\u00e9dients : Sucre, AMANDE Avola 45%, amidon de riz, stabilisant : gomme d\u2019acacia, ar\u00f4me naturel de vanille, agent d&#8217;enrobage : E901, E903. Peut contenir d\u2019autres fruits \u00e0 coque, soja, gluten, arachides, \u0153uf, lait.<\/p>\n","protected":false},"excerpt":{"rendered":"<p>Drag\u00e9e amande Avola Dauphine. La qualit\u00e9 d&#8217;une amande italienne finement enrob\u00e9e de sucre.<\/p>\n<p>Amande italienne 45%\u00a0 &#8211; Haut de gamme<\/p>\n","protected":false},"featured_media":39076,"comment_status":"open","ping_status":"closed","template":"","meta":[],"product_cat":[30,45],"product_tag":[],"_links":{"self":[{"href":"https:\/\/confiserie-adam.fr\/boutique\/wp-json\/wp\/v2\/product\/427"}],"collection":[{"href":"https:\/\/confiserie-adam.fr\/boutique\/wp-json\/wp\/v2\/product"}],"about":[{"href":"https:\/\/confiserie-adam.fr\/boutique\/wp-json\/wp\/v2\/types\/product"}],"replies":[{"embeddable":true,"href":"https:\/\/confiserie-adam.fr\/boutique\/wp-json\/wp\/v2\/comments?post=427"}],"wp:featuredmedia":[{"embeddable":true,"href":"https:\/\/confiserie-adam.fr\/boutique\/wp-json\/wp\/v2\/media\/39076"}],"wp:attachment":[{"href":"https:\/\/confiserie-adam.fr\/boutique\/wp-json\/wp\/v2\/media?parent=427"}],"wp:term":[{"taxonomy":"product_cat","embeddable":true,"href":"https:\/\/confiserie-adam.fr\/boutique\/wp-json\/wp\/v2\/product_cat?post=427"},{"taxonomy":"product_tag","embeddable":true,"href":"https:\/\/confiserie-adam.fr\/boutique\/wp-json\/wp\/v2\/product_tag?post=427"}],"curies":[{"name":"wp","href":"https:\/\/api.w.org\/{rel}","templated":true}]}}