{"id":426,"date":"2020-02-24T23:41:16","date_gmt":"2020-02-24T22:41:16","guid":{"rendered":"https:\/\/confiserie-adam.fr\/boutique\/produit\/dragee-mini-coeur-chocolat-73-rouge-et-blanc\/"},"modified":"2026-03-28T08:29:06","modified_gmt":"2026-03-28T07:29:06","slug":"dragee-mini-coeur-chocolat-71-terracotta","status":"publish","type":"product","link":"https:\/\/confiserie-adam.fr\/boutique\/produit\/dragee-mini-coeur-chocolat-71-terracotta\/","title":{"rendered":"Drag\u00e9e mini c\u0153ur chocolat 71% &#8211; Terracotta"},"content":{"rendered":"<p>Chocolat sous une fine couche de sucre &#8211; forme mini coeur, coloris Terracotta.<\/p>\n<p>&nbsp;<\/p>\n<p><em>Environ 340 pi\u00e8ces par sachet (donn\u00e9es \u00e0 titre indicatif \u00e0 plus ou moins 15 pi\u00e8ces).<\/em><\/p>\n<p>&nbsp;<\/p>\n<p><strong>Ingr\u00e9dients principaux :<\/strong><\/p>\n<ul>\n<li>Chocolat 71%<\/li>\n<li>Sucre<\/li>\n<\/ul>\n<p>&nbsp;<\/p>\n<p><strong>Confiserie Adam<\/strong><\/p>\n<p>Entreprise familiale qui a \u00e0 c\u0153ur ses clients. Vous offrir \u00e0 la fois le go\u00fbt, le plaisir gustatif et la qualit\u00e9.<\/p>\n<ul>\n<li>Fabrication fran\u00e7aise depuis 1912<\/li>\n<li>Entreprise du Patrimoine Vivant<\/li>\n<li>Ingr\u00e9dients de qualit\u00e9<\/li>\n<\/ul>\n<p>&nbsp;<\/p>\n<p><strong>Conseils de conservation<\/strong><\/p>\n<p>\u00c0 conserver \u00e0 l\u2019abri de la lumi\u00e8re et de l\u2019humidit\u00e9, dans un endroit frais et sec.<\/p>\n<p>&nbsp;<\/p>\n<p><strong><u>Ce produit contient <\/u><\/strong><\/p>\n<p>Drag\u00e9es au chocolat<\/p>\n<p>Ingr\u00e9dients : Sucre, chocolat noir 44% (cacao 71% min.) (masse de cacao, sucre, \u00e9mulsifiant : l\u00e9cithine de SOJA), amidon de riz, stabilisant : gomme d&#8217;acacia, sucre glace (sucre, f\u00e9cule de pomme de terre), ar\u00f4me naturel de vanille, colorants (E102, E122, E124, E129, E132, E155).<\/p>\n<p>E102, E122, E124, E129 : peut avoir des effets ind\u00e9sirables sur l&#8217;attention et l&#8217;activit\u00e9 chez les enfants.<\/p>\n<p>Chocolat fabriqu\u00e9 en EU &#8211; F\u00e8ves de cacao origine non-UE &#8211; Sucre origine UE.<\/p>\n<p>Peut contenir : fruits \u00e0 coque, gluten, arachide, \u0153uf, lait.<\/p>\n","protected":false},"excerpt":{"rendered":"<p>La drag\u00e9e dans sa version mini c\u0153ur au chocolat fondant 71% de cacao.<\/p>\n","protected":false},"featured_media":29625,"comment_status":"open","ping_status":"closed","template":"","meta":[],"product_cat":[563,30,46],"product_tag":[],"_links":{"self":[{"href":"https:\/\/confiserie-adam.fr\/boutique\/wp-json\/wp\/v2\/product\/426"}],"collection":[{"href":"https:\/\/confiserie-adam.fr\/boutique\/wp-json\/wp\/v2\/product"}],"about":[{"href":"https:\/\/confiserie-adam.fr\/boutique\/wp-json\/wp\/v2\/types\/product"}],"replies":[{"embeddable":true,"href":"https:\/\/confiserie-adam.fr\/boutique\/wp-json\/wp\/v2\/comments?post=426"}],"wp:featuredmedia":[{"embeddable":true,"href":"https:\/\/confiserie-adam.fr\/boutique\/wp-json\/wp\/v2\/media\/29625"}],"wp:attachment":[{"href":"https:\/\/confiserie-adam.fr\/boutique\/wp-json\/wp\/v2\/media?parent=426"}],"wp:term":[{"taxonomy":"product_cat","embeddable":true,"href":"https:\/\/confiserie-adam.fr\/boutique\/wp-json\/wp\/v2\/product_cat?post=426"},{"taxonomy":"product_tag","embeddable":true,"href":"https:\/\/confiserie-adam.fr\/boutique\/wp-json\/wp\/v2\/product_tag?post=426"}],"curies":[{"name":"wp","href":"https:\/\/api.w.org\/{rel}","templated":true}]}}