{"id":423,"date":"2020-02-24T23:41:09","date_gmt":"2020-02-24T22:41:09","guid":{"rendered":"https:\/\/confiserie-adam.fr\/boutique\/produit\/speculoossimo\/"},"modified":"2026-04-23T08:49:19","modified_gmt":"2026-04-23T06:49:19","slug":"dragee-aux-amandes-grillees-et-speculoos-speculoossimo","status":"publish","type":"product","link":"https:\/\/confiserie-adam.fr\/boutique\/produit\/dragee-aux-amandes-grillees-et-speculoos-speculoossimo\/","title":{"rendered":"Drag\u00e9e aux amandes grill\u00e9es et speculoos &#8211; Sp\u00e9culoossimo"},"content":{"rendered":"<p>Amande enrob\u00e9e de chocolat et de sp\u00e9culoos sous une fine couche de sucre.<\/p>\n<p>&nbsp;<\/p>\n<p><em>Environ 53 pi\u00e8ces par sachet (donn\u00e9es \u00e0 titre indicatif \u00e0 plus ou moins 15 pi\u00e8ces).<\/em><\/p>\n<p>&nbsp;<\/p>\n<p><strong>Ingr\u00e9dients principaux :<\/strong><\/p>\n<ul>\n<li>Amande de qualit\u00e9 sup\u00e9rieure<\/li>\n<li>Chocolat et p\u00e2te de sp\u00e9culoos fondant<\/li>\n<\/ul>\n<p>&nbsp;<\/p>\n<p><strong>Confiserie Adam<\/strong><\/p>\n<p>Entreprise familiale qui a \u00e0 c\u0153ur ses clients. Vous offrir \u00e0 la fois le go\u00fbt, le plaisir gustatif et la qualit\u00e9.<\/p>\n<ul>\n<li>Fabrication fran\u00e7aise depuis 1912<\/li>\n<li>Entreprise du Patrimoine Vivant<\/li>\n<li>Ingr\u00e9dients de qualit\u00e9<\/li>\n<\/ul>\n<p>&nbsp;<\/p>\n<p><strong>Conseils de conservation<\/strong><\/p>\n<p>A conserver \u00e0 l\u2019abri de la lumi\u00e8re et de l\u2019humidit\u00e9, dans un endroit frais et sec.<\/p>\n<p>&nbsp;<\/p>\n<p><strong><u>Ce produit contient <\/u><\/strong><\/p>\n<p>Amande grill\u00e9e enrob\u00e9e de chocolat blanc et de p\u00e2te de sp\u00e9culoos, et drag\u00e9ifi\u00e9e<\/p>\n<p>Ingr\u00e9dients : sucre, chocolat blanc 29% (cacao 30% minimum)(sucre, beurre de cacao, LAIT \u00e9cr\u00e9m\u00e9 en poudre, LACTOSERUM en poudre, mati\u00e8re grasse LAITIERE, BEURRE, \u00e9mulsifiant : l\u00e9cithine de tournesol, ar\u00f4me naturel de vanille), AMANDE grill\u00e9e 15%, p\u00e2te de sp\u00e9culoos 13% (sp\u00e9culoos 8% (farine de BLE, sucre, huiles v\u00e9g\u00e9tales (palme, colza), sirop de sucre candi, poudre \u00e0 lever (carbonate acide de sodium), sel, cannelle), huile de colza, sucre, huiles v\u00e9g\u00e9tales totalement hydrog\u00e9n\u00e9es (palme, colza), \u00e9mulsifiant : l\u00e9cithine de tournesol, E472c), ar\u00f4me naturel, acidifiant : E330), amidon de riz, stabilisant : gomme d&#8217;acacia, beurre de cacao, agents d&#8217;enrobage : E901, E903, E904, ar\u00f4mes, colorants : E102, E104, E124, E129, E132, E133, E153, f\u00e9cule de pomme de terre. Peut contenir d&#8217;autres fruits \u00e0 coque, oeuf, arachides, soja. E102, E104, E124, E129 : peut avoir des effets ind\u00e9sirables sur l&#8217;activit\u00e9 et l&#8217;attention chez les enfants.<\/p>\n","protected":false},"excerpt":{"rendered":"<p>Une amande grill\u00e9e enrob\u00e9e de chocolat et de sp\u00e9culoos. Une d\u00e9licieuse gourmandise croquante et fondante.<\/p>\n","protected":false},"featured_media":44396,"comment_status":"open","ping_status":"closed","template":"","meta":[],"product_cat":[29,44,30,47],"product_tag":[],"_links":{"self":[{"href":"https:\/\/confiserie-adam.fr\/boutique\/wp-json\/wp\/v2\/product\/423"}],"collection":[{"href":"https:\/\/confiserie-adam.fr\/boutique\/wp-json\/wp\/v2\/product"}],"about":[{"href":"https:\/\/confiserie-adam.fr\/boutique\/wp-json\/wp\/v2\/types\/product"}],"replies":[{"embeddable":true,"href":"https:\/\/confiserie-adam.fr\/boutique\/wp-json\/wp\/v2\/comments?post=423"}],"wp:featuredmedia":[{"embeddable":true,"href":"https:\/\/confiserie-adam.fr\/boutique\/wp-json\/wp\/v2\/media\/44396"}],"wp:attachment":[{"href":"https:\/\/confiserie-adam.fr\/boutique\/wp-json\/wp\/v2\/media?parent=423"}],"wp:term":[{"taxonomy":"product_cat","embeddable":true,"href":"https:\/\/confiserie-adam.fr\/boutique\/wp-json\/wp\/v2\/product_cat?post=423"},{"taxonomy":"product_tag","embeddable":true,"href":"https:\/\/confiserie-adam.fr\/boutique\/wp-json\/wp\/v2\/product_tag?post=423"}],"curies":[{"name":"wp","href":"https:\/\/api.w.org\/{rel}","templated":true}]}}