{"id":420,"date":"2020-02-24T23:41:02","date_gmt":"2020-02-24T22:41:02","guid":{"rendered":"https:\/\/confiserie-adam.fr\/boutique\/produit\/bonbons-loup-framboise-mure\/"},"modified":"2026-04-13T17:03:37","modified_gmt":"2026-04-13T15:03:37","slug":"bonbons-loup-framboise-mure","status":"publish","type":"product","link":"https:\/\/confiserie-adam.fr\/boutique\/produit\/bonbons-loup-framboise-mure\/","title":{"rendered":"Bonbons Loup Framboise M\u00fbre"},"content":{"rendered":"<p>Bonbons Loup Framboise M\u00fbre<\/p>\n<p>&nbsp;<\/p>\n<p><strong>Confiserie Adam<\/strong><\/p>\n<p>Entreprise familiale qui a \u00e0 c\u0153ur ses clients. Vous offrir \u00e0 la fois le go\u00fbt, le plaisir gustatif et la qualit\u00e9.<\/p>\n<ul>\n<li>Fabrication fran\u00e7aise depuis 1912<\/li>\n<li>Entreprise du Patrimoine Vivant<\/li>\n<li>Ingr\u00e9dients de qualit\u00e9<\/li>\n<\/ul>\n<p>&nbsp;<\/p>\n<p><strong>Conseils de conservation<\/strong><\/p>\n<p>A conserver \u00e0 l\u2019abri de la lumi\u00e8re et de l\u2019humidit\u00e9, dans un endroit frais et sec.<\/p>\n<p>&nbsp;<\/p>\n<p><strong><u>Ce produit contient <\/u><\/strong><\/p>\n<p>Bonbons g\u00e9lifi\u00e9s aromatis\u00e9s saveurs framboise et m\u00fbre<\/p>\n<p>Ingr\u00e9dients : sirop de glucose, sucre, g\u00e9lifiant : g\u00e9latine, acidifiants : acide citrique, acide malique, ar\u00f4mes naturels, concentr\u00e9 de jus de sureau.<\/p>\n","protected":false},"excerpt":{"rendered":"<p>Les bonbons Loup aux go\u00fbts acidul\u00e9s de framboise et de m\u00fbre.<\/p>\n","protected":false},"featured_media":523,"comment_status":"open","ping_status":"closed","template":"","meta":[],"product_cat":[584,15,32],"product_tag":[],"_links":{"self":[{"href":"https:\/\/confiserie-adam.fr\/boutique\/wp-json\/wp\/v2\/product\/420"}],"collection":[{"href":"https:\/\/confiserie-adam.fr\/boutique\/wp-json\/wp\/v2\/product"}],"about":[{"href":"https:\/\/confiserie-adam.fr\/boutique\/wp-json\/wp\/v2\/types\/product"}],"replies":[{"embeddable":true,"href":"https:\/\/confiserie-adam.fr\/boutique\/wp-json\/wp\/v2\/comments?post=420"}],"wp:featuredmedia":[{"embeddable":true,"href":"https:\/\/confiserie-adam.fr\/boutique\/wp-json\/wp\/v2\/media\/523"}],"wp:attachment":[{"href":"https:\/\/confiserie-adam.fr\/boutique\/wp-json\/wp\/v2\/media?parent=420"}],"wp:term":[{"taxonomy":"product_cat","embeddable":true,"href":"https:\/\/confiserie-adam.fr\/boutique\/wp-json\/wp\/v2\/product_cat?post=420"},{"taxonomy":"product_tag","embeddable":true,"href":"https:\/\/confiserie-adam.fr\/boutique\/wp-json\/wp\/v2\/product_tag?post=420"}],"curies":[{"name":"wp","href":"https:\/\/api.w.org\/{rel}","templated":true}]}}