{"id":41895,"date":"2024-11-15T09:58:19","date_gmt":"2024-11-15T08:58:19","guid":{"rendered":"https:\/\/confiserie-adam.fr\/boutique\/produit\/chocolat-a-casser-4-cases-chocolat-au-lait-et-noir\/"},"modified":"2026-04-14T18:12:08","modified_gmt":"2026-04-14T16:12:08","slug":"chocolat-a-casser-4-cases-chocolat-au-lait-et-noir","status":"publish","type":"product","link":"https:\/\/confiserie-adam.fr\/boutique\/produit\/chocolat-a-casser-4-cases-chocolat-au-lait-et-noir\/","title":{"rendered":"Chocolat \u00e0 casser 4 cases &#8211; Chocolat au lait et noir"},"content":{"rendered":"<p><span>Tablette 4 cases chocolat au lait et noir avec inclusions<\/span><\/p>\n<ul>\n<li>Chocolat au lait \u00e9clats de noisettes<\/li>\n<li>Chocolat au lait \u00e9clats de caramel<\/li>\n<li>Chocolat noir \u00e9clats d&#8217;orange confite<\/li>\n<li>Chocolat noir \u00e9clats riz souffl\u00e9<\/li>\n<\/ul>\n<p>&nbsp;<\/p>\n<p><strong>Confiserie Adam<\/strong><\/p>\n<p>Entreprise familiale qui a \u00e0 c\u0153ur ses clients. Vous offrir \u00e0 la fois le go\u00fbt, le plaisir gustatif et la qualit\u00e9.<\/p>\n<ul>\n<li>Fabrication fran\u00e7aise depuis 1912<\/li>\n<li>Entreprise du Patrimoine Vivant<\/li>\n<li>Ingr\u00e9dients de qualit\u00e9<\/li>\n<\/ul>\n<p>&nbsp;<\/p>\n<p><strong>Conseils de conservation<\/strong><\/p>\n<p>\u00c0 conserver \u00e0 l\u2019abri de la lumi\u00e8re et de l\u2019humidit\u00e9, dans un endroit frais et sec.<\/p>\n<p>&nbsp;<\/p>\n<p><strong><u>Ce produit contient<\/u><\/strong><\/p>\n<p>Tablette 4 cases chocolat au lait et noir avec inclusions<\/p>\n<p>Assortiment de 4 tablettes : Chocolat au lait et \u00e9clats de noisette grill\u00e9e \/ Chocolat au lait et \u00e9clats de caramel aromatique au beurre sal\u00e9 et \u00e0 la cr\u00e8me \/ Chocolat noir et orange s\u00e9ch\u00e9e confite \/ Chocolat noir et riz souffl\u00e9 caram\u00e9lis\u00e9<\/p>\n<p>Ingr\u00e9dients : chocolat au LAIT 47% (cacao 30% min.)(sucre, poudre de LAIT entier, beurre de cacao, masse de cacao, poudre de lactos\u00e9rum (LAIT), \u00e9mulsifiants : l\u00e9cithine de SOJA, E476, ar\u00f4me naturel de vanille), chocolat noir 47% (cacao 71% min)(masse de cacao, sucre, \u00e9mulsifiant : l\u00e9cithine de SOJA), NOISETTE grill\u00e9e 1,5% orange s\u00e9ch\u00e9e confite 1,5% (\u00e9corce d&#8217;orange, sirop de glucose-fructose, saccharose, conservateur : ANHYDRIDE SULFUREUX E220), riz souffl\u00e9 caram\u00e9lis\u00e9 1,5% (sucre, farine de riz), caramel aromatique au beurre sal\u00e9 et \u00e0 la cr\u00e8me 1,5% (sucre, sirop de glucose, beurre sal\u00e9 (LAIT), cr\u00e8me (LAIT), eau).<\/p>\n<p>Peut contenir d&#8217;autres fruits \u00e0 coque, gluten, oeuf, arachides.<\/p>\n","protected":false},"excerpt":{"rendered":"<p>Tablette 4 cases. Chocolat au lait \u00e9clats noisettes et caramel. Chocolat noir orange confite et riz souffl\u00e9<\/p>\n","protected":false},"featured_media":41897,"comment_status":"open","ping_status":"closed","template":"","meta":[],"product_cat":[589,592],"product_tag":[],"_links":{"self":[{"href":"https:\/\/confiserie-adam.fr\/boutique\/wp-json\/wp\/v2\/product\/41895"}],"collection":[{"href":"https:\/\/confiserie-adam.fr\/boutique\/wp-json\/wp\/v2\/product"}],"about":[{"href":"https:\/\/confiserie-adam.fr\/boutique\/wp-json\/wp\/v2\/types\/product"}],"replies":[{"embeddable":true,"href":"https:\/\/confiserie-adam.fr\/boutique\/wp-json\/wp\/v2\/comments?post=41895"}],"wp:featuredmedia":[{"embeddable":true,"href":"https:\/\/confiserie-adam.fr\/boutique\/wp-json\/wp\/v2\/media\/41897"}],"wp:attachment":[{"href":"https:\/\/confiserie-adam.fr\/boutique\/wp-json\/wp\/v2\/media?parent=41895"}],"wp:term":[{"taxonomy":"product_cat","embeddable":true,"href":"https:\/\/confiserie-adam.fr\/boutique\/wp-json\/wp\/v2\/product_cat?post=41895"},{"taxonomy":"product_tag","embeddable":true,"href":"https:\/\/confiserie-adam.fr\/boutique\/wp-json\/wp\/v2\/product_tag?post=41895"}],"curies":[{"name":"wp","href":"https:\/\/api.w.org\/{rel}","templated":true}]}}