{"id":418,"date":"2020-02-24T23:40:58","date_gmt":"2020-02-24T22:40:58","guid":{"rendered":"https:\/\/confiserie-adam.fr\/boutique\/produit\/bonbons-loup-eucalyptus-menthol\/"},"modified":"2026-04-17T16:44:21","modified_gmt":"2026-04-17T14:44:21","slug":"bonbons-loup-eucalyptus-menthol","status":"publish","type":"product","link":"https:\/\/confiserie-adam.fr\/boutique\/produit\/bonbons-loup-eucalyptus-menthol\/","title":{"rendered":"Bonbons Loup Eucalyptus Menthol"},"content":{"rendered":"<p>Bonbons Eucalyptus Menthol \u00e0 la gomme d&#8217;acacia<\/p>\n<p>&nbsp;<\/p>\n<p><strong>Ingr\u00e9dients principaux :<\/strong><\/p>\n<ul>\n<li>Eucalyptus Menthol<\/li>\n<li>Gomme d&#8217;acacia<\/li>\n<\/ul>\n<p>&nbsp;<\/p>\n<p><strong>Confiserie Adam<\/strong><\/p>\n<p>Entreprise familiale qui a \u00e0 c\u0153ur ses clients. Vous offrir \u00e0 la fois le go\u00fbt, le plaisir gustatif et la qualit\u00e9.<\/p>\n<ul>\n<li>Fabrication fran\u00e7aise depuis 1912<\/li>\n<li>Entreprise du Patrimoine Vivant<\/li>\n<li>Ingr\u00e9dients de qualit\u00e9<\/li>\n<\/ul>\n<p>&nbsp;<\/p>\n<p><strong>Conseils de conservation<\/strong><\/p>\n<p>A conserver \u00e0 l\u2019abri de la lumi\u00e8re et de l\u2019humidit\u00e9, dans un endroit frais et sec.<\/p>\n<p>&nbsp;<\/p>\n<p><strong><u>Ce produit contient <\/u><\/strong><\/p>\n<p>Pastilles de gomme aromatis\u00e9es saveur eucalyptus et menthol<\/p>\n<p>Ingr\u00e9dients : sucre, gomme d\u2019acacia 36%, sirop de glucose, ar\u00f4me naturel d\u2019eucalyptus, menthol naturel, colorants : E132, E160a<\/p>\n","protected":false},"excerpt":{"rendered":"<p>Les traditionnels bonbons Eucalyptus Menthol \u00e0 la gomme d&#8217;acacia au bon go\u00fbt rafraichissant.<\/p>\n","protected":false},"featured_media":519,"comment_status":"open","ping_status":"closed","template":"","meta":[],"product_cat":[584,15,31],"product_tag":[],"_links":{"self":[{"href":"https:\/\/confiserie-adam.fr\/boutique\/wp-json\/wp\/v2\/product\/418"}],"collection":[{"href":"https:\/\/confiserie-adam.fr\/boutique\/wp-json\/wp\/v2\/product"}],"about":[{"href":"https:\/\/confiserie-adam.fr\/boutique\/wp-json\/wp\/v2\/types\/product"}],"replies":[{"embeddable":true,"href":"https:\/\/confiserie-adam.fr\/boutique\/wp-json\/wp\/v2\/comments?post=418"}],"wp:featuredmedia":[{"embeddable":true,"href":"https:\/\/confiserie-adam.fr\/boutique\/wp-json\/wp\/v2\/media\/519"}],"wp:attachment":[{"href":"https:\/\/confiserie-adam.fr\/boutique\/wp-json\/wp\/v2\/media?parent=418"}],"wp:term":[{"taxonomy":"product_cat","embeddable":true,"href":"https:\/\/confiserie-adam.fr\/boutique\/wp-json\/wp\/v2\/product_cat?post=418"},{"taxonomy":"product_tag","embeddable":true,"href":"https:\/\/confiserie-adam.fr\/boutique\/wp-json\/wp\/v2\/product_tag?post=418"}],"curies":[{"name":"wp","href":"https:\/\/api.w.org\/{rel}","templated":true}]}}