{"id":41414,"date":"2024-10-25T14:43:36","date_gmt":"2024-10-25T12:43:36","guid":{"rendered":"https:\/\/confiserie-adam.fr\/boutique\/produit\/cannes-candy\/"},"modified":"2026-04-14T18:06:52","modified_gmt":"2026-04-14T16:06:52","slug":"cannes-candy","status":"publish","type":"product","link":"https:\/\/confiserie-adam.fr\/boutique\/produit\/cannes-candy\/","title":{"rendered":"Cannes Candy"},"content":{"rendered":"<p>Cannes au sucre &#8211; 6 pi\u00e8ces<\/p>\n<p>&nbsp;<\/p>\n<p><strong>Confiserie Adam<\/strong><\/p>\n<p>Entreprise familiale qui a \u00e0 c\u0153ur ses clients. Vous offrir \u00e0 la fois le go\u00fbt, le plaisir gustatif et la qualit\u00e9.<\/p>\n<ul>\n<li>Fabrication fran\u00e7aise depuis 1912<\/li>\n<li>Entreprise du Patrimoine Vivant<\/li>\n<li>Ingr\u00e9dients de qualit\u00e9<\/li>\n<\/ul>\n<p>&nbsp;<\/p>\n<p><strong>Conseils de conservation<\/strong><\/p>\n<p>\u00c0 conserver \u00e0 l\u2019abri de la lumi\u00e8re et de l\u2019humidit\u00e9, dans un endroit frais et sec.<\/p>\n<p>&nbsp;<\/p>\n<p><strong><u>Ce produit contient<\/u><\/strong><\/p>\n<p>Ingr\u00e9dients : sucre, sirop de glucose, eau, ar\u00f4mes, colorant : E120.<\/p>\n","protected":false},"excerpt":{"rendered":"<p>Cannes en sucre &#8211; 6 pi\u00e8ces<\/p>\n","protected":false},"featured_media":41418,"comment_status":"open","ping_status":"closed","template":"","meta":[],"product_cat":[589,596],"product_tag":[],"_links":{"self":[{"href":"https:\/\/confiserie-adam.fr\/boutique\/wp-json\/wp\/v2\/product\/41414"}],"collection":[{"href":"https:\/\/confiserie-adam.fr\/boutique\/wp-json\/wp\/v2\/product"}],"about":[{"href":"https:\/\/confiserie-adam.fr\/boutique\/wp-json\/wp\/v2\/types\/product"}],"replies":[{"embeddable":true,"href":"https:\/\/confiserie-adam.fr\/boutique\/wp-json\/wp\/v2\/comments?post=41414"}],"wp:featuredmedia":[{"embeddable":true,"href":"https:\/\/confiserie-adam.fr\/boutique\/wp-json\/wp\/v2\/media\/41418"}],"wp:attachment":[{"href":"https:\/\/confiserie-adam.fr\/boutique\/wp-json\/wp\/v2\/media?parent=41414"}],"wp:term":[{"taxonomy":"product_cat","embeddable":true,"href":"https:\/\/confiserie-adam.fr\/boutique\/wp-json\/wp\/v2\/product_cat?post=41414"},{"taxonomy":"product_tag","embeddable":true,"href":"https:\/\/confiserie-adam.fr\/boutique\/wp-json\/wp\/v2\/product_tag?post=41414"}],"curies":[{"name":"wp","href":"https:\/\/api.w.org\/{rel}","templated":true}]}}