{"id":41413,"date":"2024-10-25T14:43:16","date_gmt":"2024-10-25T12:43:16","guid":{"rendered":"https:\/\/confiserie-adam.fr\/boutique\/produit\/10-peres-noel-boules-attache-sapin\/"},"modified":"2026-04-14T18:06:37","modified_gmt":"2026-04-14T16:06:37","slug":"10-peres-noel-boules-attache-sapin","status":"publish","type":"product","link":"https:\/\/confiserie-adam.fr\/boutique\/produit\/10-peres-noel-boules-attache-sapin\/","title":{"rendered":"10 P\u00e8res No\u00ebl &amp; Boules attache Sapin"},"content":{"rendered":"<p>Attaches sapin : 5 boules &amp; 5 p\u00e8res no\u00ebl chocolat au lait<\/p>\n<p>&nbsp;<\/p>\n<p><strong>Confiserie Adam<\/strong><\/p>\n<p>Entreprise familiale qui a \u00e0 c\u0153ur ses clients. Vous offrir \u00e0 la fois le go\u00fbt, le plaisir gustatif et la qualit\u00e9.<\/p>\n<ul>\n<li>Fabrication fran\u00e7aise depuis 1912<\/li>\n<li>Entreprise du Patrimoine Vivant<\/li>\n<li>Ingr\u00e9dients de qualit\u00e9<\/li>\n<\/ul>\n<p>&nbsp;<\/p>\n<p><strong>Conseils de conservation<\/strong><\/p>\n<p>\u00c0 conserver \u00e0 l\u2019abri de la lumi\u00e8re et de l\u2019humidit\u00e9, dans un endroit frais et sec.<\/p>\n<p>&nbsp;<\/p>\n<p><strong><u>Ce produit contient<\/u><\/strong><\/p>\n<p><strong>Moulage chocolat au lait\u00a0 (cacao : 31% minimum).<\/strong><\/p>\n<p>Ingr\u00e9dients\u00a0: Sucre, beurre de cacao, poudre de lait entier, p\u00e2te de cacao, \u00e9mulsifiant : l\u00e9cithines (soja), ar\u00f4me.<\/p>\n","protected":false},"excerpt":{"rendered":"<p>Attaches sapin : 5 boules &amp; 5 p\u00e8res no\u00ebl chocolat au lait \u00e0 accrocher au sapin<\/p>\n","protected":false},"featured_media":41420,"comment_status":"open","ping_status":"closed","template":"","meta":[],"product_cat":[589,592],"product_tag":[],"_links":{"self":[{"href":"https:\/\/confiserie-adam.fr\/boutique\/wp-json\/wp\/v2\/product\/41413"}],"collection":[{"href":"https:\/\/confiserie-adam.fr\/boutique\/wp-json\/wp\/v2\/product"}],"about":[{"href":"https:\/\/confiserie-adam.fr\/boutique\/wp-json\/wp\/v2\/types\/product"}],"replies":[{"embeddable":true,"href":"https:\/\/confiserie-adam.fr\/boutique\/wp-json\/wp\/v2\/comments?post=41413"}],"wp:featuredmedia":[{"embeddable":true,"href":"https:\/\/confiserie-adam.fr\/boutique\/wp-json\/wp\/v2\/media\/41420"}],"wp:attachment":[{"href":"https:\/\/confiserie-adam.fr\/boutique\/wp-json\/wp\/v2\/media?parent=41413"}],"wp:term":[{"taxonomy":"product_cat","embeddable":true,"href":"https:\/\/confiserie-adam.fr\/boutique\/wp-json\/wp\/v2\/product_cat?post=41413"},{"taxonomy":"product_tag","embeddable":true,"href":"https:\/\/confiserie-adam.fr\/boutique\/wp-json\/wp\/v2\/product_tag?post=41413"}],"curies":[{"name":"wp","href":"https:\/\/api.w.org\/{rel}","templated":true}]}}