{"id":41411,"date":"2024-10-25T14:43:08","date_gmt":"2024-10-25T12:43:08","guid":{"rendered":"https:\/\/confiserie-adam.fr\/boutique\/produit\/mini-poire-liqueur-poire-williams\/"},"modified":"2026-03-28T08:33:33","modified_gmt":"2026-03-28T07:33:33","slug":"mini-poire-liqueur-poire-williams","status":"publish","type":"product","link":"https:\/\/confiserie-adam.fr\/boutique\/produit\/mini-poire-liqueur-poire-williams\/","title":{"rendered":"Mini poire &#8211; liqueur poire williams"},"content":{"rendered":"<p>Mini poire chocolat noir fourr\u00e9 liqueur Poire Williams (avec alcool).<\/p>\n<p>&nbsp;<\/p>\n<p><strong>Confiserie Adam<\/strong><\/p>\n<p>Entreprise familiale qui a \u00e0 c\u0153ur ses clients. Vous offrir \u00e0 la fois le go\u00fbt, le plaisir gustatif et la qualit\u00e9.<\/p>\n<ul>\n<li>Fabrication fran\u00e7aise depuis 1912<\/li>\n<li>Entreprise du Patrimoine Vivant<\/li>\n<li>Ingr\u00e9dients de qualit\u00e9<\/li>\n<\/ul>\n<p>&nbsp;<\/p>\n<p><strong>Conseils de conservation<\/strong><\/p>\n<p>\u00c0 conserver \u00e0 l\u2019abri de la lumi\u00e8re et de l\u2019humidit\u00e9, dans un endroit frais et sec.<\/p>\n<p>&nbsp;<\/p>\n<p><strong><u>Ce produit contient<\/u><\/strong><\/p>\n<p><strong>Chocolat noir fourr\u00e9 liqueur Poire Williams.<\/strong><\/p>\n<p>Ingr\u00e9dients\u00a0: Sirop de sucre inverti, Sucre, p\u00e2te de cacao, beurre de cacao, eau de vie Poire Williams (3.9 %), alcool, ar\u00f4me, \u00e9mulsifiant : l\u00e9cithine de soja, extrait de vanille. Cacao : 51% minimum.<\/p>\n","protected":false},"excerpt":{"rendered":"<p>Chocolat noir fourr\u00e9 liqueur Poire Williams (avec alcool)<\/p>\n","protected":false},"featured_media":41419,"comment_status":"open","ping_status":"closed","template":"","meta":[],"product_cat":[589,592,594,596],"product_tag":[],"_links":{"self":[{"href":"https:\/\/confiserie-adam.fr\/boutique\/wp-json\/wp\/v2\/product\/41411"}],"collection":[{"href":"https:\/\/confiserie-adam.fr\/boutique\/wp-json\/wp\/v2\/product"}],"about":[{"href":"https:\/\/confiserie-adam.fr\/boutique\/wp-json\/wp\/v2\/types\/product"}],"replies":[{"embeddable":true,"href":"https:\/\/confiserie-adam.fr\/boutique\/wp-json\/wp\/v2\/comments?post=41411"}],"wp:featuredmedia":[{"embeddable":true,"href":"https:\/\/confiserie-adam.fr\/boutique\/wp-json\/wp\/v2\/media\/41419"}],"wp:attachment":[{"href":"https:\/\/confiserie-adam.fr\/boutique\/wp-json\/wp\/v2\/media?parent=41411"}],"wp:term":[{"taxonomy":"product_cat","embeddable":true,"href":"https:\/\/confiserie-adam.fr\/boutique\/wp-json\/wp\/v2\/product_cat?post=41411"},{"taxonomy":"product_tag","embeddable":true,"href":"https:\/\/confiserie-adam.fr\/boutique\/wp-json\/wp\/v2\/product_tag?post=41411"}],"curies":[{"name":"wp","href":"https:\/\/api.w.org\/{rel}","templated":true}]}}