{"id":414,"date":"2020-02-24T23:40:47","date_gmt":"2020-02-24T22:40:47","guid":{"rendered":"https:\/\/confiserie-adam.fr\/boutique\/produit\/amande-chocolat-nougat\/"},"modified":"2026-04-30T16:53:37","modified_gmt":"2026-04-30T14:53:37","slug":"amande-chocolat-nougat","status":"publish","type":"product","link":"https:\/\/confiserie-adam.fr\/boutique\/produit\/amande-chocolat-nougat\/","title":{"rendered":"Amande chocolat Nougat"},"content":{"rendered":"<p>Amande enrob\u00e9e de chocolat et p\u00e2te de nougat.<\/p>\n<p>&nbsp;<\/p>\n<p><strong>Ingr\u00e9dients principaux :<\/strong><\/p>\n<ul>\n<li>Amande qualit\u00e9 sup\u00e9rieure<\/li>\n<li>Chocolat et p\u00e2te de nougat<\/li>\n<\/ul>\n<p><strong>Confiserie Adam<\/strong><\/p>\n<p>Entreprise familiale qui a \u00e0 c\u0153ur ses clients. Vous offrir \u00e0 la fois le go\u00fbt, le plaisir gustatif et la qualit\u00e9.<\/p>\n<ul>\n<li>Fabrication fran\u00e7aise depuis 1912<\/li>\n<li>Entreprise du Patrimoine Vivant<\/li>\n<li>Ingr\u00e9dients de qualit\u00e9<\/li>\n<\/ul>\n<p>&nbsp;<\/p>\n<p><strong>Conseils de conservation<\/strong><\/p>\n<p>\u00c0 conserver \u00e0 l\u2019abri de la lumi\u00e8re et de l\u2019humidit\u00e9, dans un endroit frais et sec.<\/p>\n<p>&nbsp;<\/p>\n<p><strong><u>Ce produit contient <\/u><\/strong><\/p>\n<p>Amande grill\u00e9e enrob\u00e9e de p\u00e2te de nougat et chocolat blanc, finition chocolat au lait<\/p>\n<p>Ingr\u00e9dients : chocolat blanc 59% (cacao 29% minimum) (sucre, beurre de cacao, LAIT entier en poudre, \u00e9mulsifiant : l\u00e9cithine de SOJA, ar\u00f4me naturel de vanille), AMANDE grill\u00e9e 19%, chocolat au lait 9,9% (cacao 30% minimum) (sucre, LAIT entier en poudre, beurre de cacao, masse de cacao, \u00e9mulsifiant (l\u00e9cithine de SOJA), ar\u00f4me naturel de vanille), couverture \u00e0 base de p\u00e2te de nougat 9,9% (sucre, beurre de cacao, LAIT entier en poudre, AMANDE en poudre, sirop de glucose, miel, \u00e9mulsifiant : l\u00e9cithine de SOJA, ar\u00f4me naturel de vanille, albumine d&#8217;\u0152UF, pain azyme (f\u00e9cule de pomme de terre, eau, huile d&#8217;olive, vanilline), vernissage (sirop de glucose, sucre, agents d&#8217;enrobage : shellac, gomme d&#8217;acacia)<\/p>\n<p>Chocolats et couverture \u00e0 base de cr\u00e8me de nougat fabriqu\u00e9s en UE<\/p>\n<p>F\u00e8ves de cacao origine non UE<\/p>\n<p>Peut contenir autres fruits \u00e0 coque, gluten, arachides, s\u00e9same<\/p>\n","protected":false},"excerpt":{"rendered":"<p>Une d\u00e9licieuse amande enrob\u00e9e de chocolat saveur nougat. Une gourmandise croquante qui va vous faire craquer\u00a0!<\/p>\n<p>&nbsp;<\/p>\n","protected":false},"featured_media":36026,"comment_status":"open","ping_status":"closed","template":"","meta":[],"product_cat":[645,650,589,596,29,43],"product_tag":[],"_links":{"self":[{"href":"https:\/\/confiserie-adam.fr\/boutique\/wp-json\/wp\/v2\/product\/414"}],"collection":[{"href":"https:\/\/confiserie-adam.fr\/boutique\/wp-json\/wp\/v2\/product"}],"about":[{"href":"https:\/\/confiserie-adam.fr\/boutique\/wp-json\/wp\/v2\/types\/product"}],"replies":[{"embeddable":true,"href":"https:\/\/confiserie-adam.fr\/boutique\/wp-json\/wp\/v2\/comments?post=414"}],"wp:featuredmedia":[{"embeddable":true,"href":"https:\/\/confiserie-adam.fr\/boutique\/wp-json\/wp\/v2\/media\/36026"}],"wp:attachment":[{"href":"https:\/\/confiserie-adam.fr\/boutique\/wp-json\/wp\/v2\/media?parent=414"}],"wp:term":[{"taxonomy":"product_cat","embeddable":true,"href":"https:\/\/confiserie-adam.fr\/boutique\/wp-json\/wp\/v2\/product_cat?post=414"},{"taxonomy":"product_tag","embeddable":true,"href":"https:\/\/confiserie-adam.fr\/boutique\/wp-json\/wp\/v2\/product_tag?post=414"}],"curies":[{"name":"wp","href":"https:\/\/api.w.org\/{rel}","templated":true}]}}