{"id":412,"date":"2020-02-24T23:40:42","date_gmt":"2020-02-24T22:40:42","guid":{"rendered":"https:\/\/confiserie-adam.fr\/boutique\/produit\/amande-chocolat-tiramisu\/"},"modified":"2026-04-17T14:43:35","modified_gmt":"2026-04-17T12:43:35","slug":"amande-chocolat-tiramisu","status":"publish","type":"product","link":"https:\/\/confiserie-adam.fr\/boutique\/produit\/amande-chocolat-tiramisu\/","title":{"rendered":"Amande chocolat Tiramisu"},"content":{"rendered":"<p>Amande enrob\u00e9e de chocolat saveur tiramisu.<\/p>\n<p>&nbsp;<\/p>\n<p><strong>Ingr\u00e9dients principaux :<\/strong><\/p>\n<ul>\n<li>Amande qualit\u00e9 sup\u00e9rieure<\/li>\n<li>Chocolat saveur tiramisu<\/li>\n<\/ul>\n<p>&nbsp;<\/p>\n<p><strong>Confiserie Adam<\/strong><\/p>\n<p>Entreprise familiale qui a \u00e0 c\u0153ur ses clients. Vous offrir \u00e0 la fois le go\u00fbt, le plaisir gustatif et la qualit\u00e9.<\/p>\n<ul>\n<li>Fabrication fran\u00e7aise depuis 1912<\/li>\n<li>Entreprise du Patrimoine Vivant<\/li>\n<li>Ingr\u00e9dients de qualit\u00e9<\/li>\n<\/ul>\n<p>&nbsp;<\/p>\n<p><strong>Conseils de conservation<\/strong><\/p>\n<p>A conserver \u00e0 l\u2019abri de la lumi\u00e8re et de l\u2019humidit\u00e9, dans un endroit frais et sec.<\/p>\n<p>&nbsp;<\/p>\n<p><strong><u>Ce produit contient <\/u><\/strong><\/p>\n<p>Amande grill\u00e9e enrob\u00e9e de chocolat blanc aromatis\u00e9 saveur tiramisu<\/p>\n<p>Ingr\u00e9dients : Chocolat blanc 66% (cacao 26% minimum) (sucre, beurre de cacao, poudre de LAIT entier, poudre de LACTOSERUM, \u00e9mulsifiants : l\u00e9cithine de SOJA, E476, ar\u00f4me naturel de vanille), AMANDE grill\u00e9e 33%, ar\u00f4me, chocolat noir (cacao 60% min)(masse et beurre de cacao, sucre, \u00e9mulsifiant : l\u00e9cithine de SOJA). Peut contenir d&#8217;autres fruits \u00e0 coque, gluten, arachides, oeuf.<\/p>\n","protected":false},"excerpt":{"rendered":"<p>Une d\u00e9licieuse amande enrob\u00e9e de chocolat saveur tiramisu. Une gourmandise croquante qui va vous faire craquer\u00a0!<\/p>\n","protected":false},"featured_media":29329,"comment_status":"open","ping_status":"closed","template":"","meta":[],"product_cat":[589,596,29,43],"product_tag":[],"_links":{"self":[{"href":"https:\/\/confiserie-adam.fr\/boutique\/wp-json\/wp\/v2\/product\/412"}],"collection":[{"href":"https:\/\/confiserie-adam.fr\/boutique\/wp-json\/wp\/v2\/product"}],"about":[{"href":"https:\/\/confiserie-adam.fr\/boutique\/wp-json\/wp\/v2\/types\/product"}],"replies":[{"embeddable":true,"href":"https:\/\/confiserie-adam.fr\/boutique\/wp-json\/wp\/v2\/comments?post=412"}],"wp:featuredmedia":[{"embeddable":true,"href":"https:\/\/confiserie-adam.fr\/boutique\/wp-json\/wp\/v2\/media\/29329"}],"wp:attachment":[{"href":"https:\/\/confiserie-adam.fr\/boutique\/wp-json\/wp\/v2\/media?parent=412"}],"wp:term":[{"taxonomy":"product_cat","embeddable":true,"href":"https:\/\/confiserie-adam.fr\/boutique\/wp-json\/wp\/v2\/product_cat?post=412"},{"taxonomy":"product_tag","embeddable":true,"href":"https:\/\/confiserie-adam.fr\/boutique\/wp-json\/wp\/v2\/product_tag?post=412"}],"curies":[{"name":"wp","href":"https:\/\/api.w.org\/{rel}","templated":true}]}}