{"id":411,"date":"2020-02-24T23:40:40","date_gmt":"2020-02-24T22:40:40","guid":{"rendered":"https:\/\/confiserie-adam.fr\/boutique\/produit\/delices-amandes-4-saveurs\/"},"modified":"2026-04-08T10:15:29","modified_gmt":"2026-04-08T08:15:29","slug":"delices-amandes-4-saveurs","status":"publish","type":"product","link":"https:\/\/confiserie-adam.fr\/boutique\/produit\/delices-amandes-4-saveurs\/","title":{"rendered":"D\u00e9lices Amandes &#8211; 4 saveurs"},"content":{"rendered":"<p>Assortiment d&#8217;amandes grill\u00e9es enrob\u00e9es : Nougaline (cr\u00e8me de nougat), Vanilline (chocolat blanc vanille), Caram\u00e9line (chocolat caramel), S\u00e9ville (chocolat noir).<\/p>\n<p>&nbsp;<\/p>\n<p><em>Environ 67 pi\u00e8ces par sachet (donn\u00e9es \u00e0 titre indicatif \u00e0 plus ou moins 15 pi\u00e8ces).<\/em><\/p>\n<p>&nbsp;<\/p>\n<p><strong>Ingr\u00e9dients principaux :<\/strong><\/p>\n<ul>\n<li>Amande<\/li>\n<li>Chocolat<\/li>\n<\/ul>\n<p>&nbsp;<\/p>\n<p><strong>Confiserie Adam<\/strong><\/p>\n<p>Entreprise familiale qui a \u00e0 c\u0153ur ses clients. Vous offrir \u00e0 la fois le go\u00fbt, le plaisir gustatif et la qualit\u00e9.<\/p>\n<ul>\n<li>Fabrication fran\u00e7aise depuis 1912<\/li>\n<li>Entreprise du Patrimoine Vivant<\/li>\n<li>Ingr\u00e9dients de qualit\u00e9<\/li>\n<\/ul>\n<p>&nbsp;<\/p>\n<p><strong>Conseils de conservation<\/strong><\/p>\n<p>A conserver \u00e0 l\u2019abri de la lumi\u00e8re et de l\u2019humidit\u00e9, dans un endroit frais et sec.<\/p>\n<p>&nbsp;<\/p>\n<p><strong><u>Ce produit contient <\/u><\/strong><\/p>\n<p>Assortiment de 4 produits : S\u00e9ville : Amande grill\u00e9e enrob\u00e9e de chocolat noir et drag\u00e9ifi\u00e9e \/ Vanilline : Amande grill\u00e9e enrob\u00e9e de chocolat blanc aromatis\u00e9 saveur vanille et drag\u00e9ifi\u00e9e \/ Caram\u00e9line : Amande grill\u00e9e enrob\u00e9e de chocolat blanc aromatis\u00e9 saveur caramel et drag\u00e9ifi\u00e9e \/ Nougaline : Amande grill\u00e9e enrob\u00e9e de couverture \u00e0 base de cr\u00e8me de nougat et drag\u00e9ifi\u00e9e.<\/p>\n<p>Ingr\u00e9dients : sucre, AMANDE grill\u00e9e 28%, couverture \u00e0 base de cr\u00e8me de nougat 7% (sucre, beurre de cacao, poudre de LAIT entier, AMANDE \u00e9mond\u00e9e grill\u00e9e, sirop de glucose, miel, \u00e9mulsifiant : l\u00e9cithine de SOJA, ar\u00f4me naturel de vanille, albumine d&#8217;\u0152UF, f\u00e9cule de pomme de terre, eau, vanilline), chocolat blanc 7% (cacao 30% minimum) (sucre, beurre de cacao, LAIT \u00e9cr\u00e9m\u00e9 en poudre, LACTOSERUM en poudre, mati\u00e8re grasse LAITIERE, BEURRE, \u00e9mulsifiant : l\u00e9cithine de tournesol, ar\u00f4me naturel de vanille), chocolat blanc 7% (cacao 26% minimum)(sucre, beurre de cacao, LAIT entier en poudre, LACTOSERUM en poudre, \u00e9mulsifiants : l\u00e9cithine de SOJA, E476, ar\u00f4me naturel de vanille), chocolat noir 7% (acaco 54% minimum) (masse et beurre de cacao, sucre, \u00e9mulsifiant : l\u00e9cithine de SOJA), amidon de riz, stabilisant : gomme d&#8217;acacia, ar\u00f4mes, agents d&#8217;enrobage : E901, E903, E904, f\u00e9cule de pomme de terre, colorants : E102, E104, E124, E129, E132, E133, E153. Peut contenir d&#8217;autres fruits \u00e0 coque, gluten, arachides. E102, E104, E124, E129 : peut avoir des effets ind\u00e9sirables sur l&#8217;activit\u00e9 et l&#8217;attention chez les enfants.<\/p>\n","protected":false},"excerpt":{"rendered":"<p>Un assortiment d&#8217;amandes grill\u00e9es savoureuses : cr\u00e8me de nougat, chocolat caramel, chocolat noir, chocolat blanc vanille.<\/p>\n","protected":false},"featured_media":39071,"comment_status":"open","ping_status":"closed","template":"","meta":[],"product_cat":[29,44,30,47],"product_tag":[],"_links":{"self":[{"href":"https:\/\/confiserie-adam.fr\/boutique\/wp-json\/wp\/v2\/product\/411"}],"collection":[{"href":"https:\/\/confiserie-adam.fr\/boutique\/wp-json\/wp\/v2\/product"}],"about":[{"href":"https:\/\/confiserie-adam.fr\/boutique\/wp-json\/wp\/v2\/types\/product"}],"replies":[{"embeddable":true,"href":"https:\/\/confiserie-adam.fr\/boutique\/wp-json\/wp\/v2\/comments?post=411"}],"wp:featuredmedia":[{"embeddable":true,"href":"https:\/\/confiserie-adam.fr\/boutique\/wp-json\/wp\/v2\/media\/39071"}],"wp:attachment":[{"href":"https:\/\/confiserie-adam.fr\/boutique\/wp-json\/wp\/v2\/media?parent=411"}],"wp:term":[{"taxonomy":"product_cat","embeddable":true,"href":"https:\/\/confiserie-adam.fr\/boutique\/wp-json\/wp\/v2\/product_cat?post=411"},{"taxonomy":"product_tag","embeddable":true,"href":"https:\/\/confiserie-adam.fr\/boutique\/wp-json\/wp\/v2\/product_tag?post=411"}],"curies":[{"name":"wp","href":"https:\/\/api.w.org\/{rel}","templated":true}]}}