{"id":407,"date":"2020-02-24T23:40:30","date_gmt":"2020-02-24T22:40:30","guid":{"rendered":"https:\/\/confiserie-adam.fr\/boutique\/produit\/amande-et-noisette-creole-chocolat-lait-et-noir\/"},"modified":"2026-04-23T08:48:35","modified_gmt":"2026-04-23T06:48:35","slug":"amande-et-noisette-creole-chocolat-lait-et-noir","status":"publish","type":"product","link":"https:\/\/confiserie-adam.fr\/boutique\/produit\/amande-et-noisette-creole-chocolat-lait-et-noir\/","title":{"rendered":"Amande et noisette cr\u00e9ole chocolat lait et noir"},"content":{"rendered":"<p>Assortiment d&#8217;amandes et de noisettes enrob\u00e9es de chocolat au lait et noir.<\/p>\n<p>&nbsp;<\/p>\n<p><strong>Ingr\u00e9dients principaux :<\/strong><\/p>\n<ul>\n<li>Amande et Noisette qualit\u00e9 sup\u00e9rieure<\/li>\n<li>Chocolat fondant<\/li>\n<\/ul>\n<p>&nbsp;<\/p>\n<p><strong>Confiserie Adam<\/strong><\/p>\n<p>Entreprise familiale qui a \u00e0 c\u0153ur ses clients. Vous offrir \u00e0 la fois le go\u00fbt, le plaisir gustatif et la qualit\u00e9.<\/p>\n<ul>\n<li>Fabrication fran\u00e7aise depuis 1912<\/li>\n<li>Entreprise du Patrimoine Vivant<\/li>\n<li>Ingr\u00e9dients de qualit\u00e9<\/li>\n<\/ul>\n<p>&nbsp;<\/p>\n<p><strong>Conseils de conservation<\/strong><\/p>\n<p>A conserver \u00e0 l\u2019abri de la lumi\u00e8re et de l\u2019humidit\u00e9, dans un endroit frais et sec.<\/p>\n<p>&nbsp;<\/p>\n<p><strong><u>Ce produit contient <\/u><\/strong><\/p>\n<p>Amande ou noisette grill\u00e9e enrob\u00e9e de chocolat au lait ou de chocolat noir<\/p>\n<p>Ingr\u00e9dients: Chocolat noir 33% (cacao 54% minimum) (masse et beurre de cacao, sucre, \u00e9mulsifiant : l\u00e9cithine de SOJA), chocolat au LAIT 33% (cacao 30% minimum) (sucre, poudre de LAIT entier, beurre de cacao, masse de cacao, poudre de LACTOSERUM, \u00e9mulsifiants : l\u00e9cithine de SOJA, E476, ar\u00f4me naturel de vanille), AMANDE grill\u00e9e 16%, NOISETTE grill\u00e9e 16%, vernissage (sirop de glucose, sucre, agents d&#8217;enrobage : E904, gomme d&#8217;acacia). Peut contenir d&#8217;autres fruits \u00e0 coque, oeuf, arachides, gluten<\/p>\n","protected":false},"excerpt":{"rendered":"<p>Un assortiment d&#8217;amandes et de noisettes croquantes enrob\u00e9es de chocolat au lait et de chocolat noir.<\/p>\n","protected":false},"featured_media":44397,"comment_status":"open","ping_status":"closed","template":"","meta":[],"product_cat":[589,596,29,43],"product_tag":[],"_links":{"self":[{"href":"https:\/\/confiserie-adam.fr\/boutique\/wp-json\/wp\/v2\/product\/407"}],"collection":[{"href":"https:\/\/confiserie-adam.fr\/boutique\/wp-json\/wp\/v2\/product"}],"about":[{"href":"https:\/\/confiserie-adam.fr\/boutique\/wp-json\/wp\/v2\/types\/product"}],"replies":[{"embeddable":true,"href":"https:\/\/confiserie-adam.fr\/boutique\/wp-json\/wp\/v2\/comments?post=407"}],"wp:featuredmedia":[{"embeddable":true,"href":"https:\/\/confiserie-adam.fr\/boutique\/wp-json\/wp\/v2\/media\/44397"}],"wp:attachment":[{"href":"https:\/\/confiserie-adam.fr\/boutique\/wp-json\/wp\/v2\/media?parent=407"}],"wp:term":[{"taxonomy":"product_cat","embeddable":true,"href":"https:\/\/confiserie-adam.fr\/boutique\/wp-json\/wp\/v2\/product_cat?post=407"},{"taxonomy":"product_tag","embeddable":true,"href":"https:\/\/confiserie-adam.fr\/boutique\/wp-json\/wp\/v2\/product_tag?post=407"}],"curies":[{"name":"wp","href":"https:\/\/api.w.org\/{rel}","templated":true}]}}