{"id":401,"date":"2020-02-24T23:40:14","date_gmt":"2020-02-24T22:40:14","guid":{"rendered":"https:\/\/confiserie-adam.fr\/boutique\/produit\/citron-confit-chocolat\/"},"modified":"2026-04-23T08:48:28","modified_gmt":"2026-04-23T06:48:28","slug":"citron-confit-chocolat","status":"publish","type":"product","link":"https:\/\/confiserie-adam.fr\/boutique\/produit\/citron-confit-chocolat\/","title":{"rendered":"Citron confit chocolat"},"content":{"rendered":"<p>Citron confit enrob\u00e9 de chocolat.<\/p>\n<p>&nbsp;<\/p>\n<p><strong>Ingr\u00e9dients principaux :<\/strong><\/p>\n<ul>\n<li>Citron confit<\/li>\n<li>Chocolat fondant<\/li>\n<\/ul>\n<p>&nbsp;<\/p>\n<p><strong>Confiserie Adam<\/strong><\/p>\n<p>Entreprise familiale qui a \u00e0 c\u0153ur ses clients. Vous offrir \u00e0 la fois le go\u00fbt, le plaisir gustatif et la qualit\u00e9.<\/p>\n<ul>\n<li>Fabrication fran\u00e7aise depuis 1912<\/li>\n<li>Entreprise du Patrimoine Vivant<\/li>\n<li>Ingr\u00e9dients de qualit\u00e9<\/li>\n<\/ul>\n<p>&nbsp;<\/p>\n<p><strong>Conseils de conservation<\/strong><\/p>\n<p>A conserver \u00e0 l\u2019abri de la lumi\u00e8re et de l\u2019humidit\u00e9, dans un endroit frais et sec.<\/p>\n<p>&nbsp;<\/p>\n<p><strong><u>Ce produit contient <\/u><\/strong><\/p>\n<p>Citron s\u00e9ch\u00e9 confit enrob\u00e9 de chocolat blanc et de chocolat noir aromatis\u00e9 saveur citron<\/p>\n<p>Ingr\u00e9dients : Chocolat noir 40% (cacao 54% minimum)(masse et beurre de cacao, sucre, \u00e9mulsifiant : l\u00e9cithine de SOJA), chocolat blanc 37% (cacao 26% minimum)(sucre, beurre de cacao, poudre de LAIT entier, poudre de LACTOSERUM, \u00e9mulsifiant : l\u00e9cithine de SOJA, E476, ar\u00f4me), citron s\u00e9ch\u00e9 confit 21% (cubes de citron 18%, sirop de glucose &#8211; fructose et saccharose, correcteur d\u2019acidit\u00e9 : E330, conservateur : SULFITES E220), vernissage (sirop de glucose, sucre, agents d&#8217;enrobage : E904, gomme d&#8217;acacia), ar\u00f4me, colorant : E100. Peut contenir : fruits \u00e0 coque, gluten, \u0153uf, arachides.<\/p>\n","protected":false},"excerpt":{"rendered":"<p>Un d\u00e9licieux citron confit m\u00eal\u00e9 \u00e0 du chocolat. Le fruit sublim\u00e9.<\/p>\n","protected":false},"featured_media":44400,"comment_status":"open","ping_status":"closed","template":"","meta":[],"product_cat":[645,650,29,41],"product_tag":[],"_links":{"self":[{"href":"https:\/\/confiserie-adam.fr\/boutique\/wp-json\/wp\/v2\/product\/401"}],"collection":[{"href":"https:\/\/confiserie-adam.fr\/boutique\/wp-json\/wp\/v2\/product"}],"about":[{"href":"https:\/\/confiserie-adam.fr\/boutique\/wp-json\/wp\/v2\/types\/product"}],"replies":[{"embeddable":true,"href":"https:\/\/confiserie-adam.fr\/boutique\/wp-json\/wp\/v2\/comments?post=401"}],"wp:featuredmedia":[{"embeddable":true,"href":"https:\/\/confiserie-adam.fr\/boutique\/wp-json\/wp\/v2\/media\/44400"}],"wp:attachment":[{"href":"https:\/\/confiserie-adam.fr\/boutique\/wp-json\/wp\/v2\/media?parent=401"}],"wp:term":[{"taxonomy":"product_cat","embeddable":true,"href":"https:\/\/confiserie-adam.fr\/boutique\/wp-json\/wp\/v2\/product_cat?post=401"},{"taxonomy":"product_tag","embeddable":true,"href":"https:\/\/confiserie-adam.fr\/boutique\/wp-json\/wp\/v2\/product_tag?post=401"}],"curies":[{"name":"wp","href":"https:\/\/api.w.org\/{rel}","templated":true}]}}