{"id":40034,"date":"2024-07-24T09:26:49","date_gmt":"2024-07-24T07:26:49","guid":{"rendered":"https:\/\/confiserie-adam.fr\/boutique\/produit\/nougaline-amande-grillee-et-creme-de-nougat-second-choix\/"},"modified":"2026-04-02T15:52:31","modified_gmt":"2026-04-02T13:52:31","slug":"nougaline-amande-grillee-et-creme-de-nougat-second-choix","status":"publish","type":"product","link":"https:\/\/confiserie-adam.fr\/boutique\/produit\/nougaline-amande-grillee-et-creme-de-nougat-second-choix\/","title":{"rendered":"Nougaline &#8211; Amande grill\u00e9e et cr\u00e8me de nougat &#8211; second choix"},"content":{"rendered":"<p>Amande grill\u00e9e enrob\u00e9e de cr\u00e8me de nougat et drag\u00e9ifi\u00e9e &#8211; Second choix<\/p>\n<p>&nbsp;<\/p>\n<p>Second choix : Quelques d\u00e9fauts esth\u00e9tiques diff\u00e9rencient ces produits, cependant la qualit\u00e9 gustative, la noblesse des ingr\u00e9dients ainsi que la fabrication restent identiques.<br \/>\nLe plaisir gourmand est inchang\u00e9 !<\/p>\n<p>&nbsp;<\/p>\n<p><strong>Confiserie Adam<\/strong><\/p>\n<p>Entreprise familiale qui a \u00e0 c\u0153ur ses clients. Vous offrir \u00e0 la fois le go\u00fbt, le plaisir gustatif et la qualit\u00e9.<\/p>\n<ul>\n<li>Fabrication fran\u00e7aise depuis 1912<\/li>\n<li>Entreprise du Patrimoine Vivant<\/li>\n<li>Ingr\u00e9dients de qualit\u00e9<\/li>\n<\/ul>\n<p>&nbsp;<\/p>\n<p><strong>Conseils de conservation<\/strong><\/p>\n<p>\u00c0 conserver \u00e0 l\u2019abri de la lumi\u00e8re et de l\u2019humidit\u00e9, dans un endroit frais et sec.<\/p>\n<p>&nbsp;<\/p>\n<p><strong><u>Ce produit contient<\/u><\/strong><\/p>\n<p>Amande grill\u00e9e enrob\u00e9e de cr\u00e8me de nougat et drag\u00e9ifi\u00e9e<\/p>\n<p>Ingr\u00e9dients : sucre, AMANDE grill\u00e9e 28%, couverture \u00e0 base de cr\u00e8me de nougat 28% (sucre, beurre de cacao, poudre de LAIT entier, AMANDES \u00e9mond\u00e9es grill\u00e9es, sirop de glucose, miel, \u00e9mulsifiant : l\u00e9cithine de SOJA, ar\u00f4me naturel de vanille, albumine d&#8217;OEUF, pain azyme (f\u00e9cule de pomme de terre, eau, huile d&#8217;olive), vaniline), amidon de riz, stabilisant : gomme d&#8217;acacia, sucre glace (sucre, f\u00e9cule de pomme de terre), ar\u00f4me, ar\u00f4me naturel de vanille<\/p>\n<p>Amande origine non UE &#8211; Sucre origine UE &#8211; Cr\u00e8me de nougat fabriqu\u00e9e UE<\/p>\n<p>Peut contenir : autres fruits \u00e0 coque, gluten, arachides<\/p>\n","protected":false},"excerpt":{"rendered":"<p>Second choix : Quelques d\u00e9fauts esth\u00e9tiques diff\u00e9rencient ces produits, cependant la qualit\u00e9 gustative, la noblesse des ingr\u00e9dients ainsi que la fabrication restent identiques.<\/p>\n","protected":false},"featured_media":26757,"comment_status":"open","ping_status":"closed","template":"","meta":[],"product_cat":[743,772],"product_tag":[],"_links":{"self":[{"href":"https:\/\/confiserie-adam.fr\/boutique\/wp-json\/wp\/v2\/product\/40034"}],"collection":[{"href":"https:\/\/confiserie-adam.fr\/boutique\/wp-json\/wp\/v2\/product"}],"about":[{"href":"https:\/\/confiserie-adam.fr\/boutique\/wp-json\/wp\/v2\/types\/product"}],"replies":[{"embeddable":true,"href":"https:\/\/confiserie-adam.fr\/boutique\/wp-json\/wp\/v2\/comments?post=40034"}],"wp:featuredmedia":[{"embeddable":true,"href":"https:\/\/confiserie-adam.fr\/boutique\/wp-json\/wp\/v2\/media\/26757"}],"wp:attachment":[{"href":"https:\/\/confiserie-adam.fr\/boutique\/wp-json\/wp\/v2\/media?parent=40034"}],"wp:term":[{"taxonomy":"product_cat","embeddable":true,"href":"https:\/\/confiserie-adam.fr\/boutique\/wp-json\/wp\/v2\/product_cat?post=40034"},{"taxonomy":"product_tag","embeddable":true,"href":"https:\/\/confiserie-adam.fr\/boutique\/wp-json\/wp\/v2\/product_tag?post=40034"}],"curies":[{"name":"wp","href":"https:\/\/api.w.org\/{rel}","templated":true}]}}