{"id":40010,"date":"2024-07-23T14:13:37","date_gmt":"2024-07-23T12:13:37","guid":{"rendered":"https:\/\/confiserie-adam.fr\/boutique\/produit\/pralissimo-blanc-second-choix\/"},"modified":"2026-04-02T15:52:32","modified_gmt":"2026-04-02T13:52:32","slug":"pralissimo-blanc-ou-ecru-second-choix","status":"publish","type":"product","link":"https:\/\/confiserie-adam.fr\/boutique\/produit\/pralissimo-blanc-ou-ecru-second-choix\/","title":{"rendered":"Pralissimo blanc ou \u00e9cru &#8211; second choix"},"content":{"rendered":"<p>Pralissimo &#8211; Amande grill\u00e9e enrob\u00e9 chocolat noir &amp; p\u00e2te de pralin\u00e9 &#8211; Second choix<\/p>\n<p>&nbsp;<\/p>\n<p>Second choix : Quelques d\u00e9fauts esth\u00e9tiques diff\u00e9rencient ces produits, cependant la qualit\u00e9 gustative, la noblesse des ingr\u00e9dients ainsi que la fabrication restent identiques.<br \/>\nLe plaisir gourmand est inchang\u00e9 !<\/p>\n<p>&nbsp;<\/p>\n<p><strong>Confiserie Adam<\/strong><\/p>\n<p>Entreprise familiale qui a \u00e0 c\u0153ur ses clients. Vous offrir \u00e0 la fois le go\u00fbt, le plaisir gustatif et la qualit\u00e9.<\/p>\n<ul>\n<li>Fabrication fran\u00e7aise depuis 1912<\/li>\n<li>Entreprise du Patrimoine Vivant<\/li>\n<li>Ingr\u00e9dients de qualit\u00e9<\/li>\n<\/ul>\n<p>&nbsp;<\/p>\n<p><strong>Conseils de conservation<\/strong><\/p>\n<p>\u00c0 conserver \u00e0 l\u2019abri de la lumi\u00e8re et de l\u2019humidit\u00e9, dans un endroit frais et sec.<\/p>\n<p>&nbsp;<\/p>\n<p><strong><u>Ce produit contient<\/u><\/strong><\/p>\n<p>Amande grill\u00e9e enrob\u00e9e de chocolat noir et de p\u00e2te de pralin\u00e9 noisette, drag\u00e9ifi\u00e9e<\/p>\n<p>Ingr\u00e9dients : sucre, chocolat noir 21% (cacao 60% minimum) (masse et beurre de cacao, sucre, \u00e9mulsifiant : l\u00e9cithine de SOJA), pralin\u00e9 noisette 21% (NOISETTE 10%, sucre, \u00e9mulsifiant : l\u00e9cithine de tournesol), AMANDE grill\u00e9e 15%, amidon de riz, stabilisant : gomme d&#8217;acacia, sucre glace (sucre, f\u00e9cule de pomme de terre), ar\u00f4me naturel de vanille, beurre de cacao, agents d&#8217;enrobage (cire d&#8217;abeille blanche et jaune, cire de carnauba, shellac), colorant : E153<\/p>\n<p>P\u00e2te pralin\u00e9 et chocolat fabriqu\u00e9s en UE &#8211; Amande et f\u00e8ves de cacao origine non-UE &#8211; Sucre origine UE<\/p>\n<p>Peut contenir : autres fruits \u00e0 coque, gluten, arachides, oeuf, lait<\/p>\n","protected":false},"excerpt":{"rendered":"<p>Second choix : Quelques d\u00e9fauts esth\u00e9tiques diff\u00e9rencient ces produits, cependant la qualit\u00e9 gustative, la noblesse des ingr\u00e9dients ainsi que la fabrication restent identiques.<\/p>\n","protected":false},"featured_media":40016,"comment_status":"open","ping_status":"closed","template":"","meta":[],"product_cat":[743,772],"product_tag":[],"_links":{"self":[{"href":"https:\/\/confiserie-adam.fr\/boutique\/wp-json\/wp\/v2\/product\/40010"}],"collection":[{"href":"https:\/\/confiserie-adam.fr\/boutique\/wp-json\/wp\/v2\/product"}],"about":[{"href":"https:\/\/confiserie-adam.fr\/boutique\/wp-json\/wp\/v2\/types\/product"}],"replies":[{"embeddable":true,"href":"https:\/\/confiserie-adam.fr\/boutique\/wp-json\/wp\/v2\/comments?post=40010"}],"wp:featuredmedia":[{"embeddable":true,"href":"https:\/\/confiserie-adam.fr\/boutique\/wp-json\/wp\/v2\/media\/40016"}],"wp:attachment":[{"href":"https:\/\/confiserie-adam.fr\/boutique\/wp-json\/wp\/v2\/media?parent=40010"}],"wp:term":[{"taxonomy":"product_cat","embeddable":true,"href":"https:\/\/confiserie-adam.fr\/boutique\/wp-json\/wp\/v2\/product_cat?post=40010"},{"taxonomy":"product_tag","embeddable":true,"href":"https:\/\/confiserie-adam.fr\/boutique\/wp-json\/wp\/v2\/product_tag?post=40010"}],"curies":[{"name":"wp","href":"https:\/\/api.w.org\/{rel}","templated":true}]}}