{"id":400,"date":"2020-02-24T23:40:11","date_gmt":"2020-02-24T22:40:11","guid":{"rendered":"https:\/\/confiserie-adam.fr\/boutique\/produit\/orange-confite-chocolat\/"},"modified":"2026-03-28T08:27:52","modified_gmt":"2026-03-28T07:27:52","slug":"orange-confite-chocolat","status":"publish","type":"product","link":"https:\/\/confiserie-adam.fr\/boutique\/produit\/orange-confite-chocolat\/","title":{"rendered":"Orange confite chocolat"},"content":{"rendered":"<p>Orange confite enrob\u00e9e de chocolat.<\/p>\n<p><em>Nous utilisons des colorants naturels lors de la fabrication de ce produit, les teintes peuvent varier et ne pas \u00eatre identiques \u00e0 la photo pr\u00e9sent\u00e9e.<\/em><\/p>\n<p>&nbsp;<\/p>\n<p><strong>Ingr\u00e9dients principaux :<\/strong><\/p>\n<ul>\n<li>Orange confite<\/li>\n<li>Chocolat fondant<\/li>\n<\/ul>\n<p>&nbsp;<\/p>\n<p><strong>Confiserie Adam<\/strong><\/p>\n<p>Entreprise familiale qui a \u00e0 c\u0153ur ses clients. Vous offrir \u00e0 la fois le go\u00fbt, le plaisir gustatif et la qualit\u00e9.<\/p>\n<ul>\n<li>Fabrication fran\u00e7aise depuis 1912<\/li>\n<li>Entreprise du Patrimoine Vivant<\/li>\n<li>Ingr\u00e9dients de qualit\u00e9<\/li>\n<\/ul>\n<p>&nbsp;<\/p>\n<p><strong>Conseils de conservation<\/strong><\/p>\n<p>A conserver \u00e0 l\u2019abri de la lumi\u00e8re et de l\u2019humidit\u00e9, dans un endroit frais et sec.<\/p>\n<p>&nbsp;<\/p>\n<p><strong><u>Ce produit contient <\/u><\/strong><\/p>\n<p>Orange s\u00e9ch\u00e9e confite enrob\u00e9e de chocolat blanc et de chocolat noir aromatis\u00e9 saveur orange<\/p>\n<p>Ingr\u00e9dients : Chocolat noir et chocolat blanc 77% (cacao 54% et 26% minimum) (sucre, masse de cacao, beurre de cacao, poudre de LAIT entier, poudre de LACTOSERUM, \u00e9mulsifiants : l\u00e9cithine de SOJA, E476, ar\u00f4me), orange s\u00e9ch\u00e9e confite 21% (cubes d&#8217;orange 18%, sirop de glucose &#8211; fructose et saccharose, correcteur d\u2019acidit\u00e9 : E330, conservateur : SULFITES E220), vernissage (sirop de glucose, sucre, agents d&#8217;enrobage : E904, gomme d&#8217;acacia), ar\u00f4me, colorant : E160a. Peut contenir fruits \u00e0 coque, gluten, oeuf, arachides.<\/p>\n","protected":false},"excerpt":{"rendered":"<p>Une d\u00e9licieuse orange confite m\u00eal\u00e9e \u00e0 du chocolat. Le fruit sublim\u00e9.<\/p>\n","protected":false},"featured_media":39831,"comment_status":"open","ping_status":"closed","template":"","meta":[],"product_cat":[589,596,29,41],"product_tag":[],"_links":{"self":[{"href":"https:\/\/confiserie-adam.fr\/boutique\/wp-json\/wp\/v2\/product\/400"}],"collection":[{"href":"https:\/\/confiserie-adam.fr\/boutique\/wp-json\/wp\/v2\/product"}],"about":[{"href":"https:\/\/confiserie-adam.fr\/boutique\/wp-json\/wp\/v2\/types\/product"}],"replies":[{"embeddable":true,"href":"https:\/\/confiserie-adam.fr\/boutique\/wp-json\/wp\/v2\/comments?post=400"}],"wp:featuredmedia":[{"embeddable":true,"href":"https:\/\/confiserie-adam.fr\/boutique\/wp-json\/wp\/v2\/media\/39831"}],"wp:attachment":[{"href":"https:\/\/confiserie-adam.fr\/boutique\/wp-json\/wp\/v2\/media?parent=400"}],"wp:term":[{"taxonomy":"product_cat","embeddable":true,"href":"https:\/\/confiserie-adam.fr\/boutique\/wp-json\/wp\/v2\/product_cat?post=400"},{"taxonomy":"product_tag","embeddable":true,"href":"https:\/\/confiserie-adam.fr\/boutique\/wp-json\/wp\/v2\/product_tag?post=400"}],"curies":[{"name":"wp","href":"https:\/\/api.w.org\/{rel}","templated":true}]}}