{"id":39963,"date":"2024-07-18T16:49:09","date_gmt":"2024-07-18T14:49:09","guid":{"rendered":"https:\/\/confiserie-adam.fr\/boutique\/produit\/sachet-surprise-noel-chocolat-papillote-2\/"},"modified":"2026-03-28T08:33:36","modified_gmt":"2026-03-28T07:33:36","slug":"sachet-surprise-noel-chocolat-meringue-de-noel","status":"publish","type":"product","link":"https:\/\/confiserie-adam.fr\/boutique\/produit\/sachet-surprise-noel-chocolat-meringue-de-noel\/","title":{"rendered":"Sachet surprise No\u00ebl &#8211; Chocolat &amp; meringue de No\u00ebl"},"content":{"rendered":"<p>Sachet d\u00e9cor No\u00ebl garni de<\/p>\n<ul>\n<li>1 p\u00e8re No\u00ebl chocolat au lait<\/li>\n<li>1 canne candy<\/li>\n<li>1 attache sapin<\/li>\n<li>environ 12 soufflages de No\u00ebl<\/li>\n<\/ul>\n<p>&nbsp;<\/p>\n<p><strong>Confiserie Adam<\/strong><\/p>\n<p>Entreprise familiale qui a \u00e0 c\u0153ur ses clients. Vous offrir \u00e0 la fois le go\u00fbt, le plaisir gustatif et la qualit\u00e9.<\/p>\n<ul>\n<li>Fabrication fran\u00e7aise depuis 1912<\/li>\n<li>Entreprise du Patrimoine Vivant<\/li>\n<li>Ingr\u00e9dients de qualit\u00e9<\/li>\n<\/ul>\n<p>&nbsp;<\/p>\n<p><strong>Conseils de conservation<\/strong><\/p>\n<p>\u00c0 conserver \u00e0 l\u2019abri de la lumi\u00e8re et de l\u2019humidit\u00e9, dans un endroit frais et sec.<\/p>\n<p>&nbsp;<\/p>\n<p><strong><u>Ce produit contient<\/u><\/strong><\/p>\n<p><strong>Assortiment de produits<\/strong><\/p>\n<p>Moulage chocolat au lait d\u00e9cor\u00e9 et attache sapin (cacao 30% min.)<\/p>\n<p>Ingr\u00e9dients : sucre, LAIT entier en poudre, beurre de cacao, masse de cacao, lactos\u00e9rum en poudre (LAIT), \u00e9mulsifiants (l\u00e9cithine (SOJA), E476), ar\u00f4me.<\/p>\n<p>Candy canne<\/p>\n<p>Ingr\u00e9dients : sucre, sirop de glucose, eau, ar\u00f4mes, colorant : E120.<\/p>\n<p>Meringues fantaisie aromatis\u00e9es.<\/p>\n<p>Ingr\u00e9dients : Sucre, sirop de glucose, g\u00e9lifiant : g\u00e9latine, acidifiant : acide citrique, ar\u00f4mes, concentr\u00e9 de carthame, colorants : complexes cuivriques de chlorophyllines, rouge de betterave.<\/p>\n","protected":false},"excerpt":{"rendered":"<p>Sachet d\u00e9cor No\u00ebl garni de<\/p>\n<ul>\n<li>1 p\u00e8re No\u00ebl chocolat au lait<\/li>\n<li>1 canne candy<\/li>\n<li>1 attache sapin<\/li>\n<li>environ 12 soufflages de No\u00ebl<\/li>\n<\/ul>\n","protected":false},"featured_media":41487,"comment_status":"open","ping_status":"closed","template":"","meta":[],"product_cat":[589,592,595],"product_tag":[],"_links":{"self":[{"href":"https:\/\/confiserie-adam.fr\/boutique\/wp-json\/wp\/v2\/product\/39963"}],"collection":[{"href":"https:\/\/confiserie-adam.fr\/boutique\/wp-json\/wp\/v2\/product"}],"about":[{"href":"https:\/\/confiserie-adam.fr\/boutique\/wp-json\/wp\/v2\/types\/product"}],"replies":[{"embeddable":true,"href":"https:\/\/confiserie-adam.fr\/boutique\/wp-json\/wp\/v2\/comments?post=39963"}],"wp:featuredmedia":[{"embeddable":true,"href":"https:\/\/confiserie-adam.fr\/boutique\/wp-json\/wp\/v2\/media\/41487"}],"wp:attachment":[{"href":"https:\/\/confiserie-adam.fr\/boutique\/wp-json\/wp\/v2\/media?parent=39963"}],"wp:term":[{"taxonomy":"product_cat","embeddable":true,"href":"https:\/\/confiserie-adam.fr\/boutique\/wp-json\/wp\/v2\/product_cat?post=39963"},{"taxonomy":"product_tag","embeddable":true,"href":"https:\/\/confiserie-adam.fr\/boutique\/wp-json\/wp\/v2\/product_tag?post=39963"}],"curies":[{"name":"wp","href":"https:\/\/api.w.org\/{rel}","templated":true}]}}