{"id":399,"date":"2020-02-24T23:40:09","date_gmt":"2020-02-24T22:40:09","guid":{"rendered":"https:\/\/confiserie-adam.fr\/boutique\/produit\/amande-chocolat-speculoos\/"},"modified":"2026-04-23T08:48:24","modified_gmt":"2026-04-23T06:48:24","slug":"amande-chocolat-speculoos","status":"publish","type":"product","link":"https:\/\/confiserie-adam.fr\/boutique\/produit\/amande-chocolat-speculoos\/","title":{"rendered":"Amande chocolat Sp\u00e9culoos"},"content":{"rendered":"<p>Amande enrob\u00e9e de chocolat saveur sp\u00e9culoos.<\/p>\n<p>&nbsp;<\/p>\n<p><strong>Ingr\u00e9dients principaux :<\/strong><\/p>\n<ul>\n<li>Amande qualit\u00e9 sup\u00e9rieure<\/li>\n<li>Chocolat et p\u00e2te de sp\u00e9culoos<\/li>\n<\/ul>\n<p><strong>Confiserie Adam<\/strong><\/p>\n<p>Entreprise familiale qui a \u00e0 c\u0153ur ses clients. Vous offrir \u00e0 la fois le go\u00fbt, le plaisir gustatif et la qualit\u00e9.<\/p>\n<ul>\n<li>Fabrication fran\u00e7aise depuis 1912<\/li>\n<li>Entreprise du Patrimoine Vivant<\/li>\n<li>Ingr\u00e9dients de qualit\u00e9<\/li>\n<\/ul>\n<p>&nbsp;<\/p>\n<p><strong>Conseils de conservation<\/strong><\/p>\n<p>A conserver \u00e0 l\u2019abri de la lumi\u00e8re et de l\u2019humidit\u00e9, dans un endroit frais et sec.<\/p>\n<p>&nbsp;<\/p>\n<p><strong><u>Ce produit contient <\/u><\/strong><\/p>\n<p>Amande grill\u00e9e enrob\u00e9e de chocolat blanc et de p\u00e2te de sp\u00e9culoos<\/p>\n<p>Ingr\u00e9dients : Chocolat blanc 48% (cacao 30% minimum) (sucre, beurre de cacao, LAIT \u00e9cr\u00e9m\u00e9 en poudre, LACTOSERUM en poudre, mati\u00e8re grasse LAITIERE, BEURRE, \u00e9mulsifiant : l\u00e9cithine de tournesol, ar\u00f4me naturel de vanille), AMANDE grill\u00e9e 26%, p\u00e2te de sp\u00e9culoos 22% [sp\u00e9culoos 13% (farine de BLE, sucre, huiles v\u00e9g\u00e9tales (palme, colza), sirop de sucre candi, poudre \u00e0 lever: carbonate acide de sodium, sel, cannelle), huiles v\u00e9g\u00e9tales (colza), sucre, huiles v\u00e9g\u00e9tales totalement hydrog\u00e9n\u00e9es (palme, colza), \u00e9mulsifiant: l\u00e9cithine de tournesol, E472c, ar\u00f4me naturel, acidifiant: E330], beurre de cacao, vernissage (sirop de glucose, sucre, agents d&#8217;enrobage : E904, gomme d&#8217;acacia). Peut contenir d&#8217;autres fruits \u00e0 coque, oeuf, arachides, soja, gluten<\/p>\n","protected":false},"excerpt":{"rendered":"<p>Une d\u00e9licieuse amande enrob\u00e9e de chocolat saveur sp\u00e9culoos. Une gourmandise croquante qui va vous faire craquer\u00a0!<\/p>\n","protected":false},"featured_media":54023,"comment_status":"open","ping_status":"closed","template":"","meta":[],"product_cat":[589,596,29,43],"product_tag":[],"_links":{"self":[{"href":"https:\/\/confiserie-adam.fr\/boutique\/wp-json\/wp\/v2\/product\/399"}],"collection":[{"href":"https:\/\/confiserie-adam.fr\/boutique\/wp-json\/wp\/v2\/product"}],"about":[{"href":"https:\/\/confiserie-adam.fr\/boutique\/wp-json\/wp\/v2\/types\/product"}],"replies":[{"embeddable":true,"href":"https:\/\/confiserie-adam.fr\/boutique\/wp-json\/wp\/v2\/comments?post=399"}],"wp:featuredmedia":[{"embeddable":true,"href":"https:\/\/confiserie-adam.fr\/boutique\/wp-json\/wp\/v2\/media\/54023"}],"wp:attachment":[{"href":"https:\/\/confiserie-adam.fr\/boutique\/wp-json\/wp\/v2\/media?parent=399"}],"wp:term":[{"taxonomy":"product_cat","embeddable":true,"href":"https:\/\/confiserie-adam.fr\/boutique\/wp-json\/wp\/v2\/product_cat?post=399"},{"taxonomy":"product_tag","embeddable":true,"href":"https:\/\/confiserie-adam.fr\/boutique\/wp-json\/wp\/v2\/product_tag?post=399"}],"curies":[{"name":"wp","href":"https:\/\/api.w.org\/{rel}","templated":true}]}}