{"id":39891,"date":"2024-07-15T14:00:38","date_gmt":"2024-07-15T12:00:38","guid":{"rendered":"https:\/\/confiserie-adam.fr\/boutique\/produit\/bonbon-framboise-et-myrtille\/"},"modified":"2026-03-30T18:41:49","modified_gmt":"2026-03-30T16:41:49","slug":"bonbon-framboise-et-myrtille","status":"publish","type":"product","link":"https:\/\/confiserie-adam.fr\/boutique\/produit\/bonbon-framboise-et-myrtille\/","title":{"rendered":"Bonbon Framboise et Myrtille"},"content":{"rendered":"<p>Bonbon myrtille et framboise &#8211; G\u00e9lifi\u00e9 \u00e0 base de pectine saveur myrtille ou framboise<\/p>\n<p>&nbsp;<\/p>\n<p><strong>Confiserie Adam<\/strong><\/p>\n<p>Entreprise familiale qui a \u00e0 c\u0153ur ses clients. Vous offrir \u00e0 la fois le go\u00fbt, le plaisir gustatif et la qualit\u00e9.<\/p>\n<ul>\n<li>Fabrication fran\u00e7aise depuis 1912<\/li>\n<li>Entreprise du Patrimoine Vivant<\/li>\n<li>Ingr\u00e9dients de qualit\u00e9<\/li>\n<\/ul>\n<p>&nbsp;<\/p>\n<p><strong>Conseils de conservation<\/strong><\/p>\n<p>\u00c0 conserver \u00e0 l\u2019abri de la lumi\u00e8re et de l\u2019humidit\u00e9, dans un endroit frais et sec.<\/p>\n<p>&nbsp;<\/p>\n<p><strong><u>Ce produit contient<\/u><\/strong><\/p>\n<p>G\u00e9lifi\u00e9 \u00e0 base de pectine saveur myrtille ou framboise drag\u00e9ifi\u00e9<\/p>\n<p>Ingr\u00e9dients : sucre, g\u00e9lifi\u00e9 \u00e0 base de pectine 32% (sucre, pulpe de pomme, sirop de glucose, pulpe d&#8217;abricot, g\u00e9lifiant : pectine, acidifiant : acide citrique), amidon de riz, stabilisant : gomme d&#8217;acacia, sucre glace (sucre, f\u00e9cule de pomme de terre), sirop de glucose, agents d&#8217;enrobage (cire d&#8217;abeille blanche et jeune, cire de carnauba, shellac), ar\u00f4mes naturels, colorants (E120, E151)<\/p>\n<p>G\u00e9lifi\u00e9 \u00e0 base de pectine fabriqu\u00e9 en UE &#8211; Sucre origine UE<\/p>\n<p>Peut contenir : fruits \u00e0 coque, gluten, arachides, oeuf, lait, soja<\/p>\n","protected":false},"excerpt":{"rendered":"<p>G\u00e9lifi\u00e9 saveur myrtille ou framboise<\/p>\n","protected":false},"featured_media":39903,"comment_status":"open","ping_status":"closed","template":"","meta":[],"product_cat":[15,32,31],"product_tag":[],"_links":{"self":[{"href":"https:\/\/confiserie-adam.fr\/boutique\/wp-json\/wp\/v2\/product\/39891"}],"collection":[{"href":"https:\/\/confiserie-adam.fr\/boutique\/wp-json\/wp\/v2\/product"}],"about":[{"href":"https:\/\/confiserie-adam.fr\/boutique\/wp-json\/wp\/v2\/types\/product"}],"replies":[{"embeddable":true,"href":"https:\/\/confiserie-adam.fr\/boutique\/wp-json\/wp\/v2\/comments?post=39891"}],"wp:featuredmedia":[{"embeddable":true,"href":"https:\/\/confiserie-adam.fr\/boutique\/wp-json\/wp\/v2\/media\/39903"}],"wp:attachment":[{"href":"https:\/\/confiserie-adam.fr\/boutique\/wp-json\/wp\/v2\/media?parent=39891"}],"wp:term":[{"taxonomy":"product_cat","embeddable":true,"href":"https:\/\/confiserie-adam.fr\/boutique\/wp-json\/wp\/v2\/product_cat?post=39891"},{"taxonomy":"product_tag","embeddable":true,"href":"https:\/\/confiserie-adam.fr\/boutique\/wp-json\/wp\/v2\/product_tag?post=39891"}],"curies":[{"name":"wp","href":"https:\/\/api.w.org\/{rel}","templated":true}]}}