{"id":398,"date":"2020-02-24T23:40:06","date_gmt":"2020-02-24T22:40:06","guid":{"rendered":"https:\/\/confiserie-adam.fr\/boutique\/produit\/pate-de-fruit-pomme-chocolat-caramel\/"},"modified":"2026-04-14T18:00:34","modified_gmt":"2026-04-14T16:00:34","slug":"pate-de-fruit-pomme-tatin","status":"publish","type":"product","link":"https:\/\/confiserie-adam.fr\/boutique\/produit\/pate-de-fruit-pomme-tatin\/","title":{"rendered":"P\u00e2te de fruit Pomme Tatin"},"content":{"rendered":"<p>P\u00e2te de fruits pomme enrob\u00e9e au chocolat saveur pomme tatin.<\/p>\n<p>&nbsp;<\/p>\n<p><strong>Ingr\u00e9dients principaux :<\/strong><\/p>\n<ul>\n<li>P\u00e2te de fruits pomme moelleuse<\/li>\n<li>Chocolat caramel fondant<\/li>\n<\/ul>\n<p>&nbsp;<\/p>\n<p><strong>Confiserie Adam<\/strong><\/p>\n<p>Entreprise familiale qui a \u00e0 c\u0153ur ses clients. Vous offrir \u00e0 la fois le go\u00fbt, le plaisir gustatif et la qualit\u00e9.<\/p>\n<ul>\n<li>Fabrication fran\u00e7aise depuis 1912<\/li>\n<li>Entreprise du Patrimoine Vivant<\/li>\n<li>Ingr\u00e9dients de qualit\u00e9<\/li>\n<\/ul>\n<p>&nbsp;<\/p>\n<p><strong>Conseils de conservation<\/strong><\/p>\n<p>\u00c0 conserver \u00e0 l\u2019abri de la lumi\u00e8re et de l\u2019humidit\u00e9, dans un endroit frais et sec.<\/p>\n<p>&nbsp;<\/p>\n<p><strong><u>Ce produit contient <\/u><\/strong><\/p>\n<p>G\u00e9lifi\u00e9 \u00e0 base de pectine et pur\u00e9e de fruits enrob\u00e9 de chocolat au lait, glacage jaune et rouge saveur tarte tatin.<\/p>\n<p>Ingr\u00e9dients : g\u00e9lifi\u00e9s \u00e0 base de pectine et pur\u00e9e de fruits 39% (pur\u00e9e de pomme 20% sucre, sirop de glucose, g\u00e9lifiant : pectine, acidifiant : acide citrique), chocolat au lait 39% (cacao 30% minimum) (sucre, LAIT entier en poudre, beurre de cacao, masse de cacao, \u00e9mulsifiant (l\u00e9cithine de SOJA), ar\u00f4me naturel de vanille), chocolat blanc 20% (cacao 26% minimum) (sucre, beurre de cacao, LAIT entier en poudre, lactos\u00e9rum en poudre (LAIT), \u00e9mulsifiants : l\u00e9cithine de SOJA, E476, ar\u00f4me naturel de vanille, vernissage (sirop de glucose, sucre, agents d&#8217;enrobage : shellac, gomme d&#8217;acacia), ar\u00f4me tarte tatin, colorants (E100, E120)<\/p>\n<p>Int\u00e9rieur g\u00e9lifi\u00e9 et chocolats fabriqu\u00e9s en UE &#8211; F\u00e8ves de cacao origine non UE<\/p>\n<p>Peut contenir : fruits \u00e0 coque, gluten, oeuf, arachides<\/p>\n","protected":false},"excerpt":{"rendered":"<p>Une p\u00e2te de fruits moelleuse pomme enrob\u00e9e de chocolat saveur pomme tatin. Un doux plaisir fruit\u00e9.<\/p>\n","protected":false},"featured_media":39613,"comment_status":"open","ping_status":"closed","template":"","meta":[],"product_cat":[29,41],"product_tag":[],"_links":{"self":[{"href":"https:\/\/confiserie-adam.fr\/boutique\/wp-json\/wp\/v2\/product\/398"}],"collection":[{"href":"https:\/\/confiserie-adam.fr\/boutique\/wp-json\/wp\/v2\/product"}],"about":[{"href":"https:\/\/confiserie-adam.fr\/boutique\/wp-json\/wp\/v2\/types\/product"}],"replies":[{"embeddable":true,"href":"https:\/\/confiserie-adam.fr\/boutique\/wp-json\/wp\/v2\/comments?post=398"}],"wp:featuredmedia":[{"embeddable":true,"href":"https:\/\/confiserie-adam.fr\/boutique\/wp-json\/wp\/v2\/media\/39613"}],"wp:attachment":[{"href":"https:\/\/confiserie-adam.fr\/boutique\/wp-json\/wp\/v2\/media?parent=398"}],"wp:term":[{"taxonomy":"product_cat","embeddable":true,"href":"https:\/\/confiserie-adam.fr\/boutique\/wp-json\/wp\/v2\/product_cat?post=398"},{"taxonomy":"product_tag","embeddable":true,"href":"https:\/\/confiserie-adam.fr\/boutique\/wp-json\/wp\/v2\/product_tag?post=398"}],"curies":[{"name":"wp","href":"https:\/\/api.w.org\/{rel}","templated":true}]}}