{"id":396,"date":"2020-02-24T23:40:01","date_gmt":"2020-02-24T22:40:01","guid":{"rendered":"https:\/\/confiserie-adam.fr\/boutique\/produit\/pate-de-fruit-passion-chocolat\/"},"modified":"2026-04-10T16:38:17","modified_gmt":"2026-04-10T14:38:17","slug":"pate-de-fruit-passion-chocolat","status":"publish","type":"product","link":"https:\/\/confiserie-adam.fr\/boutique\/produit\/pate-de-fruit-passion-chocolat\/","title":{"rendered":"P\u00e2te de fruit Passion chocolat"},"content":{"rendered":"<p>P\u00e2te de fruits fruit de la passion enrob\u00e9e au chocolat.<\/p>\n<p>&nbsp;<\/p>\n<p><strong>Ingr\u00e9dients principaux :<\/strong><\/p>\n<ul>\n<li>P\u00e2te de fruits passion moelleuse<\/li>\n<li>Chocolat fondant<\/li>\n<\/ul>\n<p>&nbsp;<\/p>\n<p><strong>Confiserie Adam<\/strong><\/p>\n<p>Entreprise familiale qui a \u00e0 c\u0153ur ses clients. Vous offrir \u00e0 la fois le go\u00fbt, le plaisir gustatif et la qualit\u00e9.<\/p>\n<ul>\n<li>Fabrication fran\u00e7aise depuis 1912<\/li>\n<li>Entreprise du Patrimoine Vivant<\/li>\n<li>Ingr\u00e9dients de qualit\u00e9<\/li>\n<\/ul>\n<p>&nbsp;<\/p>\n<p><strong>Conseils de conservation<\/strong><\/p>\n<p>A conserver \u00e0 l\u2019abri de la lumi\u00e8re et de l\u2019humidit\u00e9, dans un endroit frais et sec.<\/p>\n<p>&nbsp;<\/p>\n<p><strong><u>Ce produit contient <\/u><\/strong><\/p>\n<p>G\u00e9lifi\u00e9 \u00e0 base de pur\u00e9e de passion enrob\u00e9 de chocolat au lait et de chocolat blanc aromatis\u00e9 saveur passion<\/p>\n<p>Ingr\u00e9dients : coeur g\u00e9lifi\u00e9 39% (pur\u00e9e de fruit de la passion 15%, sucre, sirop de glucose, pur\u00e9e de pomme 4%, g\u00e9lifiant : pectine, correcteur d\u2019acidit\u00e9 : citrate trisodique, acidifiant : acide citrique, acide tartrique), chocolat au LAIT 29% (cacao 30% min.) (sucre, poudre de LAIT entier, beurre de cacao, masse de cacao, poudre de LACTOSERUM, \u00e9mulsifiants : l\u00e9cithine de SOJA, E476, ar\u00f4me naturel de vanille), chocolat blanc 29% (cacao 26% min.) (sucre, beurre de cacao, poudre de LAIT entier, poudre de LACTOSERUM, \u00e9mulsifiants : l\u00e9cithine de SOJA, E476, ar\u00f4me naturel de vanille), vernissage (sirop de glucose, sucre, agents d&#8217;enrobage : E904, gomme d&#8217;acacia), ar\u00f4me naturel, acidifiant : acide citrique, colorant : E160a. Peut contenir : fruits \u00e0 coque, gluten, oeuf, arachides<\/p>\n","protected":false},"excerpt":{"rendered":"<p>Une p\u00e2te de fruits moelleuse fruit de la passion enrob\u00e9e de chocolat fondant. Un doux plaisir fruit\u00e9.<\/p>\n","protected":false},"featured_media":54024,"comment_status":"open","ping_status":"closed","template":"","meta":[],"product_cat":[29,41],"product_tag":[],"_links":{"self":[{"href":"https:\/\/confiserie-adam.fr\/boutique\/wp-json\/wp\/v2\/product\/396"}],"collection":[{"href":"https:\/\/confiserie-adam.fr\/boutique\/wp-json\/wp\/v2\/product"}],"about":[{"href":"https:\/\/confiserie-adam.fr\/boutique\/wp-json\/wp\/v2\/types\/product"}],"replies":[{"embeddable":true,"href":"https:\/\/confiserie-adam.fr\/boutique\/wp-json\/wp\/v2\/comments?post=396"}],"wp:featuredmedia":[{"embeddable":true,"href":"https:\/\/confiserie-adam.fr\/boutique\/wp-json\/wp\/v2\/media\/54024"}],"wp:attachment":[{"href":"https:\/\/confiserie-adam.fr\/boutique\/wp-json\/wp\/v2\/media?parent=396"}],"wp:term":[{"taxonomy":"product_cat","embeddable":true,"href":"https:\/\/confiserie-adam.fr\/boutique\/wp-json\/wp\/v2\/product_cat?post=396"},{"taxonomy":"product_tag","embeddable":true,"href":"https:\/\/confiserie-adam.fr\/boutique\/wp-json\/wp\/v2\/product_tag?post=396"}],"curies":[{"name":"wp","href":"https:\/\/api.w.org\/{rel}","templated":true}]}}