{"id":395,"date":"2020-02-24T23:39:58","date_gmt":"2020-02-24T22:39:58","guid":{"rendered":"https:\/\/confiserie-adam.fr\/boutique\/produit\/pate-de-fruit-framboise-chocolat\/"},"modified":"2026-04-14T18:00:30","modified_gmt":"2026-04-14T16:00:30","slug":"pate-de-fruit-framboise-chocolat","status":"publish","type":"product","link":"https:\/\/confiserie-adam.fr\/boutique\/produit\/pate-de-fruit-framboise-chocolat\/","title":{"rendered":"P\u00e2te de fruit Framboise chocolat"},"content":{"rendered":"<p>P\u00e2te de fruits framboise enrob\u00e9e au chocolat.<\/p>\n<p>&nbsp;<\/p>\n<p><strong>Ingr\u00e9dients principaux :<\/strong><\/p>\n<ul>\n<li>P\u00e2te de fruits framboise moelleuse<\/li>\n<li>Chocolat fondant<\/li>\n<\/ul>\n<p>&nbsp;<\/p>\n<p><strong>Confiserie Adam<\/strong><\/p>\n<p>Entreprise familiale qui a \u00e0 c\u0153ur ses clients. Vous offrir \u00e0 la fois le go\u00fbt, le plaisir gustatif et la qualit\u00e9.<\/p>\n<ul>\n<li>Fabrication fran\u00e7aise depuis 1912<\/li>\n<li>Entreprise du Patrimoine Vivant<\/li>\n<li>Ingr\u00e9dients de qualit\u00e9<\/li>\n<\/ul>\n<p>&nbsp;<\/p>\n<p><strong>Conseils de conservation<\/strong><\/p>\n<p>A conserver \u00e0 l\u2019abri de la lumi\u00e8re et de l\u2019humidit\u00e9, dans un endroit frais et sec.<\/p>\n<p>&nbsp;<\/p>\n<p><strong><u>Ce produit contient <\/u><\/strong><\/p>\n<p>G\u00e9lifi\u00e9 \u00e0 base de pur\u00e9e de fruits enrob\u00e9 de chocolat blanc et de chocolat noir aromatis\u00e9 saveur framboise<\/p>\n<p>Ingr\u00e9dients : chocolat blanc 39% (cacao 26% minimum)(sucre, beurre de cacao, LAIT entier en poudre, LACTOSERUM en poudre, \u00e9mulsifiants : l\u00e9cithine de SOJA, E476, ar\u00f4me naturel de vanille), g\u00e9lifi\u00e9s \u00e0 base de pur\u00e9e de fruits 29% (pur\u00e9e de framboise 12%, sucre, sirop de glucose, pur\u00e9e de pomme 3%, g\u00e9lifiant : pectine, correcteur d\u2019acidit\u00e9 : citrate trisodique, acidifiant : acide citrique, acide tartrique), chocolat noir 29% (cacao 54% minimum) (masse et beurre de cacao, sucre, \u00e9mulsifiant : l\u00e9cithine de SOJA), vernissage (sirop de glucose, sucre, agents d&#8217;enrobage : E904, gomme d&#8217;acacia), ar\u00f4me, colorant : E129. Peut contenir : fruits \u00e0 coque, gluten, oeuf, arachides. E129 : peut avoir des effets ind\u00e9sirables sur l&#8217;activit\u00e9 et l&#8217;attention chez les enfants.<\/p>\n","protected":false},"excerpt":{"rendered":"<p>Une p\u00e2te de fruits moelleuse framboise enrob\u00e9e de chocolat fondant. Un doux plaisir fruit\u00e9.<\/p>\n","protected":false},"featured_media":44406,"comment_status":"open","ping_status":"closed","template":"","meta":[],"product_cat":[29,41],"product_tag":[],"_links":{"self":[{"href":"https:\/\/confiserie-adam.fr\/boutique\/wp-json\/wp\/v2\/product\/395"}],"collection":[{"href":"https:\/\/confiserie-adam.fr\/boutique\/wp-json\/wp\/v2\/product"}],"about":[{"href":"https:\/\/confiserie-adam.fr\/boutique\/wp-json\/wp\/v2\/types\/product"}],"replies":[{"embeddable":true,"href":"https:\/\/confiserie-adam.fr\/boutique\/wp-json\/wp\/v2\/comments?post=395"}],"wp:featuredmedia":[{"embeddable":true,"href":"https:\/\/confiserie-adam.fr\/boutique\/wp-json\/wp\/v2\/media\/44406"}],"wp:attachment":[{"href":"https:\/\/confiserie-adam.fr\/boutique\/wp-json\/wp\/v2\/media?parent=395"}],"wp:term":[{"taxonomy":"product_cat","embeddable":true,"href":"https:\/\/confiserie-adam.fr\/boutique\/wp-json\/wp\/v2\/product_cat?post=395"},{"taxonomy":"product_tag","embeddable":true,"href":"https:\/\/confiserie-adam.fr\/boutique\/wp-json\/wp\/v2\/product_tag?post=395"}],"curies":[{"name":"wp","href":"https:\/\/api.w.org\/{rel}","templated":true}]}}