{"id":39115,"date":"2024-05-30T08:52:52","date_gmt":"2024-05-30T06:52:52","guid":{"rendered":"https:\/\/confiserie-adam.fr\/boutique\/produit\/cereale-chocolat-praline-sesame\/"},"modified":"2026-04-14T18:03:55","modified_gmt":"2026-04-14T16:03:55","slug":"cereale-chocolat-praline-sesame","status":"publish","type":"product","link":"https:\/\/confiserie-adam.fr\/boutique\/produit\/cereale-chocolat-praline-sesame\/","title":{"rendered":"C\u00e9r\u00e9ale chocolat pralin\u00e9 s\u00e9same"},"content":{"rendered":"<p>Bille de c\u00e9r\u00e9ale souffl\u00e9e enrob\u00e9e de chocolat noir et de p\u00e2te pralin\u00e9 noisette avec inclusions de graines de s\u00e9same.<\/p>\n<p>&nbsp;<\/p>\n<p><strong>Ingr\u00e9dients principaux :<\/strong><\/p>\n<ul>\n<li>Bille de c\u00e9r\u00e9ale<\/li>\n<li>Chocolat fondant<\/li>\n<\/ul>\n<p>&nbsp;<\/p>\n<p><strong>Confiserie Adam<\/strong><\/p>\n<p>Entreprise familiale qui a \u00e0 c\u0153ur ses clients. Vous offrir \u00e0 la fois le go\u00fbt, le plaisir gustatif et la qualit\u00e9.<\/p>\n<ul>\n<li>Fabrication fran\u00e7aise depuis 1912<\/li>\n<li>Entreprise du Patrimoine Vivant<\/li>\n<li>Ingr\u00e9dients de qualit\u00e9<\/li>\n<\/ul>\n<p>&nbsp;<\/p>\n<p><strong>Conseils de conservation<\/strong><\/p>\n<p>\u00c0 conserver \u00e0 l\u2019abri de la lumi\u00e8re et de l\u2019humidit\u00e9, dans un endroit frais et sec.<\/p>\n<p>&nbsp;<\/p>\n<p><strong><u>Ce produit contient<\/u><\/strong><\/p>\n<p>Billes de c\u00e9r\u00e9ales souffl\u00e9es enrob\u00e9es de chocolat noir et de p\u00e2te pralin\u00e9 noisette avec inclusions de graines de s\u00e9same<\/p>\n<p>Ingr\u00e9dients : Chocolat noir 50% (cacao 60% minimum) (masse de cacao, sucre, beurre de cacao, \u00e9mulsifiant : l\u00e9cithine de SOJA), p\u00e2te de pralin\u00e9 21% (NOISETTE 10,5%, sucre, \u00e9mulsifiant : l\u00e9cithine de tournesol), S\u00c9SAME blond 16%, bille de c\u00e9r\u00e9ale souffl\u00e9e 13% (farine de BL\u00c9, gluten de BL\u00c9, sucre, farine de malt de BL\u00c9, poudre \u00e0 lever : bicarbonate de sodium, sel), vernissage (sirop de glucose, sucre, agents d&#8217;enrobage shellac, gomme d&#8217;acacia), ar\u00f4me.<\/p>\n<p>Bille de c\u00e9r\u00e9ale et chocolat fabriqu\u00e9s en EU &#8211; F\u00e8ves de cacao origine non UE.<\/p>\n<p>Peut contenir : autres fruits \u00e0 coque, \u0153uf, arachides, lait.<\/p>\n","protected":false},"excerpt":{"rendered":"<p>Une bille de c\u00e9r\u00e9ale souffl\u00e9e enrob\u00e9e de pralin\u00e9 inclusions graines de s\u00e9same.<\/p>\n","protected":false},"featured_media":39117,"comment_status":"open","ping_status":"closed","template":"","meta":[],"product_cat":[29,40,44],"product_tag":[],"_links":{"self":[{"href":"https:\/\/confiserie-adam.fr\/boutique\/wp-json\/wp\/v2\/product\/39115"}],"collection":[{"href":"https:\/\/confiserie-adam.fr\/boutique\/wp-json\/wp\/v2\/product"}],"about":[{"href":"https:\/\/confiserie-adam.fr\/boutique\/wp-json\/wp\/v2\/types\/product"}],"replies":[{"embeddable":true,"href":"https:\/\/confiserie-adam.fr\/boutique\/wp-json\/wp\/v2\/comments?post=39115"}],"wp:featuredmedia":[{"embeddable":true,"href":"https:\/\/confiserie-adam.fr\/boutique\/wp-json\/wp\/v2\/media\/39117"}],"wp:attachment":[{"href":"https:\/\/confiserie-adam.fr\/boutique\/wp-json\/wp\/v2\/media?parent=39115"}],"wp:term":[{"taxonomy":"product_cat","embeddable":true,"href":"https:\/\/confiserie-adam.fr\/boutique\/wp-json\/wp\/v2\/product_cat?post=39115"},{"taxonomy":"product_tag","embeddable":true,"href":"https:\/\/confiserie-adam.fr\/boutique\/wp-json\/wp\/v2\/product_tag?post=39115"}],"curies":[{"name":"wp","href":"https:\/\/api.w.org\/{rel}","templated":true}]}}