{"id":386,"date":"2020-02-24T23:39:38","date_gmt":"2020-02-24T22:39:38","guid":{"rendered":"https:\/\/confiserie-adam.fr\/boutique\/produit\/raisin-macere-eau-de-vie-framboise\/"},"modified":"2026-04-02T18:38:39","modified_gmt":"2026-04-02T16:38:39","slug":"raisin-macere-eau-de-vie-framboise","status":"publish","type":"product","link":"https:\/\/confiserie-adam.fr\/boutique\/produit\/raisin-macere-eau-de-vie-framboise\/","title":{"rendered":"Raisin mac\u00e9r\u00e9 eau de vie Framboise"},"content":{"rendered":"<p>Raisins mac\u00e9r\u00e9s eau de vie Framboise enrob\u00e9s chocolat.<\/p>\n<p>&nbsp;<\/p>\n<p><strong>Ingr\u00e9dients principaux :<\/strong><\/p>\n<ul>\n<li>Raisins mac\u00e9r\u00e9s eau de vie Framboise<\/li>\n<li>Chocolat fondant<\/li>\n<\/ul>\n<p>&nbsp;<\/p>\n<p><strong>Confiserie Adam<\/strong><\/p>\n<p>Entreprise familiale qui a \u00e0 c\u0153ur ses clients. Vous offrir \u00e0 la fois le go\u00fbt, le plaisir gustatif et la qualit\u00e9.<\/p>\n<ul>\n<li>Fabrication fran\u00e7aise depuis 1912<\/li>\n<li>Entreprise du Patrimoine Vivant<\/li>\n<li>Ingr\u00e9dients de qualit\u00e9<\/li>\n<\/ul>\n<p>&nbsp;<\/p>\n<p><strong>Conseils de conservation<\/strong><\/p>\n<p>A conserver \u00e0 l\u2019abri de la lumi\u00e8re et de l\u2019humidit\u00e9, dans un endroit frais et sec.<\/p>\n<p>&nbsp;<\/p>\n<p><strong><u>Ce produit contient <\/u><\/strong><\/p>\n<p>Raisin sec mac\u00e9r\u00e9 \u00e0 l\u2019eau de vie de framboise et enrob\u00e9 de chocolat blanc aromatis\u00e9 saveur framboise<\/p>\n<p>Ingr\u00e9dients : Chocolat blanc 73% (cacao 26% min.)(sucre, beurre de cacao, poudre de LAIT entier, poudre de LACTOSERUM, \u00e9mulsifiants : l\u00e9cithine de SOJA, E476, ar\u00f4me), raisins secs 16% (raisins, huile v\u00e9g\u00e9tale (graine de coton, tournesol ou colza)), sucre glace (sucre, amidon de pomme de terre), sucre, eau de vie de framboise 1,4%, ar\u00f4me, vernissage (sirop de glucose, sucre, agents d&#8217;enrobage : E904, gomme d&#8217;acacia), colorant : E129. Peut contenir : fruits \u00e0 coque, gluten, oeufs, arachides. E129 : peut avoir des effets ind\u00e9sirables sur l&#8217;activit\u00e9 et l&#8217;attention chez les enfants.<\/p>\n","protected":false},"excerpt":{"rendered":"<p>L&#8217;alliance d&#8217;un raisin mac\u00e9r\u00e9 Framboise et du chocolat. Une gourmandise pour les amateurs de saveurs d&#8217;exceptions.<\/p>\n","protected":false},"featured_media":654,"comment_status":"open","ping_status":"closed","template":"","meta":[],"product_cat":[29,55],"product_tag":[],"_links":{"self":[{"href":"https:\/\/confiserie-adam.fr\/boutique\/wp-json\/wp\/v2\/product\/386"}],"collection":[{"href":"https:\/\/confiserie-adam.fr\/boutique\/wp-json\/wp\/v2\/product"}],"about":[{"href":"https:\/\/confiserie-adam.fr\/boutique\/wp-json\/wp\/v2\/types\/product"}],"replies":[{"embeddable":true,"href":"https:\/\/confiserie-adam.fr\/boutique\/wp-json\/wp\/v2\/comments?post=386"}],"wp:featuredmedia":[{"embeddable":true,"href":"https:\/\/confiserie-adam.fr\/boutique\/wp-json\/wp\/v2\/media\/654"}],"wp:attachment":[{"href":"https:\/\/confiserie-adam.fr\/boutique\/wp-json\/wp\/v2\/media?parent=386"}],"wp:term":[{"taxonomy":"product_cat","embeddable":true,"href":"https:\/\/confiserie-adam.fr\/boutique\/wp-json\/wp\/v2\/product_cat?post=386"},{"taxonomy":"product_tag","embeddable":true,"href":"https:\/\/confiserie-adam.fr\/boutique\/wp-json\/wp\/v2\/product_tag?post=386"}],"curies":[{"name":"wp","href":"https:\/\/api.w.org\/{rel}","templated":true}]}}