{"id":384,"date":"2020-02-24T23:39:33","date_gmt":"2020-02-24T22:39:33","guid":{"rendered":"https:\/\/confiserie-adam.fr\/boutique\/produit\/bretzel-chocolat-mirabelle\/"},"modified":"2026-04-02T18:38:37","modified_gmt":"2026-04-02T16:38:37","slug":"bretzel-chocolat-mirabelle","status":"publish","type":"product","link":"https:\/\/confiserie-adam.fr\/boutique\/produit\/bretzel-chocolat-mirabelle\/","title":{"rendered":"Bretzel chocolat mirabelle"},"content":{"rendered":"<p>Bretzel (biscuit sal\u00e9) enrob\u00e9 de chocolat saveur mirabelle.<\/p>\n<p>&nbsp;<\/p>\n<p><strong>Ingr\u00e9dients principaux :<\/strong><\/p>\n<ul>\n<li>Bretzel croustillant<\/li>\n<li>Chocolat fondant saveur mirabelle<\/li>\n<\/ul>\n<p>&nbsp;<\/p>\n<p><strong>Confiserie Adam<\/strong><\/p>\n<p>Entreprise familiale qui a \u00e0 c\u0153ur ses clients. Vous offrir \u00e0 la fois le go\u00fbt, le plaisir gustatif et la qualit\u00e9.<\/p>\n<ul>\n<li>Fabrication fran\u00e7aise depuis 1912<\/li>\n<li>Entreprise du Patrimoine Vivant<\/li>\n<li>Ingr\u00e9dients de qualit\u00e9<\/li>\n<\/ul>\n<p>&nbsp;<\/p>\n<p><strong>Conseils de conservation<\/strong><\/p>\n<p>A conserver \u00e0 l\u2019abri de la lumi\u00e8re et de l\u2019humidit\u00e9, dans un endroit frais et sec.<\/p>\n<p>&nbsp;<\/p>\n<p><strong><u>Ce produit contient <\/u><\/strong><\/p>\n<p>Biscuit sal\u00e9 enrob\u00e9 de chocolat blanc aromatis\u00e9 saveur mirabelle<\/p>\n<p>Ingr\u00e9dients : chocolat blanc 77% (cacao 26% min.)(sucre, beurre de cacao, poudre de LAIT entier, poudre de LACTOSERUM, \u00e9mulsifiants : l\u00e9cithine de SOJA, E476, ar\u00f4me), biscuit sal\u00e9 19% (farine de BLE, huile de tournesol, sel, extrait de malt d&#8217;ORGE, levure), ar\u00f4me, vernissage (sirop de glucose, sucre, agents d&#8217;enrobage : E904, gomme d&#8217;acacia), colorant : E100. Peut contenir : fruits \u00e0 coque, oeuf, arachides<\/p>\n","protected":false},"excerpt":{"rendered":"<p>Un croustillant biscuit sal\u00e9, le traditionnel bretzel alsacien, enrob\u00e9 de chocolat saveur mirabelle. L&#8217;alliance parfaite du croquant et du fondant.<\/p>\n","protected":false},"featured_media":28926,"comment_status":"open","ping_status":"closed","template":"","meta":[],"product_cat":[29,40],"product_tag":[],"_links":{"self":[{"href":"https:\/\/confiserie-adam.fr\/boutique\/wp-json\/wp\/v2\/product\/384"}],"collection":[{"href":"https:\/\/confiserie-adam.fr\/boutique\/wp-json\/wp\/v2\/product"}],"about":[{"href":"https:\/\/confiserie-adam.fr\/boutique\/wp-json\/wp\/v2\/types\/product"}],"replies":[{"embeddable":true,"href":"https:\/\/confiserie-adam.fr\/boutique\/wp-json\/wp\/v2\/comments?post=384"}],"wp:featuredmedia":[{"embeddable":true,"href":"https:\/\/confiserie-adam.fr\/boutique\/wp-json\/wp\/v2\/media\/28926"}],"wp:attachment":[{"href":"https:\/\/confiserie-adam.fr\/boutique\/wp-json\/wp\/v2\/media?parent=384"}],"wp:term":[{"taxonomy":"product_cat","embeddable":true,"href":"https:\/\/confiserie-adam.fr\/boutique\/wp-json\/wp\/v2\/product_cat?post=384"},{"taxonomy":"product_tag","embeddable":true,"href":"https:\/\/confiserie-adam.fr\/boutique\/wp-json\/wp\/v2\/product_tag?post=384"}],"curies":[{"name":"wp","href":"https:\/\/api.w.org\/{rel}","templated":true}]}}