{"id":380,"date":"2020-02-24T23:39:23","date_gmt":"2020-02-24T22:39:23","guid":{"rendered":"https:\/\/confiserie-adam.fr\/boutique\/produit\/guimauve-chocolat-fraise\/"},"modified":"2026-04-04T11:03:25","modified_gmt":"2026-04-04T09:03:25","slug":"guimauve-chocolat-fraise","status":"publish","type":"product","link":"https:\/\/confiserie-adam.fr\/boutique\/produit\/guimauve-chocolat-fraise\/","title":{"rendered":"Guimauve chocolat Fraise"},"content":{"rendered":"<p>Guimauve enrob\u00e9e de chocolat saveur fraise.<\/p>\n<p>&nbsp;<\/p>\n<p><strong>Ingr\u00e9dients principaux :<\/strong><\/p>\n<ul>\n<li>Guimauve tendre<\/li>\n<li>Chocolat saveur fraise<\/li>\n<\/ul>\n<p>&nbsp;<\/p>\n<p><strong>Confiserie Adam<\/strong><\/p>\n<p>Entreprise familiale qui a \u00e0 c\u0153ur ses clients. Vous offrir \u00e0 la fois le go\u00fbt, le plaisir gustatif et la qualit\u00e9.<\/p>\n<ul>\n<li>Fabrication fran\u00e7aise depuis 1912<\/li>\n<li>Entreprise du Patrimoine Vivant<\/li>\n<li>Ingr\u00e9dients de qualit\u00e9<\/li>\n<\/ul>\n<p>&nbsp;<\/p>\n<p><strong>Conseils de conservation<\/strong><\/p>\n<p>A conserver \u00e0 l\u2019abri de la lumi\u00e8re et de l\u2019humidit\u00e9, dans un endroit frais et sec.<\/p>\n<p>&nbsp;<\/p>\n<p><strong><u>Ce produit contient <\/u><\/strong><\/p>\n<p>Guimauve enrob\u00e9e de chocolat blanc aromatis\u00e9 saveur fraise<\/p>\n<p>Ingr\u00e9dients : Chocolat blanc 68% (cacao 26% minimum) (sucre, beurre de cacao, poudre de LAIT entier, poudre de LACTOSERUM, \u00e9mulsifiants : l\u00e9cithine de SOJA, E476, ar\u00f4me), guimauve 29% (sucre, sirop de glucose, g\u00e9lifiant : g\u00e9latine), vernissage (sirop de glucose, sucre, agents d&#8217;enrobage : E904, gomme d&#8217;acacia), ar\u00f4mes, colorant : E162, acidifiant : E330. Peut contenir : gluten, fruits \u00e0 coque, oeuf, arachides.<\/p>\n","protected":false},"excerpt":{"rendered":"<p>Une tendre guimauve enrob\u00e9e de chocolat saveur fraise. Une d\u00e9licieuse petite gourmandise fruit\u00e9e.<\/p>\n","protected":false},"featured_media":44403,"comment_status":"open","ping_status":"closed","template":"","meta":[],"product_cat":[29,42],"product_tag":[],"_links":{"self":[{"href":"https:\/\/confiserie-adam.fr\/boutique\/wp-json\/wp\/v2\/product\/380"}],"collection":[{"href":"https:\/\/confiserie-adam.fr\/boutique\/wp-json\/wp\/v2\/product"}],"about":[{"href":"https:\/\/confiserie-adam.fr\/boutique\/wp-json\/wp\/v2\/types\/product"}],"replies":[{"embeddable":true,"href":"https:\/\/confiserie-adam.fr\/boutique\/wp-json\/wp\/v2\/comments?post=380"}],"wp:featuredmedia":[{"embeddable":true,"href":"https:\/\/confiserie-adam.fr\/boutique\/wp-json\/wp\/v2\/media\/44403"}],"wp:attachment":[{"href":"https:\/\/confiserie-adam.fr\/boutique\/wp-json\/wp\/v2\/media?parent=380"}],"wp:term":[{"taxonomy":"product_cat","embeddable":true,"href":"https:\/\/confiserie-adam.fr\/boutique\/wp-json\/wp\/v2\/product_cat?post=380"},{"taxonomy":"product_tag","embeddable":true,"href":"https:\/\/confiserie-adam.fr\/boutique\/wp-json\/wp\/v2\/product_tag?post=380"}],"curies":[{"name":"wp","href":"https:\/\/api.w.org\/{rel}","templated":true}]}}