{"id":377,"date":"2020-02-24T23:39:14","date_gmt":"2020-02-24T22:39:14","guid":{"rendered":"https:\/\/confiserie-adam.fr\/boutique\/produit\/guimauve-chocolat-creme-brulee\/"},"modified":"2026-04-23T18:40:31","modified_gmt":"2026-04-23T16:40:31","slug":"guimauve-chocolat-creme-brulee","status":"publish","type":"product","link":"https:\/\/confiserie-adam.fr\/boutique\/produit\/guimauve-chocolat-creme-brulee\/","title":{"rendered":"Guimauve chocolat Cr\u00e8me br\u00fbl\u00e9e"},"content":{"rendered":"<p>Guimauve enrob\u00e9e de chocolat saveur cr\u00e8me br\u00fbl\u00e9e.<\/p>\n<p>&nbsp;<\/p>\n<p><strong>Ingr\u00e9dients principaux :<\/strong><\/p>\n<ul>\n<li>Guimauve tendre<\/li>\n<li>Chocolat saveur cr\u00e8me br\u00fbl\u00e9e<\/li>\n<\/ul>\n<p>&nbsp;<\/p>\n<p><strong>Confiserie Adam<\/strong><\/p>\n<p>Entreprise familiale qui a \u00e0 c\u0153ur ses clients. Vous offrir \u00e0 la fois le go\u00fbt, le plaisir gustatif et la qualit\u00e9.<\/p>\n<ul>\n<li>Fabrication fran\u00e7aise depuis 1912<\/li>\n<li>Entreprise du Patrimoine Vivant<\/li>\n<li>Ingr\u00e9dients de qualit\u00e9<\/li>\n<\/ul>\n<p>&nbsp;<\/p>\n<p><strong>Conseils de conservation<\/strong><\/p>\n<p>A conserver \u00e0 l\u2019abri de la lumi\u00e8re et de l\u2019humidit\u00e9, dans un endroit frais et sec.<\/p>\n<p>&nbsp;<\/p>\n<p><strong><u>Ce produit contient <\/u><\/strong><\/p>\n<p>Guimauve enrob\u00e9e de chocolat blanc et de chocolat noir aromatis\u00e9 saveur cr\u00e8me br\u00fbl\u00e9e<\/p>\n<p>Ingr\u00e9dients : Chocolat blanc 68% (cacao 30% minimum) (sucre, beurre de cacao, LAIT \u00e9cr\u00e9m\u00e9 en poudre, LACTOSERUM en poudre, mati\u00e8re grasse LAITIERE, BEURRE, \u00e9mulsifiant : l\u00e9cithine de tournesol, ar\u00f4me naturel de vanille), guimauve 29% (sucre, sirop de glucose, g\u00e9lifiant : g\u00e9latine), vernissage (sirop de glucose, sucre, agents d&#8217;enrobage : E904, gomme d&#8217;acacia), beurre de cacao, chocolat noir (cacao 60% minimum) (masse et beurre de cacao, sucre, \u00e9mulsifiant : l\u00e9cithine de SOJA), ar\u00f4me. Peut contenir : fruits \u00e0 coque, gluten, oeuf, arachides.<\/p>\n","protected":false},"excerpt":{"rendered":"<p>Une tendre guimauve enrob\u00e9e de chocolat saveur cr\u00e8me br\u00fbl\u00e9e. Un d\u00e9licieux petit dessert gourmand.<\/p>\n","protected":false},"featured_media":29931,"comment_status":"open","ping_status":"closed","template":"","meta":[],"product_cat":[29,42],"product_tag":[],"_links":{"self":[{"href":"https:\/\/confiserie-adam.fr\/boutique\/wp-json\/wp\/v2\/product\/377"}],"collection":[{"href":"https:\/\/confiserie-adam.fr\/boutique\/wp-json\/wp\/v2\/product"}],"about":[{"href":"https:\/\/confiserie-adam.fr\/boutique\/wp-json\/wp\/v2\/types\/product"}],"replies":[{"embeddable":true,"href":"https:\/\/confiserie-adam.fr\/boutique\/wp-json\/wp\/v2\/comments?post=377"}],"wp:featuredmedia":[{"embeddable":true,"href":"https:\/\/confiserie-adam.fr\/boutique\/wp-json\/wp\/v2\/media\/29931"}],"wp:attachment":[{"href":"https:\/\/confiserie-adam.fr\/boutique\/wp-json\/wp\/v2\/media?parent=377"}],"wp:term":[{"taxonomy":"product_cat","embeddable":true,"href":"https:\/\/confiserie-adam.fr\/boutique\/wp-json\/wp\/v2\/product_cat?post=377"},{"taxonomy":"product_tag","embeddable":true,"href":"https:\/\/confiserie-adam.fr\/boutique\/wp-json\/wp\/v2\/product_tag?post=377"}],"curies":[{"name":"wp","href":"https:\/\/api.w.org\/{rel}","templated":true}]}}