{"id":370,"date":"2020-02-24T23:38:57","date_gmt":"2020-02-24T22:38:57","guid":{"rendered":"https:\/\/confiserie-adam.fr\/boutique\/produit\/dragee-mini-coeur-chocolat-73-argent\/"},"modified":"2026-04-14T17:59:48","modified_gmt":"2026-04-14T15:59:48","slug":"dragee-mini-coeur-chocolat-noir-coloris-argent","status":"publish","type":"product","link":"https:\/\/confiserie-adam.fr\/boutique\/produit\/dragee-mini-coeur-chocolat-noir-coloris-argent\/","title":{"rendered":"Drag\u00e9e mini c\u0153ur chocolat noir &#8211; Coloris Argent"},"content":{"rendered":"<p>Chocolat sous une fine couche de sucre &#8211; forme mini coeur, coloris argent.<\/p>\n<p>&nbsp;<\/p>\n<p><em>Environ 340 pi\u00e8ces par sachet (donn\u00e9es \u00e0 titre indicatif \u00e0 plus ou moins 15 pi\u00e8ces).<\/em><\/p>\n<p>&nbsp;<\/p>\n<p><strong>Ingr\u00e9dients principaux :<\/strong><\/p>\n<ul>\n<li>Chocolat noir<\/li>\n<li>Sucre<\/li>\n<\/ul>\n<p>&nbsp;<\/p>\n<p><strong>Confiserie Adam<\/strong><\/p>\n<p>Entreprise familiale qui a \u00e0 c\u0153ur ses clients. Vous offrir \u00e0 la fois le go\u00fbt, le plaisir gustatif et la qualit\u00e9.<\/p>\n<ul>\n<li>Fabrication fran\u00e7aise depuis 1912<\/li>\n<li>Entreprise du Patrimoine Vivant<\/li>\n<li>Ingr\u00e9dients de qualit\u00e9<\/li>\n<\/ul>\n<p>&nbsp;<\/p>\n<p><strong>Conseils de conservation<\/strong><\/p>\n<p>A conserver \u00e0 l\u2019abri de la lumi\u00e8re et de l\u2019humidit\u00e9, dans un endroit frais et sec.<\/p>\n<p>&nbsp;<\/p>\n<p><strong><u>Ce produit contient <\/u><\/strong><\/p>\n<p>Drag\u00e9es au chocolat<\/p>\n<p>Ingr\u00e9dients : sucre, chocolat noir 29% (cacao 48% minimum) (sucre, masse de cacao, beurre de cacao, \u00e9mulsifiant : l\u00e9cithine de SOJA, ar\u00f4me), amidon de riz et de ma\u00efs, g\u00e9lifiants : maltodextrine, gomma arabique, ar\u00f4me, agent d&#8217;enrobage : cire de carnauba, colorant : E174. Peut contenir : fruits \u00e0 coque, gluten, oeuf, arachides, lait.<\/p>\n","protected":false},"excerpt":{"rendered":"<p>La drag\u00e9e dans sa version mini c\u0153ur au chocolat fondant 71% de cacao.<\/p>\n","protected":false},"featured_media":48820,"comment_status":"open","ping_status":"closed","template":"","meta":[],"product_cat":[30,46],"product_tag":[],"_links":{"self":[{"href":"https:\/\/confiserie-adam.fr\/boutique\/wp-json\/wp\/v2\/product\/370"}],"collection":[{"href":"https:\/\/confiserie-adam.fr\/boutique\/wp-json\/wp\/v2\/product"}],"about":[{"href":"https:\/\/confiserie-adam.fr\/boutique\/wp-json\/wp\/v2\/types\/product"}],"replies":[{"embeddable":true,"href":"https:\/\/confiserie-adam.fr\/boutique\/wp-json\/wp\/v2\/comments?post=370"}],"wp:featuredmedia":[{"embeddable":true,"href":"https:\/\/confiserie-adam.fr\/boutique\/wp-json\/wp\/v2\/media\/48820"}],"wp:attachment":[{"href":"https:\/\/confiserie-adam.fr\/boutique\/wp-json\/wp\/v2\/media?parent=370"}],"wp:term":[{"taxonomy":"product_cat","embeddable":true,"href":"https:\/\/confiserie-adam.fr\/boutique\/wp-json\/wp\/v2\/product_cat?post=370"},{"taxonomy":"product_tag","embeddable":true,"href":"https:\/\/confiserie-adam.fr\/boutique\/wp-json\/wp\/v2\/product_tag?post=370"}],"curies":[{"name":"wp","href":"https:\/\/api.w.org\/{rel}","templated":true}]}}