{"id":365,"date":"2020-02-24T23:38:44","date_gmt":"2020-02-24T22:38:44","guid":{"rendered":"https:\/\/confiserie-adam.fr\/boutique\/produit\/soufflages-bebes-tendresse\/"},"modified":"2026-04-17T15:43:53","modified_gmt":"2026-04-17T13:43:53","slug":"bonbons-soufflages-meringues-bebes-tendresse","status":"publish","type":"product","link":"https:\/\/confiserie-adam.fr\/boutique\/produit\/bonbons-soufflages-meringues-bebes-tendresse\/","title":{"rendered":"Bonbons soufflages meringu\u00e9s -b\u00e9b\u00e9s Tendresse"},"content":{"rendered":"<p>Soufflages Tendresse<\/p>\n<p>&nbsp;<\/p>\n<p><strong>Confiserie Adam<\/strong><\/p>\n<p>Entreprise familiale qui a \u00e0 c\u0153ur ses clients. Vous offrir \u00e0 la fois le go\u00fbt, le plaisir gustatif et la qualit\u00e9.<\/p>\n<ul>\n<li>Fabrication fran\u00e7aise depuis 1912<\/li>\n<li>Entreprise du Patrimoine Vivant<\/li>\n<li>Ingr\u00e9dients de qualit\u00e9<\/li>\n<\/ul>\n<p>&nbsp;<\/p>\n<p><strong>Conseils de conservation<\/strong><\/p>\n<p>A conserver \u00e0 l\u2019abri de la lumi\u00e8re et de l\u2019humidit\u00e9, dans un endroit frais et sec.<\/p>\n<p>&nbsp;<\/p>\n<p><strong><u>Ce produit contient <\/u><\/strong><\/p>\n<p>Confiserie meringu\u00e9e fantaisie aromatis\u00e9e saveurs vanille, citron, orange, banane ou pomme et fraise ou framboise<\/p>\n<p>Ingr\u00e9dients : sucre, sirop de glucose, g\u00e9lifiant : g\u00e9latine, acidifiant : acide citrique, ar\u00f4mes naturels, colorants : complexes cuivriques de chlorophyllines, rouge de betterave<\/p>\n","protected":false},"excerpt":{"rendered":"<p>Les soufflages meringu\u00e9s tendres et fondants.<\/p>\n","protected":false},"featured_media":527,"comment_status":"open","ping_status":"closed","template":"","meta":[],"product_cat":[584,15,33],"product_tag":[],"_links":{"self":[{"href":"https:\/\/confiserie-adam.fr\/boutique\/wp-json\/wp\/v2\/product\/365"}],"collection":[{"href":"https:\/\/confiserie-adam.fr\/boutique\/wp-json\/wp\/v2\/product"}],"about":[{"href":"https:\/\/confiserie-adam.fr\/boutique\/wp-json\/wp\/v2\/types\/product"}],"replies":[{"embeddable":true,"href":"https:\/\/confiserie-adam.fr\/boutique\/wp-json\/wp\/v2\/comments?post=365"}],"wp:featuredmedia":[{"embeddable":true,"href":"https:\/\/confiserie-adam.fr\/boutique\/wp-json\/wp\/v2\/media\/527"}],"wp:attachment":[{"href":"https:\/\/confiserie-adam.fr\/boutique\/wp-json\/wp\/v2\/media?parent=365"}],"wp:term":[{"taxonomy":"product_cat","embeddable":true,"href":"https:\/\/confiserie-adam.fr\/boutique\/wp-json\/wp\/v2\/product_cat?post=365"},{"taxonomy":"product_tag","embeddable":true,"href":"https:\/\/confiserie-adam.fr\/boutique\/wp-json\/wp\/v2\/product_tag?post=365"}],"curies":[{"name":"wp","href":"https:\/\/api.w.org\/{rel}","templated":true}]}}