{"id":35749,"date":"2024-03-07T17:09:02","date_gmt":"2024-03-07T16:09:02","guid":{"rendered":"https:\/\/confiserie-adam.fr\/boutique\/produit\/chocococcinelle\/"},"modified":"2026-03-28T08:37:19","modified_gmt":"2026-03-28T07:37:19","slug":"chocococcinelle","status":"publish","type":"product","link":"https:\/\/confiserie-adam.fr\/boutique\/produit\/chocococcinelle\/","title":{"rendered":"Choco&#8217;Coccinelle"},"content":{"rendered":"<p>Sachet contenant :<\/p>\n<ul>\n<li>Un moulage Coccinelle chocolat au lait H 10,5cm<\/li>\n<li>Une boite d&#8217;infusions La Source des Coccinelles : 5 infusettes aux notes de pomme, hibiscus, framboise, fruits rouges et f\u00e8ve tonka<\/li>\n<\/ul>\n<p>&nbsp;<\/p>\n<p><strong>Confiserie Adam<\/strong><\/p>\n<p>Entreprise familiale qui a \u00e0 c\u0153ur ses clients. Vous offrir \u00e0 la fois le go\u00fbt, le plaisir gustatif et la qualit\u00e9.<\/p>\n<ul>\n<li>Fabrication fran\u00e7aise depuis 1912<\/li>\n<li>Entreprise du Patrimoine Vivant<\/li>\n<li>Ingr\u00e9dients de qualit\u00e9<\/li>\n<\/ul>\n<p>&nbsp;<\/p>\n<p><strong>Conseils de conservation<\/strong><\/p>\n<p>\u00c0 conserver \u00e0 l\u2019abri de la lumi\u00e8re et de l\u2019humidit\u00e9, dans un endroit frais et sec.<\/p>\n<p>&nbsp;<\/p>\n<p><strong><u>Ce produit contient<\/u><\/strong><\/p>\n<p><strong>Tisane aromatis\u00e9e <\/strong><\/p>\n<p>Ingr\u00e9dients :\u00a0 morceaux de pomme bio, hibiscus bio, morceaux de framboise bio, ar\u00f4me naturel de fruits rouges, ar\u00f4me naturel de f\u00e8ve tonka<\/p>\n<p>&nbsp;<\/p>\n<p><strong>Moulage en chocolat au lait d\u00e9cor chocolat noir et chocolat blanc <\/strong>&#8211; Chocolat au LAIT : cacao 30% min.<\/p>\n<p>Ingr\u00e9dients : sucre, LAIT entier en poudre, beurre de cacao, masse de cacao, lactos\u00e9rum en poudre (LAIT), \u00e9mulsifiants : l\u00e9cithine (SOJA), E476, ar\u00f4me naturel de vanille.<\/p>\n<p>D\u00e9cor chocolat blanc (cacao 26% min.)- Ingr\u00e9dients : sucre, beurre de cacao, LAIT entier en poudre, lactos\u00e9rum en poudre (LAIT), \u00e9mulsifiants : l\u00e9cithine (SOJA), E476, ar\u00f4me naturel de vanille.<\/p>\n<p>D\u00e9cor chocolat noir (cacao 70% min.)- Ingr\u00e9dients : masse de cacao, sucre, \u00e9mulsifiant : l\u00e9cithine (SOJA).<\/p>\n","protected":false},"excerpt":{"rendered":"<p>Un moulage Coccinelle chocolat au lait accompagn\u00e9 d&#8217;une boite de 5 infusettes fruit\u00e9es.<\/p>\n","protected":false},"featured_media":35802,"comment_status":"open","ping_status":"closed","template":"","meta":[],"product_cat":[589,592,595,27],"product_tag":[],"_links":{"self":[{"href":"https:\/\/confiserie-adam.fr\/boutique\/wp-json\/wp\/v2\/product\/35749"}],"collection":[{"href":"https:\/\/confiserie-adam.fr\/boutique\/wp-json\/wp\/v2\/product"}],"about":[{"href":"https:\/\/confiserie-adam.fr\/boutique\/wp-json\/wp\/v2\/types\/product"}],"replies":[{"embeddable":true,"href":"https:\/\/confiserie-adam.fr\/boutique\/wp-json\/wp\/v2\/comments?post=35749"}],"wp:featuredmedia":[{"embeddable":true,"href":"https:\/\/confiserie-adam.fr\/boutique\/wp-json\/wp\/v2\/media\/35802"}],"wp:attachment":[{"href":"https:\/\/confiserie-adam.fr\/boutique\/wp-json\/wp\/v2\/media?parent=35749"}],"wp:term":[{"taxonomy":"product_cat","embeddable":true,"href":"https:\/\/confiserie-adam.fr\/boutique\/wp-json\/wp\/v2\/product_cat?post=35749"},{"taxonomy":"product_tag","embeddable":true,"href":"https:\/\/confiserie-adam.fr\/boutique\/wp-json\/wp\/v2\/product_tag?post=35749"}],"curies":[{"name":"wp","href":"https:\/\/api.w.org\/{rel}","templated":true}]}}