{"id":35368,"date":"2024-03-01T10:24:35","date_gmt":"2024-03-01T09:24:35","guid":{"rendered":"https:\/\/confiserie-adam.fr\/boutique\/produit\/caroline-chocolat-blanc\/"},"modified":"2026-04-23T08:57:47","modified_gmt":"2026-04-23T06:57:47","slug":"caroline-chocolat-blanc","status":"publish","type":"product","link":"https:\/\/confiserie-adam.fr\/boutique\/produit\/caroline-chocolat-blanc\/","title":{"rendered":"Caroline \u2013 Chocolat blanc"},"content":{"rendered":"<p>Moulage chocolat blanc &#8211; Caroline &#8211; H13cm<\/p>\n<p><span>Sans colorants &amp; 100% pur beurre de cacao.<\/span><\/p>\n<p>&nbsp;<\/p>\n<p><strong>Confiserie Adam<\/strong><\/p>\n<p>Entreprise familiale qui a \u00e0 c\u0153ur ses clients. Vous offrir \u00e0 la fois le go\u00fbt, le plaisir gustatif et la qualit\u00e9.<\/p>\n<ul>\n<li>Fabrication fran\u00e7aise depuis 1912<\/li>\n<li>Entreprise du Patrimoine Vivant<\/li>\n<li>Ingr\u00e9dients de qualit\u00e9<\/li>\n<\/ul>\n<p>&nbsp;<\/p>\n<p><strong>Conseils de conservation<\/strong><\/p>\n<p>\u00c0 conserver \u00e0 l\u2019abri de la lumi\u00e8re et de l\u2019humidit\u00e9, dans un endroit frais et sec.<\/p>\n<p>&nbsp;<\/p>\n<p><strong><u>Ce produit contient<\/u><\/strong><\/p>\n<p><strong>Moulage chocolat blanc\u00a0<\/strong><\/p>\n<p><strong>Ingr\u00e9dients\u00a0:<\/strong> sucre, beurre de cacao, LAIT entier en poudre, \u00e9mulsifiants : l\u00e9cithine de SOJA, ar\u00f4me naturel de vanille. Peut contenir : fruits \u00e0 coque, gluten, \u0153uf, arachides.<\/p>\n<p>Chocolat blanc : cacao 29% minimum<\/p>\n<p>Chocolat fabriqu\u00e9 en UE &#8211; F\u00e8ves de cacao origine non UE.<\/p>\n","protected":false},"excerpt":{"rendered":"<p>Une sympathique tortue au chocolat blanc.<\/p>\n","protected":false},"featured_media":35372,"comment_status":"open","ping_status":"closed","template":"","meta":[],"product_cat":[48,654],"product_tag":[],"_links":{"self":[{"href":"https:\/\/confiserie-adam.fr\/boutique\/wp-json\/wp\/v2\/product\/35368"}],"collection":[{"href":"https:\/\/confiserie-adam.fr\/boutique\/wp-json\/wp\/v2\/product"}],"about":[{"href":"https:\/\/confiserie-adam.fr\/boutique\/wp-json\/wp\/v2\/types\/product"}],"replies":[{"embeddable":true,"href":"https:\/\/confiserie-adam.fr\/boutique\/wp-json\/wp\/v2\/comments?post=35368"}],"wp:featuredmedia":[{"embeddable":true,"href":"https:\/\/confiserie-adam.fr\/boutique\/wp-json\/wp\/v2\/media\/35372"}],"wp:attachment":[{"href":"https:\/\/confiserie-adam.fr\/boutique\/wp-json\/wp\/v2\/media?parent=35368"}],"wp:term":[{"taxonomy":"product_cat","embeddable":true,"href":"https:\/\/confiserie-adam.fr\/boutique\/wp-json\/wp\/v2\/product_cat?post=35368"},{"taxonomy":"product_tag","embeddable":true,"href":"https:\/\/confiserie-adam.fr\/boutique\/wp-json\/wp\/v2\/product_tag?post=35368"}],"curies":[{"name":"wp","href":"https:\/\/api.w.org\/{rel}","templated":true}]}}